{"id":4854,"date":"2025-01-23T10:02:16","date_gmt":"2025-01-23T10:02:16","guid":{"rendered":"https:\/\/bwarabia.com\/dz\/?page_id=4854"},"modified":"2025-01-28T14:21:08","modified_gmt":"2025-01-28T14:21:08","slug":"presentation-de-crazy-time-live-un-jeu-de-casino-en-ligne-passionnant","status":"publish","type":"page","link":"https:\/\/bwarabia.com\/dz\/fr\/casino-enligne\/presentation-de-crazy-time-live-un-jeu-de-casino-en-ligne-passionnant\/","title":{"rendered":"Pr\u00e9sentation de Crazy Time Live \u2013 Un Jeu de Casino En Ligne Passionnant"},"content":{"rendered":"<h1>Pr\u00e9sentation de Crazy Time Live \u2013 Un Jeu de Casino En Ligne Passionnant<\/h1>\n<p>Crazy Time Live est un jeu amusant et excitant, avec des multiplicateurs allant jusqu&rsquo;\u00e0 25 000x, ce qui en fait l&rsquo;un de nos meilleurs jeux de <a href=\"https:\/\/bwarabia.com\/dz\/fr\/casino-enligne\/\">casino <\/a>en ligne pour 2025.<\/p>\n<p>Diffus\u00e9 en direct avec de v\u00e9ritables croupiers, Crazy Time Live est un jeu de roue de la fortune o\u00f9 vous aurez l&rsquo;opportunit\u00e9 de gagner de gros multiplicateurs et de d\u00e9bloquer quatre fonctionnalit\u00e9s bonus innovantes.<\/p>\n<p>Install\u00e9 dans un studio spacieux et dynamique, Crazy Time Live comprend sa roue principale, un rouleau sup\u00e9rieur au-dessus de la roue principale, ainsi que quatre jeux bonus : Cash Hunt, Pachinko, Coin Flip et Crazy Time. Et dans deux de ces jeux bonus, vous pourrez choisir votre prix.<\/p>\n<p>Et si vous recherchez de super jeux de casino en ligne que vous pouvez jouer en d\u00e9placement, notre jeu Crazy Time Live est parfait, car vous pouvez y jouer sur votre tablette, t\u00e9l\u00e9phone portable ou bureau.<\/p>\n<p>Pr\u00eat \u00e0 jouer sur l\u2019un des meilleurs casinos en ligne ? Alors, assurez-vous de visiter Betway Live Casino en ligne.<\/p>\n<p>&nbsp;<\/p>\n<h2><strong>Comment Jouer \u00e0 Crazy Time Live<\/strong><\/h2>\n<p>Si vous jouez pour de l&rsquo;argent r\u00e9el en ligne, voici comment proc\u00e9der.<\/p>\n<p>D&rsquo;abord, la roue g\u00e9ante sera lanc\u00e9e, et lorsqu&rsquo;elle s&rsquo;arr\u00eate, elle atterrit soit sur un num\u00e9ro, soit sur un tour bonus. Vous devez parier sur un num\u00e9ro ou un tour bonus et si la roue atterrit sur votre choix, vous gagnez.<\/p>\n<p>Mais ce qui fait de Crazy Time Live l&rsquo;un des meilleurs jeux de casino en ligne, c&rsquo;est la fonctionnalit\u00e9 du rouleau sup\u00e9rieur.<\/p>\n<p>Le rouleau sup\u00e9rieur est situ\u00e9 au-dessus de la roue principale et tourne en m\u00eame temps que la roue au d\u00e9but de chaque tour de Crazy Time. Ce rouleau sup\u00e9rieur peut atterrir sur un multiplicateur al\u00e9atoire qui peut augmenter votre pari pour un paiement plus important si vous gagnez sur la roue principale.<\/p>\n<p>Le multiplicateur du rouleau sup\u00e9rieur peut soit multiplier un pari sur un num\u00e9ro, soit multiplier les multiplicateurs dans un jeu bonus \u2013 tout d\u00e9pend de l\u2019endroit o\u00f9 la roue s\u2019arr\u00eate.<\/p>\n<p>&nbsp;<\/p>\n<h2><strong>Rondes Bonus de Crazy Time Live :<\/strong><\/h2>\n<p>Si la roue principale atterrit sur un des tours bonus, ce tour sera d\u00e9bloqu\u00e9 pour les joueurs qui ont pari\u00e9 dessus.<\/p>\n<p>Et si vous \u00eates int\u00e9ress\u00e9 par les jeux d&rsquo;argent en ligne pour de l&rsquo;argent r\u00e9el, c&rsquo;est ici que vous aurez une chance de gros gains.<\/p>\n<p>Le premier tour bonus est Cash Hunt, une galerie de tir avec 108 multiplicateurs al\u00e9atoires. Les multiplicateurs sont cach\u00e9s derri\u00e8re des symboles et sont m\u00e9lang\u00e9s. Vous aurez l&rsquo;occasion de deviner o\u00f9 se trouve le plus grand multiplicateur et de s\u00e9lectionner la cible. Lorsque le temps est \u00e9coul\u00e9, les multiplicateurs seront r\u00e9v\u00e9l\u00e9s. Chaque joueur choisit sa propre cible dans ce tour bonus interactif, ce qui signifie que chaque joueur remporte un multiplicateur diff\u00e9rent.<\/p>\n<p>Le deuxi\u00e8me tour bonus est Coin Flip. Comme son nom l&rsquo;indique, il y aura un lancer de pi\u00e8ce et vous gagnerez un multiplicateur en argent r\u00e9el qui multiplierait votre pari. La caract\u00e9ristique incroyable de Coin Flip est que vous \u00eates assur\u00e9 de gagner. Avant le lancer, deux multiplicateurs seront g\u00e9n\u00e9r\u00e9s, un pour le c\u00f4t\u00e9 rouge et un pour le bleu \u2013 donc, peu importe de quel c\u00f4t\u00e9 il tombe, vous gagnerez. Il vous suffit de choisir quel c\u00f4t\u00e9 vous pr\u00e9f\u00e9rez.<\/p>\n<p>Le tour bonus Pachinko est bas\u00e9 sur le jeu classique Pachinko. Pour ceux qui ne connaissent pas, Pachinko est un grand mur avec des chevilles. Un disque est l\u00e2ch\u00e9 du sommet du mur et rebondit \u00e0 travers les chevilles avant d&rsquo;atterrir en bas. Vous gagnerez le multiplicateur o\u00f9 le disque se pose. Si vous obtenez un \u2018DOUBLE\u2019, tous les multiplicateurs en bas du mur seront doubl\u00e9s, et le disque sera relanc\u00e9 jusqu&rsquo;\u00e0 ce qu&rsquo;un multiplicateur soit remport\u00e9 \u2013 ces multiplicateurs peuvent atteindre jusqu&rsquo;\u00e0 10 000x.<\/p>\n<p>Enfin, le principal bonus qui donne son nom \u00e0 ce jeu de casino en ligne : Crazy Time. Si ce tour bonus est activ\u00e9, une immense roue appara\u00eetra. Vous devrez choisir une fl\u00e8che au sommet de la roue et le multiplicateur qui s&rsquo;y trouve sera votre prix. Et la roue pourra \u00eatre relanc\u00e9e jusqu&rsquo;\u00e0 ce que les multiplicateurs atteignent le maximum de 20 000x.<\/p>\n<p>&nbsp;<\/p>\n<h2><strong>Autres Jeux de Casino en Direct<\/strong><\/h2>\n<p>Si vous \u00eates int\u00e9ress\u00e9 par nos jeux de Casino en Direct en ligne, d\u00e9couvrez quelques-uns des favoris de nos joueurs, comme la Roulette Arabe, le Blackjack en Direct, et bien plus encore.<\/p>\n<p>Affrontez nos tables de Roulette en ligne avec nos v\u00e9ritables croupiers. Profitez de l&rsquo;exp\u00e9rience immersive du casino en direct avec une vue \u00e0 plusieurs cam\u00e9ras, vous rapprochant de l\u2019action. Choisissez la vue de jeu qui vous convient le mieux et exploitez ses nombreuses fonctionnalit\u00e9s telles que l&rsquo;autoplay, des statistiques d\u00e9taill\u00e9es, le chat en direct, et la possibilit\u00e9 de sauvegarder jusqu\u2019\u00e0 15 paris favoris.<\/p>\n<p>Pour quelque chose de plus palpitant, essayez Lightning Roulette &#8211; une version \u00e9lectrisante du jeu de table mondialement connu avec des multiplicateurs allant jusqu&rsquo;\u00e0 500x qui peuvent appara\u00eetre \u00e0 tout moment.<\/p>\n<p>Si vous \u00eates un amateur de roulette en ligne, jetez un \u0153il \u00e0 notre table de Roulette Arabe. Vous pouvez discuter avec nos h\u00f4tes en arabe tout en jouant \u00e0 la roulette en ligne. Chez Betway, nous visons \u00e0 \u00eatre l\u2019un des meilleurs casinos en ligne, vous offrant la possibilit\u00e9 de jouer pour de l&rsquo;argent r\u00e9el et dans votre langue maternelle. Et vous pouvez faire les deux \u00e0 la Roulette Arabe.<\/p>\n<p>Pour un autre classique du casino, notre Blackjack en Direct est la vraie affaire. Parfait pour tous les niveaux de joueurs, cette version en direct vous permet \u00e9galement de jouer partout, \u00e0 tout moment.<\/p>\n<p>Quel jeu allez-vous essayer ?<\/p>\n","protected":false},"excerpt":{"rendered":"<p>Pr\u00e9sentation de Crazy Time Live \u2013 Un Jeu de Casino En Ligne Passionnant Crazy Time Live est un jeu amusant et excitant, avec des multiplicateurs allant jusqu&rsquo;\u00e0 25 000x, ce qui en fait l&rsquo;un de nos meilleurs jeux de casino en ligne pour 2025. Diffus\u00e9 en direct avec de v\u00e9ritables croupiers, Crazy Time Live est [&hellip;]<\/p>\n","protected":false},"author":10,"featured_media":4855,"parent":846,"menu_order":0,"comment_status":"closed","ping_status":"closed","template":"newseopages.php","meta":{"_acf_changed":false,"_yoast_wpseo_title":"","_yoast_wpseo_metadesc":"Betway Algerie - Jouez \u00e0 Crazy Time Live, le jeu de casino en ligne palpitant avec des multiplicateurs jusqu'\u00e0 25 000x et des tours bonus!","footnotes":"","href_lang_slug_x_default":"","href_lang_slug_ae":"{\"ar\": {\"ae\": \"https:\/\/bwarabia.com\/ae\/ar\/casino\/%d9%86%d9%82%d8%af%d9%85-%d9%84%d9%83%d9%85-%d9%83%d8%b1%d8%a7%d9%8a%d8%b2%d9%8a-%d8%aa%d8%a7%d9%8a%d9%85-%d9%84%d8%a7%d9%8a%d9%81-%d9%84%d8%b9%d8%a8%d8%a9-%d9%83%d8%a7%d8%b2%d9%8a%d9%86\"}, \"en\": {\"ae\": \"https:\/\/bwarabia.com\/ae\/casino\/introducing-crazy-time-live-a-great-online-casino-game\"}}","href_lang_slug_sa":"{\"ar\": {\"sa\": \"https:\/\/bwarabia.com\/sa\/ar\/%d8%a7%d9%84%d9%83%d8%a7%d8%b2%d9%8a%d9%86%d9%88%d9%87%d8%a7%d8%aa-%d8%b9%d9%84%d9%89-%d8%a7%d9%84%d8%a5%d9%86%d8%aa%d8%b1%d9%86%d8%aa\/%d9%86%d9%82%d8%af%d9%85-%d9%84%d9%83%d9%85-%d9%83%d8%b1%d8%a7%d9%8a%d8%b2%d9%8a-%d8%aa%d8%a7%d9%8a%d9%85-%d9%84%d8%a7%d9%8a%d9%81-%d9%84%d8%b9%d8%a8%d8%a9-%d9%83%d8%a7%d8%b2%d9%8a%d9%86\"}, \"en\": {\"sa\": \"https:\/\/bwarabia.com\/sa\/live-casino-online\/introducing-crazy-time-live-a-great-online-casino-game\"}}","href_lang_slug_eg":"{\"ar\": {\"eg\": \"https:\/\/bwarabia.com\/eg\/ar\/%d9%83%d8%a7%d8%b2%d9%8a%d9%86%d9%88-%d8%b9%d9%84%d9%89-%d8%a7%d9%84%d8%a5%d9%86%d8%aa%d8%b1%d9%86%d8%aa\/%d9%86%d9%82%d8%af%d9%85-%d9%84%d9%83%d9%85-%d9%83%d8%b1%d8%a7%d9%8a%d8%b2%d9%8a-%d8%aa%d8%a7%d9%8a%d9%85-%d9%84%d8%a7%d9%8a%d9%81-%d9%84%d8%b9%d8%a8%d8%a9-%d9%83%d8%a7%d8%b2%d9%8a%d9%86\"}, \"en\": {\"eg\": \"https:\/\/bwarabia.com\/eg\/casino\/introducing-crazy-time-live-a-great-online-casino-game\"}}","href_lang_slug_lb":"{\"ar\": {\"lb\": \"https:\/\/bwarabia.com\/lb\/ar\/online-casino\/%d9%86%d9%82%d8%af%d9%85-%d9%84%d9%83%d9%85-%d9%83%d8%b1%d8%a7%d9%8a%d8%b2%d9%8a-%d8%aa%d8%a7%d9%8a%d9%85-%d9%84%d8%a7%d9%8a%d9%81-%d9%84%d8%b9%d8%a8%d8%a9-%d9%83%d8%a7%d8%b2%d9%8a%d9%86\"}, \"en\": {\"lb\": \"https:\/\/bwarabia.com\/lb\/online-casino\/introducing-crazy-time-live-a-great-online-casino-game\"}}","href_lang_slug_kw":"{\"ar\": {\"kw\": \"https:\/\/bwarabia.com\/kw\/ar\/%d9%83%d8%a7%d8%b2%d9%8a%d9%86%d9%88-%d8%b9%d9%84%d9%89-%d8%a7%d9%84%d8%a7%d9%86%d8%aa%d8%b1%d9%86%d8%aa\/%d9%86%d9%82%d8%af%d9%85-%d9%84%d9%83%d9%85-%d9%83%d8%b1%d8%a7%d9%8a%d8%b2%d9%8a-%d8%aa%d8%a7%d9%8a%d9%85-%d9%84%d8%a7%d9%8a%d9%81-%d9%84%d8%b9%d8%a8%d8%a9-%d9%83%d8%a7%d8%b2%d9%8a%d9%86\"}, \"en\": {\"kw\": \"https:\/\/bwarabia.com\/kw\/online-casino\/introducing-crazy-time-live-a-great-online-casino-game\"}}","href_lang_slug_bh":"{\"ar\": {\"bh\": \"https:\/\/bwarabia.com\/bh\/ar\/casino\/%d9%86%d9%82%d8%af%d9%85-%d9%84%d9%83%d9%85-%d9%83%d8%b1%d8%a7%d9%8a%d8%b2%d9%8a-%d8%aa%d8%a7%d9%8a%d9%85-%d9%84%d8%a7%d9%8a%d9%81-%d9%84%d8%b9%d8%a8%d8%a9-%d9%83%d8%a7%d8%b2%d9%8a%d9%86\"}, \"en\": {\"bh\": \"https:\/\/bwarabia.com\/bh\/online-casino\/introducing-crazy-time-live-a-great-online-casino-game\"}}","href_lang_slug_om":"{\"ar\": {\"om\": \"https:\/\/bwarabia.com\/om\/ar\/casino\/%d9%86%d9%82%d8%af%d9%85-%d9%84%d9%83%d9%85-%d9%83%d8%b1%d8%a7%d9%8a%d8%b2%d9%8a-%d8%aa%d8%a7%d9%8a%d9%85-%d9%84%d8%a7%d9%8a%d9%81-%d9%84%d8%b9%d8%a8%d8%a9-%d9%83%d8%a7%d8%b2%d9%8a%d9%86\"}, \"en\": {\"om\": \"https:\/\/bwarabia.com\/om\/online-casino-slots\/introducing-crazy-time-live-a-great-online-casino-game\"}}","href_lang_slug_jo":"{\"ar\": {\"jo\": \"https:\/\/bwarabia.com\/jo\/ar\/online-casino\/%d9%86%d9%82%d8%af%d9%85-%d9%84%d9%83%d9%85-%d9%83%d8%b1%d8%a7%d9%8a%d8%b2%d9%8a-%d8%aa%d8%a7%d9%8a%d9%85-%d9%84%d8%a7%d9%8a%d9%81-%d9%84%d8%b9%d8%a8%d8%a9-%d9%83%d8%a7%d8%b2%d9%8a%d9%86\"}, \"en\": {\"jo\": \"https:\/\/bwarabia.com\/jo\/online-casino\/introducing-crazy-time-live-a-great-online-casino-game\"}}","href_lang_slug_qa":"{\"ar\": {\"qa\": \"https:\/\/bwarabia.com\/qa\/ar\/casino\/%d9%86%d9%82%d8%af%d9%85-%d9%84%d9%83%d9%85-%d9%83%d8%b1%d8%a7%d9%8a%d8%b2%d9%8a-%d8%aa%d8%a7%d9%8a%d9%85-%d9%84%d8%a7%d9%8a%d9%81-%d9%84%d8%b9%d8%a8%d8%a9-%d9%83%d8%a7%d8%b2%d9%8a%d9%86\"}, \"en\": {\"qa\": \"https:\/\/bwarabia.com\/qa\/online-casino-games\/introducing-crazy-time-live-a-great-online-casino-game\"}}","href_lang_slug_tn":"{\"ar\": {\"tn\": \"https:\/\/bwarabia.com\/tn\/ar\/casino\/%d9%86%d9%82%d8%af%d9%85-%d9%84%d9%83%d9%85-%d9%83%d8%b1%d8%a7%d9%8a%d8%b2%d9%8a-%d8%aa%d8%a7%d9%8a%d9%85-%d9%84%d8%a7%d9%8a%d9%81-%d9%84%d8%b9%d8%a8%d8%a9-%d9%83%d8%a7%d8%b2%d9%8a%d9%86\"}, \"fr\": {\"tn\": \"https:\/\/bwarabia.com\/tn\/fr\/casino-enligne\/presentation-de-crazy-time-live-un-jeu-de-casino-en-ligne-passionnant\"}}","href_lang_slug_ma":"{\"ar\": {\"ma\": \"https:\/\/bwarabia.com\/ma\/ar\/casino\/%d9%86%d9%82%d8%af%d9%85-%d9%84%d9%83%d9%85-%d9%83%d8%b1%d8%a7%d9%8a%d8%b2%d9%8a-%d8%aa%d8%a7%d9%8a%d9%85-%d9%84%d8%a7%d9%8a%d9%81-%d9%84%d8%b9%d8%a8%d8%a9-%d9%83%d8%a7%d8%b2%d9%8a%d9%86\"}, \"fr\": {\"ma\": \"https:\/\/bwarabia.com\/ma\/fr\/casino-enligne\/presentation-de-crazy-time-live-un-jeu-de-casino-en-ligne-passionnant\"}}","href_lang_slug_dz":""},"class_list":["post-4854","page","type-page","status-publish","has-post-thumbnail","hentry"],"acf":[],"yoast_head":"<!-- This site is optimized with the Yoast SEO plugin v27.2 - https:\/\/yoast.com\/product\/yoast-seo-wordpress\/ -->\n<title>Pr\u00e9sentation de Crazy Time Live \u2013 Un Jeu de Casino En Ligne Passionnant - Betway Algerie<\/title>\n<meta name=\"description\" content=\"Betway Algerie - Jouez \u00e0 Crazy Time Live, le jeu de casino en ligne palpitant avec des multiplicateurs jusqu&#039;\u00e0 25 000x et des tours bonus!\" \/>\n<meta name=\"robots\" content=\"index, follow, max-snippet:-1, max-image-preview:large, max-video-preview:-1\" \/>\n<link rel=\"canonical\" href=\"https:\/\/bwarabia.com\/dz\/fr\/casino-enligne\/presentation-de-crazy-time-live-un-jeu-de-casino-en-ligne-passionnant\/\" \/>\n<meta property=\"og:locale\" content=\"fr_FR\" \/>\n<meta property=\"og:type\" content=\"article\" \/>\n<meta property=\"og:title\" content=\"Pr\u00e9sentation de Crazy Time Live \u2013 Un Jeu de Casino En Ligne Passionnant - Betway Algerie\" \/>\n<meta property=\"og:description\" content=\"Betway Algerie - Jouez \u00e0 Crazy Time Live, le jeu de casino en ligne palpitant avec des multiplicateurs jusqu&#039;\u00e0 25 000x et des tours bonus!\" \/>\n<meta property=\"og:url\" content=\"https:\/\/bwarabia.com\/dz\/fr\/casino-enligne\/presentation-de-crazy-time-live-un-jeu-de-casino-en-ligne-passionnant\/\" \/>\n<meta property=\"og:site_name\" content=\"Betway Algerie\" \/>\n<meta property=\"article:publisher\" content=\"https:\/\/www.facebook.com\/BetwaySportsMENA\/\" \/>\n<meta property=\"article:modified_time\" content=\"2025-01-28T14:21:08+00:00\" \/>\n<meta property=\"og:image\" content=\"https:\/\/bwarabia.com\/dz\/wp-content\/themes\/BWA_LLD_Tailwind_Theme\/assets\/img\/Open_graph_image.png\" \/>\n\t<meta property=\"og:image:width\" content=\"825\" \/>\n\t<meta property=\"og:image:height\" content=\"513\" \/>\n\t<meta property=\"og:image:type\" content=\"image\/jpeg\" \/>\n<meta name=\"twitter:card\" content=\"summary_large_image\" \/>\n<meta name=\"twitter:image\" content=\"https:\/\/bwarabia.com\/dz\/wp-content\/themes\/BWA_LLD_Tailwind_Theme\/assets\/img\/Open_graph_image.png\" \/>\n<meta name=\"twitter:site\" content=\"@betwayarabia\" \/>\n<meta name=\"twitter:label1\" content=\"Dur\u00e9e de lecture estim\u00e9e\" \/>\n\t<meta name=\"twitter:data1\" content=\"5 minutes\" \/>\n<script type=\"application\/ld+json\" class=\"yoast-schema-graph\">{\"@context\":\"https:\/\/schema.org\",\"@graph\":[{\"@type\":\"WebPage\",\"@id\":\"https:\/\/bwarabia.com\/dz\/fr\/casino-enligne\/presentation-de-crazy-time-live-un-jeu-de-casino-en-ligne-passionnant\/\",\"url\":\"https:\/\/bwarabia.com\/dz\/fr\/casino-enligne\/presentation-de-crazy-time-live-un-jeu-de-casino-en-ligne-passionnant\/\",\"name\":\"Pr\u00e9sentation de Crazy Time Live \u2013 Un Jeu de Casino En Ligne Passionnant - Betway Algerie\",\"isPartOf\":{\"@id\":\"https:\/\/bwarabia.com\/dz\/fr\/#website\"},\"primaryImageOfPage\":{\"@id\":\"https:\/\/bwarabia.com\/dz\/fr\/casino-enligne\/presentation-de-crazy-time-live-un-jeu-de-casino-en-ligne-passionnant\/#primaryimage\"},\"image\":{\"@id\":\"https:\/\/bwarabia.com\/dz\/fr\/casino-enligne\/presentation-de-crazy-time-live-un-jeu-de-casino-en-ligne-passionnant\/#primaryimage\"},\"thumbnailUrl\":\"https:\/\/bwarabia.com\/dz\/wp-content\/uploads\/sites\/10\/2025\/01\/casino-edited.jpg\",\"datePublished\":\"2025-01-23T10:02:16+00:00\",\"dateModified\":\"2025-01-28T14:21:08+00:00\",\"description\":\"Betway Algerie - Jouez \u00e0 Crazy Time Live, le jeu de casino en ligne palpitant avec des multiplicateurs jusqu'\u00e0 25 000x et des tours bonus!\",\"breadcrumb\":{\"@id\":\"https:\/\/bwarabia.com\/dz\/fr\/casino-enligne\/presentation-de-crazy-time-live-un-jeu-de-casino-en-ligne-passionnant\/#breadcrumb\"},\"inLanguage\":\"fr-FR\",\"potentialAction\":[{\"@type\":\"ReadAction\",\"target\":[\"https:\/\/bwarabia.com\/dz\/fr\/casino-enligne\/presentation-de-crazy-time-live-un-jeu-de-casino-en-ligne-passionnant\/\"]}]},{\"@type\":\"ImageObject\",\"inLanguage\":\"fr-FR\",\"@id\":\"https:\/\/bwarabia.com\/dz\/fr\/casino-enligne\/presentation-de-crazy-time-live-un-jeu-de-casino-en-ligne-passionnant\/#primaryimage\",\"url\":\"https:\/\/bwarabia.com\/dz\/wp-content\/uploads\/sites\/10\/2025\/01\/casino-edited.jpg\",\"contentUrl\":\"https:\/\/bwarabia.com\/dz\/wp-content\/uploads\/sites\/10\/2025\/01\/casino-edited.jpg\",\"width\":825,\"height\":513,\"caption\":\"Crazy Time Live\"},{\"@type\":\"BreadcrumbList\",\"@id\":\"https:\/\/bwarabia.com\/dz\/fr\/casino-enligne\/presentation-de-crazy-time-live-un-jeu-de-casino-en-ligne-passionnant\/#breadcrumb\",\"itemListElement\":[{\"@type\":\"ListItem\",\"position\":1,\"name\":\"Home\",\"item\":\"https:\/\/bwarabia.com\/dz\/fr\/\"},{\"@type\":\"ListItem\",\"position\":2,\"name\":\"Casino\",\"item\":\"https:\/\/bwarabia.com\/dz\/fr\/casino-enligne\/\"},{\"@type\":\"ListItem\",\"position\":3,\"name\":\"Pr\u00e9sentation de Crazy Time Live \u2013 Un Jeu de Casino En Ligne Passionnant\"}]},{\"@type\":\"WebSite\",\"@id\":\"https:\/\/bwarabia.com\/dz\/fr\/#website\",\"url\":\"https:\/\/bwarabia.com\/dz\/fr\/\",\"name\":\"Betway Algerie\",\"description\":\"\",\"publisher\":{\"@id\":\"https:\/\/bwarabia.com\/dz\/fr\/#organization\"},\"potentialAction\":[{\"@type\":\"SearchAction\",\"target\":{\"@type\":\"EntryPoint\",\"urlTemplate\":\"https:\/\/bwarabia.com\/dz\/fr\/?s={search_term_string}\"},\"query-input\":{\"@type\":\"PropertyValueSpecification\",\"valueRequired\":true,\"valueName\":\"search_term_string\"}}],\"inLanguage\":\"fr-FR\"},{\"@type\":\"Organization\",\"@id\":\"https:\/\/bwarabia.com\/dz\/fr\/#organization\",\"name\":\"Betway Algerie\",\"url\":\"https:\/\/bwarabia.com\/dz\/fr\/\",\"logo\":{\"@type\":\"ImageObject\",\"inLanguage\":\"fr-FR\",\"@id\":\"https:\/\/bwarabia.com\/dz\/fr\/#\/schema\/logo\/image\/\",\"url\":\"https:\/\/bwarabia.com\/dz\/wp-content\/uploads\/sites\/10\/2024\/01\/bw_arabia_new.png\",\"contentUrl\":\"https:\/\/bwarabia.com\/dz\/wp-content\/uploads\/sites\/10\/2024\/01\/bw_arabia_new.png\",\"width\":611,\"height\":176,\"caption\":\"Betway Algerie\"},\"image\":{\"@id\":\"https:\/\/bwarabia.com\/dz\/fr\/#\/schema\/logo\/image\/\"},\"sameAs\":[\"https:\/\/www.facebook.com\/BetwaySportsMENA\/\",\"https:\/\/x.com\/betwayarabia\",\"https:\/\/www.youtube.com\/@betwayarabia\",\"https:\/\/www.instagram.com\/betwaysports_arabia\/\"]}]}<\/script>\n<!-- \/ Yoast SEO plugin. -->","yoast_head_json":{"title":"Pr\u00e9sentation de Crazy Time Live \u2013 Un Jeu de Casino En Ligne Passionnant - Betway Algerie","description":"Betway Algerie - Jouez \u00e0 Crazy Time Live, le jeu de casino en ligne palpitant avec des multiplicateurs jusqu'\u00e0 25 000x et des tours bonus!","robots":{"index":"index","follow":"follow","max-snippet":"max-snippet:-1","max-image-preview":"max-image-preview:large","max-video-preview":"max-video-preview:-1"},"canonical":"https:\/\/bwarabia.com\/dz\/fr\/casino-enligne\/presentation-de-crazy-time-live-un-jeu-de-casino-en-ligne-passionnant\/","og_locale":"fr_FR","og_type":"article","og_title":"Pr\u00e9sentation de Crazy Time Live \u2013 Un Jeu de Casino En Ligne Passionnant - Betway Algerie","og_description":"Betway Algerie - Jouez \u00e0 Crazy Time Live, le jeu de casino en ligne palpitant avec des multiplicateurs jusqu'\u00e0 25 000x et des tours bonus!","og_url":"https:\/\/bwarabia.com\/dz\/fr\/casino-enligne\/presentation-de-crazy-time-live-un-jeu-de-casino-en-ligne-passionnant\/","og_site_name":"Betway Algerie","article_publisher":"https:\/\/www.facebook.com\/BetwaySportsMENA\/","article_modified_time":"2025-01-28T14:21:08+00:00","og_image":[{"width":825,"height":513,"url":"https:\/\/bwarabia.com\/dz\/wp-content\/themes\/BWA_LLD_Tailwind_Theme\/assets\/img\/Open_graph_image.png","type":"image\/jpeg"}],"twitter_card":"summary_large_image","twitter_image":"https:\/\/bwarabia.com\/dz\/wp-content\/themes\/BWA_LLD_Tailwind_Theme\/assets\/img\/Open_graph_image.png","twitter_site":"@betwayarabia","twitter_misc":{"Dur\u00e9e de lecture estim\u00e9e":"5 minutes"},"schema":{"@context":"https:\/\/schema.org","@graph":[{"@type":"WebPage","@id":"https:\/\/bwarabia.com\/dz\/fr\/casino-enligne\/presentation-de-crazy-time-live-un-jeu-de-casino-en-ligne-passionnant\/","url":"https:\/\/bwarabia.com\/dz\/fr\/casino-enligne\/presentation-de-crazy-time-live-un-jeu-de-casino-en-ligne-passionnant\/","name":"Pr\u00e9sentation de Crazy Time Live \u2013 Un Jeu de Casino En Ligne Passionnant - Betway Algerie","isPartOf":{"@id":"https:\/\/bwarabia.com\/dz\/fr\/#website"},"primaryImageOfPage":{"@id":"https:\/\/bwarabia.com\/dz\/fr\/casino-enligne\/presentation-de-crazy-time-live-un-jeu-de-casino-en-ligne-passionnant\/#primaryimage"},"image":{"@id":"https:\/\/bwarabia.com\/dz\/fr\/casino-enligne\/presentation-de-crazy-time-live-un-jeu-de-casino-en-ligne-passionnant\/#primaryimage"},"thumbnailUrl":"https:\/\/bwarabia.com\/dz\/wp-content\/uploads\/sites\/10\/2025\/01\/casino-edited.jpg","datePublished":"2025-01-23T10:02:16+00:00","dateModified":"2025-01-28T14:21:08+00:00","description":"Betway Algerie - Jouez \u00e0 Crazy Time Live, le jeu de casino en ligne palpitant avec des multiplicateurs jusqu'\u00e0 25 000x et des tours bonus!","breadcrumb":{"@id":"https:\/\/bwarabia.com\/dz\/fr\/casino-enligne\/presentation-de-crazy-time-live-un-jeu-de-casino-en-ligne-passionnant\/#breadcrumb"},"inLanguage":"fr-FR","potentialAction":[{"@type":"ReadAction","target":["https:\/\/bwarabia.com\/dz\/fr\/casino-enligne\/presentation-de-crazy-time-live-un-jeu-de-casino-en-ligne-passionnant\/"]}]},{"@type":"ImageObject","inLanguage":"fr-FR","@id":"https:\/\/bwarabia.com\/dz\/fr\/casino-enligne\/presentation-de-crazy-time-live-un-jeu-de-casino-en-ligne-passionnant\/#primaryimage","url":"https:\/\/bwarabia.com\/dz\/wp-content\/uploads\/sites\/10\/2025\/01\/casino-edited.jpg","contentUrl":"https:\/\/bwarabia.com\/dz\/wp-content\/uploads\/sites\/10\/2025\/01\/casino-edited.jpg","width":825,"height":513,"caption":"Crazy Time Live"},{"@type":"BreadcrumbList","@id":"https:\/\/bwarabia.com\/dz\/fr\/casino-enligne\/presentation-de-crazy-time-live-un-jeu-de-casino-en-ligne-passionnant\/#breadcrumb","itemListElement":[{"@type":"ListItem","position":1,"name":"Home","item":"https:\/\/bwarabia.com\/dz\/fr\/"},{"@type":"ListItem","position":2,"name":"Casino","item":"https:\/\/bwarabia.com\/dz\/fr\/casino-enligne\/"},{"@type":"ListItem","position":3,"name":"Pr\u00e9sentation de Crazy Time Live \u2013 Un Jeu de Casino En Ligne Passionnant"}]},{"@type":"WebSite","@id":"https:\/\/bwarabia.com\/dz\/fr\/#website","url":"https:\/\/bwarabia.com\/dz\/fr\/","name":"Betway Algerie","description":"","publisher":{"@id":"https:\/\/bwarabia.com\/dz\/fr\/#organization"},"potentialAction":[{"@type":"SearchAction","target":{"@type":"EntryPoint","urlTemplate":"https:\/\/bwarabia.com\/dz\/fr\/?s={search_term_string}"},"query-input":{"@type":"PropertyValueSpecification","valueRequired":true,"valueName":"search_term_string"}}],"inLanguage":"fr-FR"},{"@type":"Organization","@id":"https:\/\/bwarabia.com\/dz\/fr\/#organization","name":"Betway Algerie","url":"https:\/\/bwarabia.com\/dz\/fr\/","logo":{"@type":"ImageObject","inLanguage":"fr-FR","@id":"https:\/\/bwarabia.com\/dz\/fr\/#\/schema\/logo\/image\/","url":"https:\/\/bwarabia.com\/dz\/wp-content\/uploads\/sites\/10\/2024\/01\/bw_arabia_new.png","contentUrl":"https:\/\/bwarabia.com\/dz\/wp-content\/uploads\/sites\/10\/2024\/01\/bw_arabia_new.png","width":611,"height":176,"caption":"Betway Algerie"},"image":{"@id":"https:\/\/bwarabia.com\/dz\/fr\/#\/schema\/logo\/image\/"},"sameAs":["https:\/\/www.facebook.com\/BetwaySportsMENA\/","https:\/\/x.com\/betwayarabia","https:\/\/www.youtube.com\/@betwayarabia","https:\/\/www.instagram.com\/betwaysports_arabia\/"]}]}},"_links":{"self":[{"href":"https:\/\/bwarabia.com\/dz\/fr\/wp-json\/wp\/v2\/pages\/4854","targetHints":{"allow":["GET"]}}],"collection":[{"href":"https:\/\/bwarabia.com\/dz\/fr\/wp-json\/wp\/v2\/pages"}],"about":[{"href":"https:\/\/bwarabia.com\/dz\/fr\/wp-json\/wp\/v2\/types\/page"}],"author":[{"embeddable":true,"href":"https:\/\/bwarabia.com\/dz\/fr\/wp-json\/wp\/v2\/users\/10"}],"replies":[{"embeddable":true,"href":"https:\/\/bwarabia.com\/dz\/fr\/wp-json\/wp\/v2\/comments?post=4854"}],"version-history":[{"count":4,"href":"https:\/\/bwarabia.com\/dz\/fr\/wp-json\/wp\/v2\/pages\/4854\/revisions"}],"predecessor-version":[{"id":4907,"href":"https:\/\/bwarabia.com\/dz\/fr\/wp-json\/wp\/v2\/pages\/4854\/revisions\/4907"}],"up":[{"embeddable":true,"href":"https:\/\/bwarabia.com\/dz\/fr\/wp-json\/wp\/v2\/pages\/846"}],"wp:featuredmedia":[{"embeddable":true,"href":"https:\/\/bwarabia.com\/dz\/fr\/wp-json\/wp\/v2\/media\/4855"}],"wp:attachment":[{"href":"https:\/\/bwarabia.com\/dz\/fr\/wp-json\/wp\/v2\/media?parent=4854"}],"curies":[{"name":"wp","href":"https:\/\/api.w.org\/{rel}","templated":true}]}}