{"id":6261,"date":"2024-05-12T11:19:00","date_gmt":"2024-05-12T11:19:00","guid":{"rendered":"https:\/\/bwarabia.com\/dz\/les-paris-sportifs\/histoire-du-basket-ball\/"},"modified":"2025-05-16T09:24:04","modified_gmt":"2025-05-16T09:24:04","slug":"histoire-du-basket-ball","status":"publish","type":"page","link":"https:\/\/bwarabia.com\/dz\/fr\/les-paris-sportifs\/histoire-du-basket-ball\/","title":{"rendered":"Histoire du Basketball"},"content":{"rendered":"<h1>Histoire du basket-ball<\/h1>\n<p>Le basketball est l\u2019un des sports les plus populaires \u00e0 l\u2019\u00e9chelle mondiale. Il unit des millions de personnes et fait d\u00e9sormais partie int\u00e9grante de la culture et du patrimoine sportif de nombreuses nations. Pourtant, le basketball a commenc\u00e9 humblement avant de devenir un ph\u00e9nom\u00e8ne international. Plongeons dans son histoire pour d\u00e9couvrir ses origines et son d\u00e9veloppement.<\/p>\n<h2><strong>Les origines du basketball<\/strong><\/h2>\n<p>L\u2019histoire du basketball d\u00e9bute \u00e0 la fin du XIXe si\u00e8cle, aux \u00c9tats-Unis. En 1891, <strong>James Naismith<\/strong>, jeune professeur d\u2019\u00e9ducation physique travaillant au sein du club sportif universitaire de la <strong>YMCA<\/strong> (Young Men\u2019s Christian Association), \u00e9tait confront\u00e9 \u00e0 un d\u00e9fi : motiver ses \u00e9l\u00e8ves \u00e0 faire du sport durant l\u2019hiver. Le football am\u00e9ricain et le rugby n\u2019\u00e9taient pas adapt\u00e9s aux salles ferm\u00e9es, et les autres sports n\u00e9cessitaient trop d\u2019espace. Il d\u00e9cida alors d\u2019inventer un nouveau jeu.<\/p>\n<p>Le 8 d\u00e9cembre 1891, Naismith r\u00e9digea un ensemble de r\u00e8gles et accrocha un panier \u00e0 une hauteur de 3,05 m\u00e8tres \u00e0 l\u2019extr\u00e9mit\u00e9 du gymnase. \u00c0 l\u2019origine, le jeu se jouait entre deux \u00e9quipes de neuf joueurs. Le but \u00e9tait de marquer le plus de points dans le panier adverse. Le premier match officiel eut lieu le 21 d\u00e9cembre 1891, avec une balle similaire \u00e0 un ballon de football en toile.<\/p>\n<p>Gr\u00e2ce \u00e0 la <strong>YMCA<\/strong>, le basketball s\u2019est rapidement propag\u00e9 dans les coll\u00e8ges et les associations sportives \u00e0 travers les \u00c9tats-Unis. En 1893, le Smith College, dans le Massachusetts, fut le premier \u00e9tablissement f\u00e9minin \u00e0 adopter activement le basketball. Le sport a s\u00e9duit un large public par sa vivacit\u00e9 et ses r\u00e8gles simples, attirant bient\u00f4t l\u2019attention au-del\u00e0 des fronti\u00e8res am\u00e9ricaines.<\/p>\n<p>La discipline a re\u00e7u une reconnaissance internationale en <strong>1932<\/strong>, devenant officiellement un sport olympique aux Jeux de <strong>Los Angeles<\/strong>. Cet \u00e9v\u00e9nement a marqu\u00e9 le d\u00e9but d\u2019une nouvelle \u00e8re pour le basketball. Par la suite, de nombreux pays ont fond\u00e9 leurs <strong>f\u00e9d\u00e9rations nationales<\/strong>, organisant ligues et comp\u00e9titions locales. En <strong>1949<\/strong>, la cr\u00e9ation de la <strong>FIBA (F\u00e9d\u00e9ration internationale de basketball)<\/strong> fit de cet organisme l\u2019autorit\u00e9 principale pour le d\u00e9veloppement mondial de la discipline.<\/p>\n<p>Au d\u00e9but du XXe si\u00e8cle, le basketball est devenu sport officiel aux \u00c9tats-Unis, avec la naissance des premi\u00e8res \u00e9quipes professionnelles. Parmi les plus c\u00e9l\u00e8bres de cette \u00e9poque, on retrouve les <strong>Original Celtics<\/strong>, fond\u00e9s en 1915, connus pour leurs strat\u00e9gies novatrices et leur habilet\u00e9. Ils furent parmi les premi\u00e8res \u00e9quipes \u00e0 voyager \u00e0 l\u2019international pour faire d\u00e9couvrir ce sport.<\/p>\n<h2><strong>Les grandes figures du basketball<\/strong><\/h2>\n<p>L\u2019histoire du basketball est marqu\u00e9e par des athl\u00e8tes talentueux qui ont laiss\u00e9 une empreinte inoubliable :<\/p>\n<p><strong>Michael Jordan<\/strong>, surnomm\u00e9 <em>Air Jordan<\/em>, est consid\u00e9r\u00e9 comme le plus grand basketteur de tous les temps. N\u00e9 en 1963 \u00e0 Brooklyn, New York, il a pass\u00e9 la majorit\u00e9 de sa carri\u00e8re avec les <strong>Chicago Bulls<\/strong>, remportant <strong>six championnats NBA<\/strong> et \u00e9tant \u00e9lu <strong>MVP des Finales<\/strong> \u00e0 cinq reprises. Connu pour sa pr\u00e9cision, son esprit combatif et son charisme, il est devenu une ic\u00f4ne mondiale du sport.<\/p>\n<p><strong>Earvin \u201cMagic\u201d Johnson<\/strong>, n\u00e9 en 1959 \u00e0 Lansing, Michigan, a \u00e9volu\u00e9 avec les <strong>Los Angeles Lakers<\/strong>. G\u00e9nie du poste de meneur, il a r\u00e9volutionn\u00e9 le jeu par ses passes et son leadership. Il a gagn\u00e9 <strong>cinq titres NBA<\/strong> et a \u00e9t\u00e9 <strong>MVP des Finales<\/strong> \u00e0 trois reprises. En dehors du terrain, il est devenu un entrepreneur prosp\u00e8re et un militant de la lutte contre le VIH\/Sida.<\/p>\n<p><strong>LeBron James<\/strong>, n\u00e9 en 1984 \u00e0 Akron, Ohio, est l\u2019un des joueurs les plus polyvalents et dominants de l\u2019histoire. Il a jou\u00e9 notamment pour les <strong>Cleveland Cavaliers<\/strong> et les <strong>Los Angeles Lakers<\/strong>, remportant <strong>quatre championnats NBA<\/strong> et plusieurs titres de <strong>MVP<\/strong>. Sa puissance, son intelligence de jeu et son influence globale en font un acteur majeur du d\u00e9veloppement du basketball.<\/p>\n<p><strong>Kareem Abdul-Jabbar<\/strong>, n\u00e9 Ferdinand Lewis Alcindor en 1947 \u00e0 New York, est l\u2019un des meilleurs pivots de tous les temps. Il a \u00e9volu\u00e9 principalement avec les <strong>Milwaukee Bucks<\/strong> et les <strong>Los Angeles Lakers<\/strong>. Il est c\u00e9l\u00e8bre pour son tir imparable <strong>\u00ab skyhook \u00bb<\/strong>. Il a remport\u00e9 <strong>six titres NBA<\/strong> et a \u00e9t\u00e9 \u00e9lu <strong>MVP<\/strong> \u00e0 six reprises. Il est aussi connu pour son engagement dans la d\u00e9fense des droits civiques et son r\u00f4le dans l\u2019histoire afro-am\u00e9ricaine.<\/p>\n<p>Ces joueurs ne sont qu\u2019un \u00e9chantillon des nombreux talents ayant fa\u00e7onn\u00e9 l\u2019histoire du basketball. Par leur style unique et leur impact, ils sont devenus des <strong>l\u00e9gendes intemporelles<\/strong> qui ont marqu\u00e9 les esprits des fans du monde entier.<\/p>\n<p>Depuis ses d\u00e9buts modestes jusqu\u2019\u00e0 sa diffusion plan\u00e9taire, le basketball s\u2019est impos\u00e9 comme <strong>l\u2019un des sports les plus influents et universellement appr\u00e9ci\u00e9s<\/strong>.<\/p>\n","protected":false},"excerpt":{"rendered":"<p>Histoire du basket-ball Le basketball est l\u2019un des sports les plus populaires \u00e0 l\u2019\u00e9chelle mondiale. Il unit des millions de personnes et fait d\u00e9sormais partie int\u00e9grante de la culture et du patrimoine sportif de nombreuses nations. Pourtant, le basketball a commenc\u00e9 humblement avant de devenir un ph\u00e9nom\u00e8ne international. Plongeons dans son histoire pour d\u00e9couvrir ses [&hellip;]<\/p>\n","protected":false},"author":9,"featured_media":6258,"parent":860,"menu_order":0,"comment_status":"closed","ping_status":"closed","template":"newseopages.php","meta":{"_acf_changed":false,"_yoast_wpseo_title":"","_yoast_wpseo_metadesc":"Betway Alg\u00e9rie: D\u00e9couvrez l\u2019histoire fascinante du basketball, de ses d\u00e9buts modestes aux \u00c9tats-Unis \u00e0 son succ\u00e8s mondial, avec un hommage aux l\u00e9gendes comme Jordan, LeBron et Abdul-Jabbar.","footnotes":"","href_lang_slug_x_default":"","href_lang_slug_ae":"{\"en\":{\"ae\":\"https:\/\/bwarabia.com\/ae\/sports-betting\/the-emergence-of-basketball\/\"},\"ar\":{\"ae\":\"https:\/\/bwarabia.com\/ae\/ar\/sports\/%d8%aa%d8%a7%d8%b1%d9%8a%d8%ae-%d9%83%d8%b1%d8%a9-%d8%a7%d9%84%d8%b3%d9%84%d8%a9\/\"},\"fr\":{\"ae\":\"\"}}","href_lang_slug_sa":"{\"en\":{\"sa\":\"https:\/\/bwarabia.com\/sa\/sports-betting\/the-emergence-of-basketball\/\"},\"ar\":{\"sa\":\"https:\/\/bwarabia.com\/sa\/ar\/%d8%a7%d9%84%d9%85%d8%b1%d8%a7%d9%87%d9%86%d8%a7%d8%aa-%d8%a7%d9%84%d8%b1%d9%8a%d8%a7%d8%b6%d9%8a%d8%a9\/%d8%aa%d8%a7%d8%b1%d9%8a%d8%ae-%d9%83%d8%b1%d8%a9-%d8%a7%d9%84%d8%b3%d9%84%d8%a9\/\"},\"fr\":{\"sa\":\"\"}}","href_lang_slug_eg":"{\"en\":{\"eg\":\"https:\/\/bwarabia.com\/eg\/online-sports-betting\/the-emergence-of-basketball\/\"},\"ar\":{\"eg\":\"https:\/\/bwarabia.com\/eg\/ar\/%d8%a7%d9%84%d9%85%d8%b1%d8%a7%d9%87%d9%86%d8%a7%d8%aa-%d8%a7%d9%84%d8%b1%d9%8a%d8%a7%d8%b6%d9%8a%d8%a9\/%d8%aa%d8%a7%d8%b1%d9%8a%d8%ae-%d9%83%d8%b1%d8%a9-%d8%a7%d9%84%d8%b3%d9%84%d8%a9\/\"},\"fr\":{\"eg\":\"\"}}","href_lang_slug_lb":"{\"en\":{\"lb\":\"https:\/\/bwarabia.com\/lb\/sports-betting\/the-emergence-of-basketball\/\"},\"ar\":{\"lb\":\"https:\/\/bwarabia.com\/lb\/ar\/sports\/%d8%aa%d8%a7%d8%b1%d9%8a%d8%ae-%d9%83%d8%b1%d8%a9-%d8%a7%d9%84%d8%b3%d9%84%d8%a9\/\"},\"fr\":{\"lb\":\"\"}}","href_lang_slug_kw":"{\"en\":{\"kw\":\"https:\/\/bwarabia.com\/kw\/sports-betting\/the-emergence-of-basketball\/\"},\"ar\":{\"kw\":\"https:\/\/bwarabia.com\/kw\/ar\/%d8%a7%d9%84%d9%85%d8%b1%d8%a7%d9%87%d9%86%d8%a7%d8%aa-%d8%a7%d9%84%d8%b1%d9%8a%d8%a7%d8%b6%d9%8a%d8%a9\/%d8%aa%d8%a7%d8%b1%d9%8a%d8%ae-%d9%83%d8%b1%d8%a9-%d8%a7%d9%84%d8%b3%d9%84%d8%a9\/\"},\"fr\":{\"kw\":\"\"}}","href_lang_slug_bh":"{\"en\":{\"bh\":\"https:\/\/bwarabia.com\/bh\/sports-betting\/the-emergence-of-basketball\/\"},\"ar\":{\"bh\":\"https:\/\/bwarabia.com\/bh\/ar\/sports\/%d8%aa%d8%a7%d8%b1%d9%8a%d8%ae-%d9%83%d8%b1%d8%a9-%d8%a7%d9%84%d8%b3%d9%84%d8%a9\/\"},\"fr\":{\"bh\":\"\"}}","href_lang_slug_om":"{\"en\":{\"om\":\"https:\/\/bwarabia.com\/om\/sports-betting\/the-emergence-of-basketball\/\"},\"ar\":{\"om\":\"https:\/\/bwarabia.com\/om\/ar\/sports\/%d8%aa%d8%a7%d8%b1%d9%8a%d8%ae-%d9%83%d8%b1%d8%a9-%d8%a7%d9%84%d8%b3%d9%84%d8%a9\/\"},\"fr\":{\"om\":\"\"}}","href_lang_slug_jo":"{\"en\":{\"jo\":\"https:\/\/bwarabia.com\/jo\/sports-betting\/the-emergence-of-basketball\/\"},\"ar\":{\"jo\":\"https:\/\/bwarabia.com\/jo\/ar\/sports\/%d8%aa%d8%a7%d8%b1%d9%8a%d8%ae-%d9%83%d8%b1%d8%a9-%d8%a7%d9%84%d8%b3%d9%84%d8%a9\/\"},\"fr\":{\"jo\":\"\"}}","href_lang_slug_qa":"{\"en\":{\"qa\":\"https:\/\/bwarabia.com\/qa\/sports-betting\/the-emergence-of-basketball\/\"},\"ar\":{\"qa\":\"https:\/\/bwarabia.com\/qa\/ar\/sports\/%d8%aa%d8%a7%d8%b1%d9%8a%d8%ae-%d9%83%d8%b1%d8%a9-%d8%a7%d9%84%d8%b3%d9%84%d8%a9\/\"},\"fr\":{\"qa\":\"\"}}","href_lang_slug_tn":"{\"en\":{\"tn\":\"\"},\"ar\":{\"tn\":\"https:\/\/bwarabia.com\/tn\/ar\/sports\/%d8%aa%d8%a7%d8%b1%d9%8a%d8%ae-%d9%83%d8%b1%d8%a9-%d8%a7%d9%84%d8%b3%d9%84%d8%a9\/\"},\"fr\":{\"tn\":\"https:\/\/bwarabia.com\/tn\/fr\/les-paris-sportifs\/histoire-du-basket-ball\/\"}}","href_lang_slug_ma":"{\"en\":{\"ma\":\"\"},\"ar\":{\"ma\":\"https:\/\/bwarabia.com\/ma\/ar\/sports\/%d8%aa%d8%a7%d8%b1%d9%8a%d8%ae-%d9%83%d8%b1%d8%a9-%d8%a7%d9%84%d8%b3%d9%84%d8%a9\/\"},\"fr\":{\"ma\":\"https:\/\/bwarabia.com\/ma\/fr\/les-paris-sportifs\/histoire-du-basket-ball\/\"}}","href_lang_slug_dz":"{\"en\":{\"dz\":\"\"},\"ar\":{\"dz\":\"https:\/\/bwarabia.com\/dz\/ar\/sports\/%d8%aa%d8%a7%d8%b1%d9%8a%d8%ae-%d9%83%d8%b1%d8%a9-%d8%a7%d9%84%d8%b3%d9%84%d8%a9\/\"},\"fr\":{\"dz\":\"https:\/\/bwarabia.com\/dz\/fr\/les-paris-sportifs\/histoire-du-basket-ball\/\"}}"},"class_list":["post-6261","page","type-page","status-publish","has-post-thumbnail","hentry"],"acf":[],"yoast_head":"<!-- This site is optimized with the Yoast SEO plugin v27.2 - https:\/\/yoast.com\/product\/yoast-seo-wordpress\/ -->\n<title>Histoire du Basketball - Betway Algerie<\/title>\n<meta name=\"description\" content=\"Betway Alg\u00e9rie: D\u00e9couvrez l\u2019histoire fascinante du basketball, de ses d\u00e9buts modestes aux \u00c9tats-Unis \u00e0 son succ\u00e8s mondial, avec un hommage aux l\u00e9gendes comme Jordan, LeBron et Abdul-Jabbar.\" \/>\n<meta name=\"robots\" content=\"index, follow, max-snippet:-1, max-image-preview:large, max-video-preview:-1\" \/>\n<link rel=\"canonical\" href=\"https:\/\/bwarabia.com\/dz\/fr\/les-paris-sportifs\/histoire-du-basket-ball\/\" \/>\n<meta property=\"og:locale\" content=\"fr_FR\" \/>\n<meta property=\"og:type\" content=\"article\" \/>\n<meta property=\"og:title\" content=\"Histoire du Basketball - Betway Algerie\" \/>\n<meta property=\"og:description\" content=\"Betway Alg\u00e9rie: D\u00e9couvrez l\u2019histoire fascinante du basketball, de ses d\u00e9buts modestes aux \u00c9tats-Unis \u00e0 son succ\u00e8s mondial, avec un hommage aux l\u00e9gendes comme Jordan, LeBron et Abdul-Jabbar.\" \/>\n<meta property=\"og:url\" content=\"https:\/\/bwarabia.com\/dz\/fr\/les-paris-sportifs\/histoire-du-basket-ball\/\" \/>\n<meta property=\"og:site_name\" content=\"Betway Algerie\" \/>\n<meta property=\"article:publisher\" content=\"https:\/\/www.facebook.com\/BetwaySportsMENA\/\" \/>\n<meta property=\"article:modified_time\" content=\"2025-05-16T09:24:04+00:00\" \/>\n<meta property=\"og:image\" content=\"https:\/\/bwarabia.com\/dz\/wp-content\/themes\/BWA_LLD_Tailwind_Theme\/assets\/img\/Open_graph_image.png\" \/>\n\t<meta property=\"og:image:width\" content=\"825\" \/>\n\t<meta property=\"og:image:height\" content=\"659\" \/>\n\t<meta property=\"og:image:type\" content=\"image\/jpeg\" \/>\n<meta name=\"twitter:card\" content=\"summary_large_image\" \/>\n<meta name=\"twitter:image\" content=\"https:\/\/bwarabia.com\/dz\/wp-content\/themes\/BWA_LLD_Tailwind_Theme\/assets\/img\/Open_graph_image.png\" \/>\n<meta name=\"twitter:site\" content=\"@betwayarabia\" \/>\n<meta name=\"twitter:label1\" content=\"Dur\u00e9e de lecture estim\u00e9e\" \/>\n\t<meta name=\"twitter:data1\" content=\"4 minutes\" \/>\n<script type=\"application\/ld+json\" class=\"yoast-schema-graph\">{\"@context\":\"https:\/\/schema.org\",\"@graph\":[{\"@type\":\"WebPage\",\"@id\":\"https:\/\/bwarabia.com\/dz\/fr\/les-paris-sportifs\/histoire-du-basket-ball\/\",\"url\":\"https:\/\/bwarabia.com\/dz\/fr\/les-paris-sportifs\/histoire-du-basket-ball\/\",\"name\":\"Histoire du Basketball - Betway Algerie\",\"isPartOf\":{\"@id\":\"https:\/\/bwarabia.com\/dz\/fr\/#website\"},\"primaryImageOfPage\":{\"@id\":\"https:\/\/bwarabia.com\/dz\/fr\/les-paris-sportifs\/histoire-du-basket-ball\/#primaryimage\"},\"image\":{\"@id\":\"https:\/\/bwarabia.com\/dz\/fr\/les-paris-sportifs\/histoire-du-basket-ball\/#primaryimage\"},\"thumbnailUrl\":\"https:\/\/bwarabia.com\/dz\/wp-content\/uploads\/sites\/10\/2025\/04\/C72DN8-3.jpg\",\"datePublished\":\"2024-05-12T11:19:00+00:00\",\"dateModified\":\"2025-05-16T09:24:04+00:00\",\"description\":\"Betway Alg\u00e9rie: D\u00e9couvrez l\u2019histoire fascinante du basketball, de ses d\u00e9buts modestes aux \u00c9tats-Unis \u00e0 son succ\u00e8s mondial, avec un hommage aux l\u00e9gendes comme Jordan, LeBron et Abdul-Jabbar.\",\"breadcrumb\":{\"@id\":\"https:\/\/bwarabia.com\/dz\/fr\/les-paris-sportifs\/histoire-du-basket-ball\/#breadcrumb\"},\"inLanguage\":\"fr-FR\",\"potentialAction\":[{\"@type\":\"ReadAction\",\"target\":[\"https:\/\/bwarabia.com\/dz\/fr\/les-paris-sportifs\/histoire-du-basket-ball\/\"]}]},{\"@type\":\"ImageObject\",\"inLanguage\":\"fr-FR\",\"@id\":\"https:\/\/bwarabia.com\/dz\/fr\/les-paris-sportifs\/histoire-du-basket-ball\/#primaryimage\",\"url\":\"https:\/\/bwarabia.com\/dz\/wp-content\/uploads\/sites\/10\/2025\/04\/C72DN8-3.jpg\",\"contentUrl\":\"https:\/\/bwarabia.com\/dz\/wp-content\/uploads\/sites\/10\/2025\/04\/C72DN8-3.jpg\",\"width\":825,\"height\":659,\"caption\":\"Histoire du basket-ball\"},{\"@type\":\"BreadcrumbList\",\"@id\":\"https:\/\/bwarabia.com\/dz\/fr\/les-paris-sportifs\/histoire-du-basket-ball\/#breadcrumb\",\"itemListElement\":[{\"@type\":\"ListItem\",\"position\":1,\"name\":\"Home\",\"item\":\"https:\/\/bwarabia.com\/dz\/fr\/\"},{\"@type\":\"ListItem\",\"position\":2,\"name\":\"Sports\",\"item\":\"https:\/\/bwarabia.com\/dz\/fr\/les-paris-sportifs\/\"},{\"@type\":\"ListItem\",\"position\":3,\"name\":\"Histoire du Basketball\"}]},{\"@type\":\"WebSite\",\"@id\":\"https:\/\/bwarabia.com\/dz\/fr\/#website\",\"url\":\"https:\/\/bwarabia.com\/dz\/fr\/\",\"name\":\"Betway Algerie\",\"description\":\"\",\"publisher\":{\"@id\":\"https:\/\/bwarabia.com\/dz\/fr\/#organization\"},\"potentialAction\":[{\"@type\":\"SearchAction\",\"target\":{\"@type\":\"EntryPoint\",\"urlTemplate\":\"https:\/\/bwarabia.com\/dz\/fr\/?s={search_term_string}\"},\"query-input\":{\"@type\":\"PropertyValueSpecification\",\"valueRequired\":true,\"valueName\":\"search_term_string\"}}],\"inLanguage\":\"fr-FR\"},{\"@type\":\"Organization\",\"@id\":\"https:\/\/bwarabia.com\/dz\/fr\/#organization\",\"name\":\"Betway Algerie\",\"url\":\"https:\/\/bwarabia.com\/dz\/fr\/\",\"logo\":{\"@type\":\"ImageObject\",\"inLanguage\":\"fr-FR\",\"@id\":\"https:\/\/bwarabia.com\/dz\/fr\/#\/schema\/logo\/image\/\",\"url\":\"https:\/\/bwarabia.com\/dz\/wp-content\/uploads\/sites\/10\/2024\/01\/bw_arabia_new.png\",\"contentUrl\":\"https:\/\/bwarabia.com\/dz\/wp-content\/uploads\/sites\/10\/2024\/01\/bw_arabia_new.png\",\"width\":611,\"height\":176,\"caption\":\"Betway Algerie\"},\"image\":{\"@id\":\"https:\/\/bwarabia.com\/dz\/fr\/#\/schema\/logo\/image\/\"},\"sameAs\":[\"https:\/\/www.facebook.com\/BetwaySportsMENA\/\",\"https:\/\/x.com\/betwayarabia\",\"https:\/\/www.youtube.com\/@betwayarabia\",\"https:\/\/www.instagram.com\/betwaysports_arabia\/\"]}]}<\/script>\n<!-- \/ Yoast SEO plugin. -->","yoast_head_json":{"title":"Histoire du Basketball - Betway Algerie","description":"Betway Alg\u00e9rie: D\u00e9couvrez l\u2019histoire fascinante du basketball, de ses d\u00e9buts modestes aux \u00c9tats-Unis \u00e0 son succ\u00e8s mondial, avec un hommage aux l\u00e9gendes comme Jordan, LeBron et Abdul-Jabbar.","robots":{"index":"index","follow":"follow","max-snippet":"max-snippet:-1","max-image-preview":"max-image-preview:large","max-video-preview":"max-video-preview:-1"},"canonical":"https:\/\/bwarabia.com\/dz\/fr\/les-paris-sportifs\/histoire-du-basket-ball\/","og_locale":"fr_FR","og_type":"article","og_title":"Histoire du Basketball - Betway Algerie","og_description":"Betway Alg\u00e9rie: D\u00e9couvrez l\u2019histoire fascinante du basketball, de ses d\u00e9buts modestes aux \u00c9tats-Unis \u00e0 son succ\u00e8s mondial, avec un hommage aux l\u00e9gendes comme Jordan, LeBron et Abdul-Jabbar.","og_url":"https:\/\/bwarabia.com\/dz\/fr\/les-paris-sportifs\/histoire-du-basket-ball\/","og_site_name":"Betway Algerie","article_publisher":"https:\/\/www.facebook.com\/BetwaySportsMENA\/","article_modified_time":"2025-05-16T09:24:04+00:00","og_image":[{"width":825,"height":659,"url":"https:\/\/bwarabia.com\/dz\/wp-content\/themes\/BWA_LLD_Tailwind_Theme\/assets\/img\/Open_graph_image.png","type":"image\/jpeg"}],"twitter_card":"summary_large_image","twitter_image":"https:\/\/bwarabia.com\/dz\/wp-content\/themes\/BWA_LLD_Tailwind_Theme\/assets\/img\/Open_graph_image.png","twitter_site":"@betwayarabia","twitter_misc":{"Dur\u00e9e de lecture estim\u00e9e":"4 minutes"},"schema":{"@context":"https:\/\/schema.org","@graph":[{"@type":"WebPage","@id":"https:\/\/bwarabia.com\/dz\/fr\/les-paris-sportifs\/histoire-du-basket-ball\/","url":"https:\/\/bwarabia.com\/dz\/fr\/les-paris-sportifs\/histoire-du-basket-ball\/","name":"Histoire du Basketball - Betway Algerie","isPartOf":{"@id":"https:\/\/bwarabia.com\/dz\/fr\/#website"},"primaryImageOfPage":{"@id":"https:\/\/bwarabia.com\/dz\/fr\/les-paris-sportifs\/histoire-du-basket-ball\/#primaryimage"},"image":{"@id":"https:\/\/bwarabia.com\/dz\/fr\/les-paris-sportifs\/histoire-du-basket-ball\/#primaryimage"},"thumbnailUrl":"https:\/\/bwarabia.com\/dz\/wp-content\/uploads\/sites\/10\/2025\/04\/C72DN8-3.jpg","datePublished":"2024-05-12T11:19:00+00:00","dateModified":"2025-05-16T09:24:04+00:00","description":"Betway Alg\u00e9rie: D\u00e9couvrez l\u2019histoire fascinante du basketball, de ses d\u00e9buts modestes aux \u00c9tats-Unis \u00e0 son succ\u00e8s mondial, avec un hommage aux l\u00e9gendes comme Jordan, LeBron et Abdul-Jabbar.","breadcrumb":{"@id":"https:\/\/bwarabia.com\/dz\/fr\/les-paris-sportifs\/histoire-du-basket-ball\/#breadcrumb"},"inLanguage":"fr-FR","potentialAction":[{"@type":"ReadAction","target":["https:\/\/bwarabia.com\/dz\/fr\/les-paris-sportifs\/histoire-du-basket-ball\/"]}]},{"@type":"ImageObject","inLanguage":"fr-FR","@id":"https:\/\/bwarabia.com\/dz\/fr\/les-paris-sportifs\/histoire-du-basket-ball\/#primaryimage","url":"https:\/\/bwarabia.com\/dz\/wp-content\/uploads\/sites\/10\/2025\/04\/C72DN8-3.jpg","contentUrl":"https:\/\/bwarabia.com\/dz\/wp-content\/uploads\/sites\/10\/2025\/04\/C72DN8-3.jpg","width":825,"height":659,"caption":"Histoire du basket-ball"},{"@type":"BreadcrumbList","@id":"https:\/\/bwarabia.com\/dz\/fr\/les-paris-sportifs\/histoire-du-basket-ball\/#breadcrumb","itemListElement":[{"@type":"ListItem","position":1,"name":"Home","item":"https:\/\/bwarabia.com\/dz\/fr\/"},{"@type":"ListItem","position":2,"name":"Sports","item":"https:\/\/bwarabia.com\/dz\/fr\/les-paris-sportifs\/"},{"@type":"ListItem","position":3,"name":"Histoire du Basketball"}]},{"@type":"WebSite","@id":"https:\/\/bwarabia.com\/dz\/fr\/#website","url":"https:\/\/bwarabia.com\/dz\/fr\/","name":"Betway Algerie","description":"","publisher":{"@id":"https:\/\/bwarabia.com\/dz\/fr\/#organization"},"potentialAction":[{"@type":"SearchAction","target":{"@type":"EntryPoint","urlTemplate":"https:\/\/bwarabia.com\/dz\/fr\/?s={search_term_string}"},"query-input":{"@type":"PropertyValueSpecification","valueRequired":true,"valueName":"search_term_string"}}],"inLanguage":"fr-FR"},{"@type":"Organization","@id":"https:\/\/bwarabia.com\/dz\/fr\/#organization","name":"Betway Algerie","url":"https:\/\/bwarabia.com\/dz\/fr\/","logo":{"@type":"ImageObject","inLanguage":"fr-FR","@id":"https:\/\/bwarabia.com\/dz\/fr\/#\/schema\/logo\/image\/","url":"https:\/\/bwarabia.com\/dz\/wp-content\/uploads\/sites\/10\/2024\/01\/bw_arabia_new.png","contentUrl":"https:\/\/bwarabia.com\/dz\/wp-content\/uploads\/sites\/10\/2024\/01\/bw_arabia_new.png","width":611,"height":176,"caption":"Betway Algerie"},"image":{"@id":"https:\/\/bwarabia.com\/dz\/fr\/#\/schema\/logo\/image\/"},"sameAs":["https:\/\/www.facebook.com\/BetwaySportsMENA\/","https:\/\/x.com\/betwayarabia","https:\/\/www.youtube.com\/@betwayarabia","https:\/\/www.instagram.com\/betwaysports_arabia\/"]}]}},"_links":{"self":[{"href":"https:\/\/bwarabia.com\/dz\/fr\/wp-json\/wp\/v2\/pages\/6261","targetHints":{"allow":["GET"]}}],"collection":[{"href":"https:\/\/bwarabia.com\/dz\/fr\/wp-json\/wp\/v2\/pages"}],"about":[{"href":"https:\/\/bwarabia.com\/dz\/fr\/wp-json\/wp\/v2\/types\/page"}],"author":[{"embeddable":true,"href":"https:\/\/bwarabia.com\/dz\/fr\/wp-json\/wp\/v2\/users\/9"}],"replies":[{"embeddable":true,"href":"https:\/\/bwarabia.com\/dz\/fr\/wp-json\/wp\/v2\/comments?post=6261"}],"version-history":[{"count":2,"href":"https:\/\/bwarabia.com\/dz\/fr\/wp-json\/wp\/v2\/pages\/6261\/revisions"}],"predecessor-version":[{"id":6811,"href":"https:\/\/bwarabia.com\/dz\/fr\/wp-json\/wp\/v2\/pages\/6261\/revisions\/6811"}],"up":[{"embeddable":true,"href":"https:\/\/bwarabia.com\/dz\/fr\/wp-json\/wp\/v2\/pages\/860"}],"wp:featuredmedia":[{"embeddable":true,"href":"https:\/\/bwarabia.com\/dz\/fr\/wp-json\/wp\/v2\/media\/6258"}],"wp:attachment":[{"href":"https:\/\/bwarabia.com\/dz\/fr\/wp-json\/wp\/v2\/media?parent=6261"}],"curies":[{"name":"wp","href":"https:\/\/api.w.org\/{rel}","templated":true}]}}