{"id":3516,"date":"2024-09-06T09:54:23","date_gmt":"2024-09-06T09:54:23","guid":{"rendered":"https:\/\/bwarabia.com\/dz\/?page_id=3516"},"modified":"2025-07-10T12:17:44","modified_gmt":"2025-07-10T12:17:44","slug":"relevez-le-prochain-defi-transformez-vos-pronostics-bwchallenge-en-un-pari-gagnant","status":"publish","type":"page","link":"https:\/\/bwarabia.com\/dz\/relevez-le-prochain-defi-transformez-vos-pronostics-bwchallenge-en-un-pari-gagnant\/","title":{"rendered":"Relevez le prochain d\u00e9fi : transformez vos pronostics BWChallenge en un pari gagnant"},"content":{"rendered":"<h1>Relevez le prochain d\u00e9fi\u00a0: transformez vos pronostics BWChallenge en un pari gagnant<\/h1>\n<p>Vous pouvez d\u00e9sormais transformer vos pronostics en paris r\u00e9els pour avoir la chance de gagner de l&rsquo;argent r\u00e9el avec le meilleur site de paris de football en ligne.<\/p>\n<p>Pr\u00e9sentation de Betway Sports \u2013 le site num\u00e9ro un des paris en ligne au Moyen-Orient et en Afrique du Nord.<\/p>\n<p>Cr\u00e9ez un compte avec Betway Sports et vous pourrez combiner des paris sur plusieurs \u00e9quipes pour gagner ou faire match nul pour des retours potentiellement importants.<\/p>\n<p>Si vous pensez \u00eatre un expert du football, c&rsquo;est le test ultime pour voir si vos pronostics peuvent vraiment \u00eatre payants.<\/p>\n<h2>Le meilleur site de paris sportifs en ligne au Moyen-Orient et en Afrique du Nord<\/h2>\n<p>Betway Sports est le meilleur site de paris sportifs en ligne au Middle East et en Afrique du Nord, car nous vous offrons une exp\u00e9rience sportive authentique.<\/p>\n<p>Nous sommes partenaires des plus grandes \u00e9quipes de football au monde : Betway est le sponsor officiel des paris de Manchester City, le sponsor officiel des paris d&rsquo;Arsenal, le sponsor officiel des paris de l&rsquo;Atl\u00e9tico Madrid, le sponsor officiel de West Ham, le sponsor officiel des paris de Nottingham Forest, le sponsor officiel des paris de Bournemouth et le sponsor officiel des paris de Brighton.<\/p>\n<p>Vous pouvez donc faire confiance \u00e0 Betway si vous souhaitez trouver le meilleur site de paris de football en ligne au Middle East et en Afrique du Nord et dans le monde.<\/p>\n<p>Avec Betway, vous avez acc\u00e8s \u00e0 du contenu et \u00e0 des promotions exclusifs que vous ne trouverez sur aucun autre site de paris de football en ligne.<\/p>\n<p>Si vous \u00eates un fan arabe de Manchester City, un fan arabe d&rsquo;Arsenal ou un fan arabe de n&rsquo;importe quel grand club de football, vous pouvez \u00eatre s\u00fbr que vous vivrez une exp\u00e9rience authentique avec Betway.<\/p>\n<p>Chez Betway, nous vous rapprochons de l&rsquo;action.<\/p>\n<h2>Gagnez des paris en ligne gratuits si vous faites des pronostics sur Betway<\/h2>\n<p>Betway propose des offres hebdomadaires qui offrent des paris en ligne gratuits \u00e0 nos clients s&rsquo;ils font des pronostics.<\/p>\n<p>Si vous pariez sur 4 \u00e9quipes ou plus et qu&rsquo;une de vos pr\u00e9dictions n&rsquo;est pas correcte, nous vous offrirons un pari gratuit \u00e9gal \u00e0 votre pari initial.<\/p>\n<p>Ainsi, si vous choisissez correctement trois \u00e9quipes et que vous en ratez une, vous obtenez un pari gratuit.<\/p>\n<p>PLUS<\/p>\n<p>Betway propose \u00e9galement des paris en ligne gratuits sur des jeux s\u00e9lectionn\u00e9s si vous placez un pari sur le match.<\/p>\n<p>Vous pouvez en savoir plus sur toutes ces offres en vous inscrivant \u00e0 notre liste de diffusion et en consultant la section Promotions du site Web de Betway.<\/p>\n<p>Ces offres de paris de football en ligne sont disponibles pour certains clients.<\/p>\n<p>Faites d\u00e9filer la page vers le bas pour obtenir des conseils sur les paris sportifs et pour en savoir plus sur la combinaison de paris.<\/p>\n<h2>Gagnez des produits de football et des billets de football<\/h2>\n<p>Chez Betway, nous pensons qu&rsquo;il faut r\u00e9compenser nos clients afin qu&rsquo;ils b\u00e9n\u00e9ficient de la meilleure exp\u00e9rience possible avec leurs paris de football en ligne.<\/p>\n<p>Inscrivez-vous \u00e0 la liste de diffusion BWArabia pour obtenir un acc\u00e8s exclusif \u00e0 nos cadeaux o\u00f9 vous aurez la chance de gagner des produits de football exclusifs et des billets de football.<\/p>\n<p>Nous savons que les fans arabes aiment le football et tous les fans arabes de Manchester City ou d&rsquo;Arsenal seront ravis d&rsquo;apprendre que Betway propose des cadeaux pour jouer sur les terrains de football de ces grands clubs.<\/p>\n<p>Oui, c&rsquo;est vrai &#8211; vous pourriez gagner la chance de jouer au football sur le m\u00eame terrain que les meilleurs joueurs de football du monde, simplement en faisant vos paris sportifs avec Betway.<\/p>\n<h2>Comment parier sur Betway<\/h2>\n<p>Si vous voulez avoir la chance de gagner de l&rsquo;argent r\u00e9el gr\u00e2ce \u00e0 vos paris de football en ligne, cr\u00e9ez un compte avec Betway.<\/p>\n<p>Une fois que vous avez un compte, vous pouvez acc\u00e9der \u00e0 la section football du site Web ou de l&rsquo;application.<\/p>\n<p>Vous pouvez voir les jeux populaires en cours ou cliquer sur \u00ab\u00a0Tous les footballs\u00a0\u00bb pour parcourir toutes les ligues de football du monde.<\/p>\n<p>Ensuite, vous faites vos pronostics en cliquant sur les \u00e9quipes qui, selon vous, gagneront ou feront match nul.<\/p>\n<p>Vous pouvez combiner deux ou plusieurs paris dans un \u00ab pari multiple \u00bb qui rapportera potentiellement un montant plus important si vos pr\u00e9dictions sont correctes.<\/p>\n<h2>Nos meilleurs conseils de paris sportifs en ligne<\/h2>\n<p>Si vous \u00eates un expert du football, vous saurez qu&rsquo;il est important d&rsquo;obtenir toutes les informations avant de placer vos paris.<\/p>\n<p>Consultez notre blog BWArabia pour des conseils sur les paris sportifs et une excellente analyse des paris sur le football qui peuvent vous aider si vous voulez gagner de l&rsquo;argent r\u00e9el.<\/p>\n<p>Vous trouverez des nouvelles sur les joueurs et les \u00e9quipes de toutes les ligues majeures.<\/p>\n<p>Vous pouvez \u00e9galement utiliser ces informations pour vous aider dans vos pr\u00e9visions BWChallenge.<\/p>\n","protected":false},"excerpt":{"rendered":"<p>Relevez le prochain d\u00e9fi\u00a0: transformez vos pronostics BWChallenge en un pari gagnant Vous pouvez d\u00e9sormais transformer vos pronostics en paris r\u00e9els pour avoir la chance de gagner de l&rsquo;argent r\u00e9el avec le meilleur site de paris de football en ligne. Pr\u00e9sentation de Betway Sports \u2013 le site num\u00e9ro un des paris en ligne au Moyen-Orient [&hellip;]<\/p>\n","protected":false},"author":9,"featured_media":6881,"parent":0,"menu_order":0,"comment_status":"closed","ping_status":"closed","template":"newseopages.php","meta":{"_acf_changed":false,"_yoast_wpseo_title":"","_yoast_wpseo_metadesc":"Vous pouvez d\u00e9sormais transformer vos pronostics en paris r\u00e9els pour avoir la chance de gagner de l'argent r\u00e9el avec le meilleur site de paris de football en ligne en Alg\u00e9rie.","footnotes":"","href_lang_slug_x_default":"","href_lang_slug_ae":"{\"en\":{\"ae\":\"https:\/\/bwarabia.com\/ae\/take-the-next-challenge-turn-your-bwchallenge-predictions-into-a-winning-bet\/\"},\"ar\":{\"ae\":\"https:\/\/bwarabia.com\/ae\/ar\/%d8%b4%d8%a7%d8%b1%d9%83-%d8%a8%d8%a7%d9%84%d8%aa%d8%ad%d8%af%d9%8a-%d8%a7%d9%84%d9%82%d8%a7%d8%af%d9%85-%d8%ad%d9%88%d9%91%d9%84-%d8%aa%d9%88%d9%82%d8%b9%d8%a7%d8%aa-%d8%aa%d8%ad%d8%af%d9%8a-bw\/\"}}","href_lang_slug_sa":"{\"en\":{\"sa\":\"https:\/\/bwarabia.com\/sa\/take-the-next-challenge-turn-your-bwchallenge-predictions-into-a-winning-bet\/\"},\"ar\":{\"sa\":\"https:\/\/bwarabia.com\/sa\/ar\/%d8%b4%d8%a7%d8%b1%d9%83-%d8%a8%d8%a7%d9%84%d8%aa%d8%ad%d8%af%d9%8a-%d8%a7%d9%84%d9%82%d8%a7%d8%af%d9%85-%d8%ad%d9%88%d9%91%d9%84-%d8%aa%d9%88%d9%82%d8%b9%d8%a7%d8%aa-%d8%aa%d8%ad%d8%af%d9%8a-bw\/\"}}","href_lang_slug_eg":"{\"en\":{\"eg\":\"https:\/\/bwarabia.com\/eg\/take-the-next-challenge-turn-your-bwchallenge-predictions-into-a-winning-bet\/\"},\"ar\":{\"eg\":\"https:\/\/bwarabia.com\/eg\/ar\/%d8%b4%d8%a7%d8%b1%d9%83-%d8%a8%d8%a7%d9%84%d8%aa%d8%ad%d8%af%d9%8a-%d8%a7%d9%84%d9%82%d8%a7%d8%af%d9%85-%d8%ad%d9%88%d9%91%d9%84-%d8%aa%d9%88%d9%82%d8%b9%d8%a7%d8%aa-%d8%aa%d8%ad%d8%af%d9%8a-bw\/\"}}","href_lang_slug_lb":"{\"en\":{\"lb\":\"https:\/\/bwarabia.com\/lb\/take-the-next-challenge-turn-your-bwchallenge-predictions-into-a-winning-bet\/\"},\"ar\":{\"lb\":\"https:\/\/bwarabia.com\/lb\/ar\/%d8%b4%d8%a7%d8%b1%d9%83-%d8%a8%d8%a7%d9%84%d8%aa%d8%ad%d8%af%d9%8a-%d8%a7%d9%84%d9%82%d8%a7%d8%af%d9%85-%d8%ad%d9%88%d9%91%d9%84-%d8%aa%d9%88%d9%82%d8%b9%d8%a7%d8%aa-%d8%aa%d8%ad%d8%af%d9%8a-bw\/\"}}","href_lang_slug_kw":"{\"en\":{\"kw\":\"https:\/\/bwarabia.com\/kw\/take-the-next-challenge-turn-your-bwchallenge-predictions-into-a-winning-bet\/\"},\"ar\":{\"kw\":\"https:\/\/bwarabia.com\/kw\/ar\/%d8%b4%d8%a7%d8%b1%d9%83-%d8%a8%d8%a7%d9%84%d8%aa%d8%ad%d8%af%d9%8a-%d8%a7%d9%84%d9%82%d8%a7%d8%af%d9%85-%d8%ad%d9%88%d9%91%d9%84-%d8%aa%d9%88%d9%82%d8%b9%d8%a7%d8%aa-%d8%aa%d8%ad%d8%af%d9%8a-bw\/\"}}","href_lang_slug_bh":"{\"en\":{\"bh\":\"https:\/\/bwarabia.com\/bh\/take-the-next-challenge-turn-your-bwchallenge-predictions-into-a-winning-bet\/\"},\"ar\":{\"bh\":\"https:\/\/bwarabia.com\/bh\/ar\/%D8%B4%D8%A7%D8%B1%D9%83-%D8%A8%D8%A7%D9%84%D8%AA%D8%AD%D8%AF%D9%8A-%D8%A7%D9%84%D9%82%D8%A7%D8%AF%D9%85-%D8%AD%D9%88%D9%91%D9%84-%D8%AA%D9%88%D9%82%D8%B9%D8%A7%D8%AA-%D8%AA%D8%AD%D8%AF%D9%8A-bw\/\"}}","href_lang_slug_om":"{\"en\":{\"om\":\"https:\/\/bwarabia.com\/om\/take-the-next-challenge-turn-your-bwchallenge-predictions-into-a-winning-bet\/\"},\"ar\":{\"om\":\"https:\/\/bwarabia.com\/om\/ar\/%d8%b4%d8%a7%d8%b1%d9%83-%d8%a8%d8%a7%d9%84%d8%aa%d8%ad%d8%af%d9%8a-%d8%a7%d9%84%d9%82%d8%a7%d8%af%d9%85-%d8%ad%d9%88%d9%91%d9%84-%d8%aa%d9%88%d9%82%d8%b9%d8%a7%d8%aa-%d8%aa%d8%ad%d8%af%d9%8a-bw\/\"}}","href_lang_slug_jo":"{\"en\":{\"jo\":\"https:\/\/bwarabia.com\/jo\/take-the-next-challenge-turn-your-bwchallenge-predictions-into-a-winning-bet\/\"},\"ar\":{\"jo\":\"https:\/\/bwarabia.com\/jo\/ar\/%D8%B4%D8%A7%D8%B1%D9%83-%D8%A8%D8%A7%D9%84%D8%AA%D8%AD%D8%AF%D9%8A-%D8%A7%D9%84%D9%82%D8%A7%D8%AF%D9%85-%D8%AD%D9%88%D9%91%D9%84-%D8%AA%D9%88%D9%82%D8%B9%D8%A7%D8%AA-%D8%AA%D8%AD%D8%AF%D9%8A-bw\/\"}}","href_lang_slug_qa":"{\"en\":{\"qa\":\"https:\/\/bwarabia.com\/qa\/take-the-next-challenge-turn-your-bwchallenge-predictions-into-a-winning-bet\/\"},\"ar\":{\"qa\":\"https:\/\/bwarabia.com\/qa\/ar\/%D8%B4%D8%A7%D8%B1%D9%83-%D8%A8%D8%A7%D9%84%D8%AA%D8%AD%D8%AF%D9%8A-%D8%A7%D9%84%D9%82%D8%A7%D8%AF%D9%85-%D8%AD%D9%88%D9%91%D9%84-%D8%AA%D9%88%D9%82%D8%B9%D8%A7%D8%AA-%D8%AA%D8%AD%D8%AF%D9%8A-bw\/\"}}","href_lang_slug_tn":"{\"ar\":{\"tn\":\"https:\/\/bwarabia.com\/tn\/ar\/%d8%b4%d8%a7%d8%b1%d9%83-%d8%a8%d8%a7%d9%84%d8%aa%d8%ad%d8%af%d9%8a-%d8%a7%d9%84%d9%82%d8%a7%d8%af%d9%85-%d8%ad%d9%88%d9%91%d9%84-%d8%aa%d9%88%d9%82%d8%b9%d8%a7%d8%aa-%d8%aa%d8%ad%d8%af%d9%8a-bw\/\"},\"fr\":{\"tn\":\"https:\/\/bwarabia.com\/tn\/fr\/relevez-le-prochain-defi-transformez-vos-pronostics-bwchallenge-en-un-pari-gagnant\/\"}}","href_lang_slug_ma":"{\"ar\":{\"ma\":\"https:\/\/bwarabia.com\/ma\/ar\/%d8%b4%d8%a7%d8%b1%d9%83-%d8%a8%d8%a7%d9%84%d8%aa%d8%ad%d8%af%d9%8a-%d8%a7%d9%84%d9%82%d8%a7%d8%af%d9%85-%d8%ad%d9%88%d9%91%d9%84-%d8%aa%d9%88%d9%82%d8%b9%d8%a7%d8%aa-%d8%aa%d8%ad%d8%af%d9%8a-bw\/\"},\"fr\":{\"ma\":\"https:\/\/bwarabia.com\/ma\/fr\/relevez-le-prochain-defi-transformez-vos-pronostics-bwchallenge-en-un-pari-gagnant\/\"}}","href_lang_slug_dz":"{\"ar\":{\"dz\":\"https:\/\/bwarabia.com\/dz\/ar\/%d8%b4%d8%a7%d8%b1%d9%83-%d8%a8%d8%a7%d9%84%d8%aa%d8%ad%d8%af%d9%8a-%d8%a7%d9%84%d9%82%d8%a7%d8%af%d9%85-%d8%ad%d9%88%d9%91%d9%84-%d8%aa%d9%88%d9%82%d8%b9%d8%a7%d8%aa-%d8%aa%d8%ad%d8%af%d9%8a-bw\/\"},\"fr\":{\"dz\":\"https:\/\/bwarabia.com\/dz\/fr\/relevez-le-prochain-defi-transformez-vos-pronostics-bwchallenge-en-un-pari-gagnant\/\"}}"},"class_list":["post-3516","page","type-page","status-publish","has-post-thumbnail","hentry"],"acf":[],"yoast_head":"<!-- This site is optimized with the Yoast SEO plugin v27.2 - https:\/\/yoast.com\/product\/yoast-seo-wordpress\/ -->\n<title>Relevez le prochain d\u00e9fi : transformez vos pronostics BWChallenge en un pari gagnant - Betway Algerie<\/title>\n<meta name=\"description\" content=\"Vous pouvez d\u00e9sormais transformer vos pronostics en paris r\u00e9els pour avoir la chance de gagner de l&#039;argent r\u00e9el avec le meilleur site de paris de football en ligne en Alg\u00e9rie.\" \/>\n<meta name=\"robots\" content=\"index, follow, max-snippet:-1, max-image-preview:large, max-video-preview:-1\" \/>\n<link rel=\"canonical\" href=\"https:\/\/bwarabia.com\/dz\/relevez-le-prochain-defi-transformez-vos-pronostics-bwchallenge-en-un-pari-gagnant\/\" \/>\n<meta property=\"og:locale\" content=\"fr_FR\" \/>\n<meta property=\"og:type\" content=\"article\" \/>\n<meta property=\"og:title\" content=\"Relevez le prochain d\u00e9fi : transformez vos pronostics BWChallenge en un pari gagnant - Betway Algerie\" \/>\n<meta property=\"og:description\" content=\"Vous pouvez d\u00e9sormais transformer vos pronostics en paris r\u00e9els pour avoir la chance de gagner de l&#039;argent r\u00e9el avec le meilleur site de paris de football en ligne en Alg\u00e9rie.\" \/>\n<meta property=\"og:url\" content=\"https:\/\/bwarabia.com\/dz\/relevez-le-prochain-defi-transformez-vos-pronostics-bwchallenge-en-un-pari-gagnant\/\" \/>\n<meta property=\"og:site_name\" content=\"Betway Algerie\" \/>\n<meta property=\"article:publisher\" content=\"https:\/\/www.facebook.com\/BetwaySportsMENA\/\" \/>\n<meta property=\"article:modified_time\" content=\"2025-07-10T12:17:44+00:00\" \/>\n<meta property=\"og:image\" content=\"https:\/\/bwarabia.com\/dz\/wp-content\/themes\/BWA_LLD_Tailwind_Theme\/assets\/img\/Open_graph_image.png\" \/>\n\t<meta property=\"og:image:width\" content=\"825\" \/>\n\t<meta property=\"og:image:height\" content=\"465\" \/>\n\t<meta property=\"og:image:type\" content=\"image\/jpeg\" \/>\n<meta name=\"twitter:card\" content=\"summary_large_image\" \/>\n<meta name=\"twitter:image\" content=\"https:\/\/bwarabia.com\/dz\/wp-content\/themes\/BWA_LLD_Tailwind_Theme\/assets\/img\/Open_graph_image.png\" \/>\n<meta name=\"twitter:site\" content=\"@betwayarabia\" \/>\n<meta name=\"twitter:label1\" content=\"Dur\u00e9e de lecture estim\u00e9e\" \/>\n\t<meta name=\"twitter:data1\" content=\"4 minutes\" \/>\n<script type=\"application\/ld+json\" class=\"yoast-schema-graph\">{\"@context\":\"https:\/\/schema.org\",\"@graph\":[{\"@type\":\"WebPage\",\"@id\":\"https:\/\/bwarabia.com\/dz\/relevez-le-prochain-defi-transformez-vos-pronostics-bwchallenge-en-un-pari-gagnant\/\",\"url\":\"https:\/\/bwarabia.com\/dz\/relevez-le-prochain-defi-transformez-vos-pronostics-bwchallenge-en-un-pari-gagnant\/\",\"name\":\"Relevez le prochain d\u00e9fi : transformez vos pronostics BWChallenge en un pari gagnant - Betway Algerie\",\"isPartOf\":{\"@id\":\"https:\/\/bwarabia.com\/dz\/fr\/#website\"},\"primaryImageOfPage\":{\"@id\":\"https:\/\/bwarabia.com\/dz\/relevez-le-prochain-defi-transformez-vos-pronostics-bwchallenge-en-un-pari-gagnant\/#primaryimage\"},\"image\":{\"@id\":\"https:\/\/bwarabia.com\/dz\/relevez-le-prochain-defi-transformez-vos-pronostics-bwchallenge-en-un-pari-gagnant\/#primaryimage\"},\"thumbnailUrl\":\"https:\/\/bwarabia.com\/dz\/wp-content\/uploads\/sites\/10\/2025\/05\/BWC_Blog_Banner_EN.jpg\",\"datePublished\":\"2024-09-06T09:54:23+00:00\",\"dateModified\":\"2025-07-10T12:17:44+00:00\",\"description\":\"Vous pouvez d\u00e9sormais transformer vos pronostics en paris r\u00e9els pour avoir la chance de gagner de l'argent r\u00e9el avec le meilleur site de paris de football en ligne en Alg\u00e9rie.\",\"breadcrumb\":{\"@id\":\"https:\/\/bwarabia.com\/dz\/relevez-le-prochain-defi-transformez-vos-pronostics-bwchallenge-en-un-pari-gagnant\/#breadcrumb\"},\"inLanguage\":\"fr-FR\",\"potentialAction\":[{\"@type\":\"ReadAction\",\"target\":[\"https:\/\/bwarabia.com\/dz\/relevez-le-prochain-defi-transformez-vos-pronostics-bwchallenge-en-un-pari-gagnant\/\"]}]},{\"@type\":\"ImageObject\",\"inLanguage\":\"fr-FR\",\"@id\":\"https:\/\/bwarabia.com\/dz\/relevez-le-prochain-defi-transformez-vos-pronostics-bwchallenge-en-un-pari-gagnant\/#primaryimage\",\"url\":\"https:\/\/bwarabia.com\/dz\/wp-content\/uploads\/sites\/10\/2025\/05\/BWC_Blog_Banner_EN.jpg\",\"contentUrl\":\"https:\/\/bwarabia.com\/dz\/wp-content\/uploads\/sites\/10\/2025\/05\/BWC_Blog_Banner_EN.jpg\",\"width\":825,\"height\":465},{\"@type\":\"BreadcrumbList\",\"@id\":\"https:\/\/bwarabia.com\/dz\/relevez-le-prochain-defi-transformez-vos-pronostics-bwchallenge-en-un-pari-gagnant\/#breadcrumb\",\"itemListElement\":[{\"@type\":\"ListItem\",\"position\":1,\"name\":\"Home\",\"item\":\"https:\/\/bwarabia.com\/dz\/fr\/\"},{\"@type\":\"ListItem\",\"position\":2,\"name\":\"Relevez le prochain d\u00e9fi : transformez vos pronostics BWChallenge en un pari gagnant\"}]},{\"@type\":\"WebSite\",\"@id\":\"https:\/\/bwarabia.com\/dz\/fr\/#website\",\"url\":\"https:\/\/bwarabia.com\/dz\/fr\/\",\"name\":\"Betway Algerie\",\"description\":\"\",\"publisher\":{\"@id\":\"https:\/\/bwarabia.com\/dz\/fr\/#organization\"},\"potentialAction\":[{\"@type\":\"SearchAction\",\"target\":{\"@type\":\"EntryPoint\",\"urlTemplate\":\"https:\/\/bwarabia.com\/dz\/fr\/?s={search_term_string}\"},\"query-input\":{\"@type\":\"PropertyValueSpecification\",\"valueRequired\":true,\"valueName\":\"search_term_string\"}}],\"inLanguage\":\"fr-FR\"},{\"@type\":\"Organization\",\"@id\":\"https:\/\/bwarabia.com\/dz\/fr\/#organization\",\"name\":\"Betway Algerie\",\"url\":\"https:\/\/bwarabia.com\/dz\/fr\/\",\"logo\":{\"@type\":\"ImageObject\",\"inLanguage\":\"fr-FR\",\"@id\":\"https:\/\/bwarabia.com\/dz\/fr\/#\/schema\/logo\/image\/\",\"url\":\"https:\/\/bwarabia.com\/dz\/wp-content\/uploads\/sites\/10\/2024\/01\/bw_arabia_new.png\",\"contentUrl\":\"https:\/\/bwarabia.com\/dz\/wp-content\/uploads\/sites\/10\/2024\/01\/bw_arabia_new.png\",\"width\":611,\"height\":176,\"caption\":\"Betway Algerie\"},\"image\":{\"@id\":\"https:\/\/bwarabia.com\/dz\/fr\/#\/schema\/logo\/image\/\"},\"sameAs\":[\"https:\/\/www.facebook.com\/BetwaySportsMENA\/\",\"https:\/\/x.com\/betwayarabia\",\"https:\/\/www.youtube.com\/@betwayarabia\",\"https:\/\/www.instagram.com\/betwaysports_arabia\/\"]}]}<\/script>\n<!-- \/ Yoast SEO plugin. -->","yoast_head_json":{"title":"Relevez le prochain d\u00e9fi : transformez vos pronostics BWChallenge en un pari gagnant - Betway Algerie","description":"Vous pouvez d\u00e9sormais transformer vos pronostics en paris r\u00e9els pour avoir la chance de gagner de l'argent r\u00e9el avec le meilleur site de paris de football en ligne en Alg\u00e9rie.","robots":{"index":"index","follow":"follow","max-snippet":"max-snippet:-1","max-image-preview":"max-image-preview:large","max-video-preview":"max-video-preview:-1"},"canonical":"https:\/\/bwarabia.com\/dz\/relevez-le-prochain-defi-transformez-vos-pronostics-bwchallenge-en-un-pari-gagnant\/","og_locale":"fr_FR","og_type":"article","og_title":"Relevez le prochain d\u00e9fi : transformez vos pronostics BWChallenge en un pari gagnant - Betway Algerie","og_description":"Vous pouvez d\u00e9sormais transformer vos pronostics en paris r\u00e9els pour avoir la chance de gagner de l'argent r\u00e9el avec le meilleur site de paris de football en ligne en Alg\u00e9rie.","og_url":"https:\/\/bwarabia.com\/dz\/relevez-le-prochain-defi-transformez-vos-pronostics-bwchallenge-en-un-pari-gagnant\/","og_site_name":"Betway Algerie","article_publisher":"https:\/\/www.facebook.com\/BetwaySportsMENA\/","article_modified_time":"2025-07-10T12:17:44+00:00","og_image":[{"width":825,"height":465,"url":"https:\/\/bwarabia.com\/dz\/wp-content\/themes\/BWA_LLD_Tailwind_Theme\/assets\/img\/Open_graph_image.png","type":"image\/jpeg"}],"twitter_card":"summary_large_image","twitter_image":"https:\/\/bwarabia.com\/dz\/wp-content\/themes\/BWA_LLD_Tailwind_Theme\/assets\/img\/Open_graph_image.png","twitter_site":"@betwayarabia","twitter_misc":{"Dur\u00e9e de lecture estim\u00e9e":"4 minutes"},"schema":{"@context":"https:\/\/schema.org","@graph":[{"@type":"WebPage","@id":"https:\/\/bwarabia.com\/dz\/relevez-le-prochain-defi-transformez-vos-pronostics-bwchallenge-en-un-pari-gagnant\/","url":"https:\/\/bwarabia.com\/dz\/relevez-le-prochain-defi-transformez-vos-pronostics-bwchallenge-en-un-pari-gagnant\/","name":"Relevez le prochain d\u00e9fi : transformez vos pronostics BWChallenge en un pari gagnant - Betway Algerie","isPartOf":{"@id":"https:\/\/bwarabia.com\/dz\/fr\/#website"},"primaryImageOfPage":{"@id":"https:\/\/bwarabia.com\/dz\/relevez-le-prochain-defi-transformez-vos-pronostics-bwchallenge-en-un-pari-gagnant\/#primaryimage"},"image":{"@id":"https:\/\/bwarabia.com\/dz\/relevez-le-prochain-defi-transformez-vos-pronostics-bwchallenge-en-un-pari-gagnant\/#primaryimage"},"thumbnailUrl":"https:\/\/bwarabia.com\/dz\/wp-content\/uploads\/sites\/10\/2025\/05\/BWC_Blog_Banner_EN.jpg","datePublished":"2024-09-06T09:54:23+00:00","dateModified":"2025-07-10T12:17:44+00:00","description":"Vous pouvez d\u00e9sormais transformer vos pronostics en paris r\u00e9els pour avoir la chance de gagner de l'argent r\u00e9el avec le meilleur site de paris de football en ligne en Alg\u00e9rie.","breadcrumb":{"@id":"https:\/\/bwarabia.com\/dz\/relevez-le-prochain-defi-transformez-vos-pronostics-bwchallenge-en-un-pari-gagnant\/#breadcrumb"},"inLanguage":"fr-FR","potentialAction":[{"@type":"ReadAction","target":["https:\/\/bwarabia.com\/dz\/relevez-le-prochain-defi-transformez-vos-pronostics-bwchallenge-en-un-pari-gagnant\/"]}]},{"@type":"ImageObject","inLanguage":"fr-FR","@id":"https:\/\/bwarabia.com\/dz\/relevez-le-prochain-defi-transformez-vos-pronostics-bwchallenge-en-un-pari-gagnant\/#primaryimage","url":"https:\/\/bwarabia.com\/dz\/wp-content\/uploads\/sites\/10\/2025\/05\/BWC_Blog_Banner_EN.jpg","contentUrl":"https:\/\/bwarabia.com\/dz\/wp-content\/uploads\/sites\/10\/2025\/05\/BWC_Blog_Banner_EN.jpg","width":825,"height":465},{"@type":"BreadcrumbList","@id":"https:\/\/bwarabia.com\/dz\/relevez-le-prochain-defi-transformez-vos-pronostics-bwchallenge-en-un-pari-gagnant\/#breadcrumb","itemListElement":[{"@type":"ListItem","position":1,"name":"Home","item":"https:\/\/bwarabia.com\/dz\/fr\/"},{"@type":"ListItem","position":2,"name":"Relevez le prochain d\u00e9fi : transformez vos pronostics BWChallenge en un pari gagnant"}]},{"@type":"WebSite","@id":"https:\/\/bwarabia.com\/dz\/fr\/#website","url":"https:\/\/bwarabia.com\/dz\/fr\/","name":"Betway Algerie","description":"","publisher":{"@id":"https:\/\/bwarabia.com\/dz\/fr\/#organization"},"potentialAction":[{"@type":"SearchAction","target":{"@type":"EntryPoint","urlTemplate":"https:\/\/bwarabia.com\/dz\/fr\/?s={search_term_string}"},"query-input":{"@type":"PropertyValueSpecification","valueRequired":true,"valueName":"search_term_string"}}],"inLanguage":"fr-FR"},{"@type":"Organization","@id":"https:\/\/bwarabia.com\/dz\/fr\/#organization","name":"Betway Algerie","url":"https:\/\/bwarabia.com\/dz\/fr\/","logo":{"@type":"ImageObject","inLanguage":"fr-FR","@id":"https:\/\/bwarabia.com\/dz\/fr\/#\/schema\/logo\/image\/","url":"https:\/\/bwarabia.com\/dz\/wp-content\/uploads\/sites\/10\/2024\/01\/bw_arabia_new.png","contentUrl":"https:\/\/bwarabia.com\/dz\/wp-content\/uploads\/sites\/10\/2024\/01\/bw_arabia_new.png","width":611,"height":176,"caption":"Betway Algerie"},"image":{"@id":"https:\/\/bwarabia.com\/dz\/fr\/#\/schema\/logo\/image\/"},"sameAs":["https:\/\/www.facebook.com\/BetwaySportsMENA\/","https:\/\/x.com\/betwayarabia","https:\/\/www.youtube.com\/@betwayarabia","https:\/\/www.instagram.com\/betwaysports_arabia\/"]}]}},"_links":{"self":[{"href":"https:\/\/bwarabia.com\/dz\/wp-json\/wp\/v2\/pages\/3516","targetHints":{"allow":["GET"]}}],"collection":[{"href":"https:\/\/bwarabia.com\/dz\/wp-json\/wp\/v2\/pages"}],"about":[{"href":"https:\/\/bwarabia.com\/dz\/wp-json\/wp\/v2\/types\/page"}],"author":[{"embeddable":true,"href":"https:\/\/bwarabia.com\/dz\/wp-json\/wp\/v2\/users\/9"}],"replies":[{"embeddable":true,"href":"https:\/\/bwarabia.com\/dz\/wp-json\/wp\/v2\/comments?post=3516"}],"version-history":[{"count":3,"href":"https:\/\/bwarabia.com\/dz\/wp-json\/wp\/v2\/pages\/3516\/revisions"}],"predecessor-version":[{"id":6880,"href":"https:\/\/bwarabia.com\/dz\/wp-json\/wp\/v2\/pages\/3516\/revisions\/6880"}],"wp:featuredmedia":[{"embeddable":true,"href":"https:\/\/bwarabia.com\/dz\/wp-json\/wp\/v2\/media\/6881"}],"wp:attachment":[{"href":"https:\/\/bwarabia.com\/dz\/wp-json\/wp\/v2\/media?parent=3516"}],"curies":[{"name":"wp","href":"https:\/\/api.w.org\/{rel}","templated":true}]}}