{"id":4836,"date":"2025-01-20T12:54:09","date_gmt":"2025-01-20T12:54:09","guid":{"rendered":"https:\/\/bwarabia.com\/dz\/?page_id=4836"},"modified":"2025-01-28T11:50:19","modified_gmt":"2025-01-28T11:50:19","slug":"permettez-nous-de-vous-presenter-la-lightning-roulette","status":"publish","type":"page","link":"https:\/\/bwarabia.com\/dz\/casino-enligne\/permettez-nous-de-vous-presenter-la-lightning-roulette\/","title":{"rendered":"Permettez-nous de vous pr\u00e9senter la Lightning Roulette"},"content":{"rendered":"<h1>Permettez-nous de vous pr\u00e9senter la Lightning Roulette<\/h1>\n<p>D\u00e9couvrez notre luxueux Betway <a href=\"https:\/\/bwarabia.com\/dz\/casino-enligne\/\">Casino <\/a>\u2013 le meilleur site de casino en ligne proposant la Live Lightning Roulette, le Live Blackjack, des machines \u00e0 sous et bien plus encore.<\/p>\n<p>Admirez notre table de roulette en ligne captivante, la Lightning Roulette \u2013 une version avanc\u00e9e du classique du casino avec des \u00e9l\u00e9ments RNG sophistiqu\u00e9s, o\u00f9 vous pouvez jouer et gagner de l\u2019argent r\u00e9el.<\/p>\n<p>Retrouvez toutes les fonctionnalit\u00e9s classiques de la roulette en ligne, enrichies de composants uniques tels que les Num\u00e9ros Chance et les Gains Chance offrant des paiements \u00e9lev\u00e9s. Plongez dans une interface utilisateur \u00e9l\u00e9gante et audacieuse, dans un d\u00e9cor art d\u00e9co noir et or. Naturellement, un croupier en direct sera l\u00e0 pour recueillir vos mises.<\/p>\n<p>Pas besoin de renoncer \u00e0 l\u2019ambiance d\u2019un casino terrestre : gr\u00e2ce \u00e0 sa capacit\u00e9 \u00e0 accueillir un nombre illimit\u00e9 de joueurs, la Lightning Roulette garantit une exp\u00e9rience immersive. Avec sa vid\u00e9o HD en direct, vous aurez l\u2019impression de vous trouver dans un v\u00e9ritable casino terrestre.<br \/>\nPeu importe o\u00f9 vous \u00eates : installez-vous confortablement avec votre ordinateur ou appareil mobile, et rejoignez le meilleur casino en ligne pour une exp\u00e9rience de divertissement exceptionnelle.<\/p>\n<h2><strong>Comment jouer \u00e0 la Lightning Roulette<\/strong><\/h2>\n<p>Ce jeu visuellement \u00e9poustouflant et \u00e9lectrisant reprend les bases de la roulette en ligne, avec en prime des gains exceptionnels gr\u00e2ce aux Num\u00e9ros Chance de chaque manche. Dans chaque partie, entre un et cinq Num\u00e9ros Chance sont frapp\u00e9s par la foudre, offrant des gains multipli\u00e9s entre 50x et 500x.<\/p>\n<p>Dans la Lightning Roulette, toutes les mises classiques de la roulette en ligne sont disponibles, comme dans notre Roulette Arabe. Cependant, des opportunit\u00e9s suppl\u00e9mentaires de gains sont possibles gr\u00e2ce aux Num\u00e9ros Chance et Gains Chance g\u00e9n\u00e9r\u00e9s al\u00e9atoirement (multiplicateurs de 50x, 100x, 200x, 300x, 400x et 500x).<\/p>\n<p>Apr\u00e8s validation des mises, jusqu\u2019\u00e0 cinq Num\u00e9ros Chance et leurs multiplicateurs sont g\u00e9n\u00e9r\u00e9s al\u00e9atoirement. Chaque Num\u00e9ro Chance rapporte un gain de 50 \u00e0 500:1 si la bille s\u2019arr\u00eate sur ce num\u00e9ro et si vous avez plac\u00e9 une mise directe dessus. Les mises directes sans multiplicateur rapportent 30:1. Les autres mises, telles que les partages, carr\u00e9s, rouge\/noir et douzaines, suivent les paiements standards de la roulette en ligne.<\/p>\n<p>Avec la Lightning Roulette, vous pouvez miser d\u00e8s 0,20 $ par tour, rendant le jeu accessible \u00e0 tous. Le jeu propose aussi une option de statistiques pour consulter les derniers num\u00e9ros gagnants et \u00e9laborer votre strat\u00e9gie. De plus, vous pouvez ajuster la vue vid\u00e9o pour discuter avec le croupier et interagir avec les autres joueurs via le chat en direct.<\/p>\n<h2><strong>Autres jeux de casino en ligne en direct<\/strong><\/h2>\n<p>Si vous appr\u00e9ciez la Lightning Roulette, explorez d\u2019autres jeux en direct dans notre casino en ligne. Nous proposons une table pour les amateurs de Roulette Arabe et de Live Blackjack, ainsi que de nombreuses autres variantes et machines \u00e0 sous \u2013 pour une exp\u00e9rience de casino en ligne in\u00e9gal\u00e9e.<\/p>\n<p>Avec la Roulette Arabe, vous pouvez discuter avec nos h\u00f4tes en arabe tout en jouant \u00e0 la roulette en ligne. Chez Betway, nous avons \u00e0 c\u0153ur d\u2019offrir la meilleure exp\u00e9rience de casino en ligne au Moyen-Orient, en vous permettant de jouer en argent r\u00e9el et dans votre langue natale.<\/p>\n<p>Maintenant que vous savez tout ce que nous avons \u00e0 offrir, qu\u2019allez-vous choisir ? Rejoignez-nous sur Betway et montrez-nous de quoi vous \u00eates capable sur l\u2019un de nos jeux, qu\u2019il s\u2019agisse de votre favori ou d\u2019un nouveau d\u00e9fi.<\/p>\n<p>&nbsp;<\/p>\n","protected":false},"excerpt":{"rendered":"<p>Permettez-nous de vous pr\u00e9senter la Lightning Roulette D\u00e9couvrez notre luxueux Betway Casino \u2013 le meilleur site de casino en ligne proposant la Live Lightning Roulette, le Live Blackjack, des machines \u00e0 sous et bien plus encore. Admirez notre table de roulette en ligne captivante, la Lightning Roulette \u2013 une version avanc\u00e9e du classique du casino [&hellip;]<\/p>\n","protected":false},"author":10,"featured_media":4818,"parent":846,"menu_order":0,"comment_status":"closed","ping_status":"closed","template":"newseopages.php","meta":{"_acf_changed":false,"_yoast_wpseo_title":"","_yoast_wpseo_metadesc":"Betway Algerie - Jouez \u00e0 la Lightning Roulette sur Betway Casino et profitez de gains jusqu\u2019\u00e0 500x dans une exp\u00e9rience de casino immersive.","footnotes":"","href_lang_slug_x_default":"","href_lang_slug_ae":"{\"ar\": {\"ae\": \"https:\/\/bwarabia.com\/ae\/ar\/casino\/%d8%a7%d8%b3%d9%85%d8%ad-%d9%84%d9%86%d8%a7-%d8%a8%d8%aa%d9%82%d8%af%d9%8a%d9%85-%d9%84%d8%b9%d8%a8%d8%a9-%d9%84%d8%a7%d9%8a%d8%aa%d9%86%d9%8a%d9%86%d8%ba-%d8%b1%d9%88%d9%84%d9%8a%d8%aa\"}, \"en\": {\"ae\": \"https:\/\/bwarabia.com\/ae\/casino\/allow-us-to-introduce-lightning-roulette\"}}","href_lang_slug_sa":"{\"ar\": {\"sa\": \"https:\/\/bwarabia.com\/sa\/ar\/%d8%a7%d9%84%d9%83%d8%a7%d8%b2%d9%8a%d9%86%d9%88%d9%87%d8%a7%d8%aa-%d8%b9%d9%84%d9%89-%d8%a7%d9%84%d8%a5%d9%86%d8%aa%d8%b1%d9%86%d8%aa\/%d8%a7%d8%b3%d9%85%d8%ad-%d9%84%d9%86%d8%a7-%d8%a8%d8%aa%d9%82%d8%af%d9%8a%d9%85-%d9%84%d8%b9%d8%a8%d8%a9-%d9%84%d8%a7%d9%8a%d8%aa%d9%86%d9%8a%d9%86%d8%ba-%d8%b1%d9%88%d9%84%d9%8a%d8%aa\"}, \"en\": {\"sa\": \"https:\/\/bwarabia.com\/sa\/live-casino-online\/allow-us-to-introduce-lightning-roulette\"}}","href_lang_slug_eg":"{\"ar\": {\"eg\": \"https:\/\/bwarabia.com\/eg\/ar\/%d9%83%d8%a7%d8%b2%d9%8a%d9%86%d9%88-%d8%b9%d9%84%d9%89-%d8%a7%d9%84%d8%a5%d9%86%d8%aa%d8%b1%d9%86%d8%aa\/%d8%a7%d8%b3%d9%85%d8%ad-%d9%84%d9%86%d8%a7-%d8%a8%d8%aa%d9%82%d8%af%d9%8a%d9%85-%d9%84%d8%b9%d8%a8%d8%a9-%d9%84%d8%a7%d9%8a%d8%aa%d9%86%d9%8a%d9%86%d8%ba-%d8%b1%d9%88%d9%84%d9%8a%d8%aa\"}, \"en\": {\"eg\": \"https:\/\/bwarabia.com\/eg\/casino\/allow-us-to-introduce-lightning-roulette\"}}","href_lang_slug_lb":"{\"ar\": {\"lb\": \"https:\/\/bwarabia.com\/lb\/ar\/online-casino\/%d8%a7%d8%b3%d9%85%d8%ad-%d9%84%d9%86%d8%a7-%d8%a8%d8%aa%d9%82%d8%af%d9%8a%d9%85-%d9%84%d8%b9%d8%a8%d8%a9-%d9%84%d8%a7%d9%8a%d8%aa%d9%86%d9%8a%d9%86%d8%ba-%d8%b1%d9%88%d9%84%d9%8a%d8%aa\"}, \"en\": {\"lb\": \"https:\/\/bwarabia.com\/lb\/online-casino\/allow-us-to-introduce-lightning-roulette\"}}","href_lang_slug_kw":"{\"ar\": {\"kw\": \"https:\/\/bwarabia.com\/kw\/ar\/%d9%83%d8%a7%d8%b2%d9%8a%d9%86%d9%88-%d8%b9%d9%84%d9%89-%d8%a7%d9%84%d8%a7%d9%86%d8%aa%d8%b1%d9%86%d8%aa\/%d8%a7%d8%b3%d9%85%d8%ad-%d9%84%d9%86%d8%a7-%d8%a8%d8%aa%d9%82%d8%af%d9%8a%d9%85-%d9%84%d8%b9%d8%a8%d8%a9-%d9%84%d8%a7%d9%8a%d8%aa%d9%86%d9%8a%d9%86%d8%ba-%d8%b1%d9%88%d9%84%d9%8a%d8%aa\"}, \"en\": {\"kw\": \"https:\/\/bwarabia.com\/kw\/online-casino\/allow-us-to-introduce-lightning-roulette\"}}","href_lang_slug_bh":"{\"ar\": {\"bh\": \"https:\/\/bwarabia.com\/bh\/ar\/casino\/%d8%a7%d8%b3%d9%85%d8%ad-%d9%84%d9%86%d8%a7-%d8%a8%d8%aa%d9%82%d8%af%d9%8a%d9%85-%d9%84%d8%b9%d8%a8%d8%a9-%d9%84%d8%a7%d9%8a%d8%aa%d9%86%d9%8a%d9%86%d8%ba-%d8%b1%d9%88%d9%84%d9%8a%d8%aa\"}, \"en\": {\"bh\": \"https:\/\/bwarabia.com\/bh\/online-casino\/allow-us-to-introduce-lightning-roulette\"}}","href_lang_slug_om":"{\"ar\": {\"om\": \"https:\/\/bwarabia.com\/om\/ar\/casino\/%d8%a7%d8%b3%d9%85%d8%ad-%d9%84%d9%86%d8%a7-%d8%a8%d8%aa%d9%82%d8%af%d9%8a%d9%85-%d9%84%d8%b9%d8%a8%d8%a9-%d9%84%d8%a7%d9%8a%d8%aa%d9%86%d9%8a%d9%86%d8%ba-%d8%b1%d9%88%d9%84%d9%8a%d8%aa\"}, \"en\": {\"om\": \"https:\/\/bwarabia.com\/om\/online-casino-slots\/allow-us-to-introduce-lightning-roulette\"}}","href_lang_slug_jo":"{\"ar\": {\"jo\": \"https:\/\/bwarabia.com\/jo\/ar\/online-casino\/%d8%a7%d8%b3%d9%85%d8%ad-%d9%84%d9%86%d8%a7-%d8%a8%d8%aa%d9%82%d8%af%d9%8a%d9%85-%d9%84%d8%b9%d8%a8%d8%a9-%d9%84%d8%a7%d9%8a%d8%aa%d9%86%d9%8a%d9%86%d8%ba-%d8%b1%d9%88%d9%84%d9%8a%d8%aa\"}, \"en\": {\"jo\": \"https:\/\/bwarabia.com\/jo\/online-casino\/allow-us-to-introduce-lightning-roulette\"}}","href_lang_slug_qa":"{\"ar\": {\"qa\": \"https:\/\/bwarabia.com\/qa\/ar\/casino\/%d8%a7%d8%b3%d9%85%d8%ad-%d9%84%d9%86%d8%a7-%d8%a8%d8%aa%d9%82%d8%af%d9%8a%d9%85-%d9%84%d8%b9%d8%a8%d8%a9-%d9%84%d8%a7%d9%8a%d8%aa%d9%86%d9%8a%d9%86%d8%ba-%d8%b1%d9%88%d9%84%d9%8a%d8%aa\"}, \"en\": {\"qa\": \"https:\/\/bwarabia.com\/qa\/online-casino-games\/allow-us-to-introduce-lightning-roulette\"}}","href_lang_slug_tn":"{\"ar\": {\"tn\": \"https:\/\/bwarabia.com\/tn\/ar\/casino\/%d8%a7%d8%b3%d9%85%d8%ad-%d9%84%d9%86%d8%a7-%d8%a8%d8%aa%d9%82%d8%af%d9%8a%d9%85-%d9%84%d8%b9%d8%a8%d8%a9-%d9%84%d8%a7%d9%8a%d8%aa%d9%86%d9%8a%d9%86%d8%ba-%d8%b1%d9%88%d9%84%d9%8a%d8%aa\"}, \"fr\": {\"tn\": \"https:\/\/bwarabia.com\/tn\/fr\/casino-enligne\/permettez-nous-de-vous-presenter-la-lightning-roulette\"}}","href_lang_slug_ma":"{\"ar\": {\"ma\": \"https:\/\/bwarabia.com\/ma\/ar\/casino\/%d8%a7%d8%b3%d9%85%d8%ad-%d9%84%d9%86%d8%a7-%d8%a8%d8%aa%d9%82%d8%af%d9%8a%d9%85-%d9%84%d8%b9%d8%a8%d8%a9-%d9%84%d8%a7%d9%8a%d8%aa%d9%86%d9%8a%d9%86%d8%ba-%d8%b1%d9%88%d9%84%d9%8a%d8%aa\"}, \"fr\": {\"ma\": \"https:\/\/bwarabia.com\/ma\/fr\/casino-enligne\/permettez-nous-de-vous-presenter-la-lightning-roulette\"}}","href_lang_slug_dz":""},"class_list":["post-4836","page","type-page","status-publish","has-post-thumbnail","hentry"],"acf":[],"yoast_head":"<!-- This site is optimized with the Yoast SEO plugin v27.2 - https:\/\/yoast.com\/product\/yoast-seo-wordpress\/ -->\n<title>Permettez-nous de vous pr\u00e9senter la Lightning Roulette - Betway Algerie<\/title>\n<meta name=\"description\" content=\"Betway Algerie - Jouez \u00e0 la Lightning Roulette sur Betway Casino et profitez de gains jusqu\u2019\u00e0 500x dans une exp\u00e9rience de casino immersive.\" \/>\n<meta name=\"robots\" content=\"index, follow, max-snippet:-1, max-image-preview:large, max-video-preview:-1\" \/>\n<link rel=\"canonical\" href=\"https:\/\/bwarabia.com\/dz\/casino-enligne\/permettez-nous-de-vous-presenter-la-lightning-roulette\/\" \/>\n<meta property=\"og:locale\" content=\"fr_FR\" \/>\n<meta property=\"og:type\" content=\"article\" \/>\n<meta property=\"og:title\" content=\"Permettez-nous de vous pr\u00e9senter la Lightning Roulette - Betway Algerie\" \/>\n<meta property=\"og:description\" content=\"Betway Algerie - Jouez \u00e0 la Lightning Roulette sur Betway Casino et profitez de gains jusqu\u2019\u00e0 500x dans une exp\u00e9rience de casino immersive.\" \/>\n<meta property=\"og:url\" content=\"https:\/\/bwarabia.com\/dz\/casino-enligne\/permettez-nous-de-vous-presenter-la-lightning-roulette\/\" \/>\n<meta property=\"og:site_name\" content=\"Betway Algerie\" \/>\n<meta property=\"article:publisher\" content=\"https:\/\/www.facebook.com\/BetwaySportsMENA\/\" \/>\n<meta property=\"article:modified_time\" content=\"2025-01-28T11:50:19+00:00\" \/>\n<meta property=\"og:image\" content=\"https:\/\/bwarabia.com\/dz\/wp-content\/themes\/BWA_LLD_Tailwind_Theme\/assets\/img\/Open_graph_image.png\" \/>\n\t<meta property=\"og:image:width\" content=\"825\" \/>\n\t<meta property=\"og:image:height\" content=\"550\" \/>\n\t<meta property=\"og:image:type\" content=\"image\/jpeg\" \/>\n<meta name=\"twitter:card\" content=\"summary_large_image\" \/>\n<meta name=\"twitter:image\" content=\"https:\/\/bwarabia.com\/dz\/wp-content\/themes\/BWA_LLD_Tailwind_Theme\/assets\/img\/Open_graph_image.png\" \/>\n<meta name=\"twitter:site\" content=\"@betwayarabia\" \/>\n<meta name=\"twitter:label1\" content=\"Dur\u00e9e de lecture estim\u00e9e\" \/>\n\t<meta name=\"twitter:data1\" content=\"3 minutes\" \/>\n<script type=\"application\/ld+json\" class=\"yoast-schema-graph\">{\"@context\":\"https:\/\/schema.org\",\"@graph\":[{\"@type\":\"WebPage\",\"@id\":\"https:\/\/bwarabia.com\/dz\/casino-enligne\/permettez-nous-de-vous-presenter-la-lightning-roulette\/\",\"url\":\"https:\/\/bwarabia.com\/dz\/casino-enligne\/permettez-nous-de-vous-presenter-la-lightning-roulette\/\",\"name\":\"Permettez-nous de vous pr\u00e9senter la Lightning Roulette - Betway Algerie\",\"isPartOf\":{\"@id\":\"https:\/\/bwarabia.com\/dz\/fr\/#website\"},\"primaryImageOfPage\":{\"@id\":\"https:\/\/bwarabia.com\/dz\/casino-enligne\/permettez-nous-de-vous-presenter-la-lightning-roulette\/#primaryimage\"},\"image\":{\"@id\":\"https:\/\/bwarabia.com\/dz\/casino-enligne\/permettez-nous-de-vous-presenter-la-lightning-roulette\/#primaryimage\"},\"thumbnailUrl\":\"https:\/\/bwarabia.com\/dz\/wp-content\/uploads\/sites\/10\/2025\/01\/MRGNG-225_Casino_Games_Blog_Lightning_Roulette.jpg\",\"datePublished\":\"2025-01-20T12:54:09+00:00\",\"dateModified\":\"2025-01-28T11:50:19+00:00\",\"description\":\"Betway Algerie - Jouez \u00e0 la Lightning Roulette sur Betway Casino et profitez de gains jusqu\u2019\u00e0 500x dans une exp\u00e9rience de casino immersive.\",\"breadcrumb\":{\"@id\":\"https:\/\/bwarabia.com\/dz\/casino-enligne\/permettez-nous-de-vous-presenter-la-lightning-roulette\/#breadcrumb\"},\"inLanguage\":\"fr-FR\",\"potentialAction\":[{\"@type\":\"ReadAction\",\"target\":[\"https:\/\/bwarabia.com\/dz\/casino-enligne\/permettez-nous-de-vous-presenter-la-lightning-roulette\/\"]}]},{\"@type\":\"ImageObject\",\"inLanguage\":\"fr-FR\",\"@id\":\"https:\/\/bwarabia.com\/dz\/casino-enligne\/permettez-nous-de-vous-presenter-la-lightning-roulette\/#primaryimage\",\"url\":\"https:\/\/bwarabia.com\/dz\/wp-content\/uploads\/sites\/10\/2025\/01\/MRGNG-225_Casino_Games_Blog_Lightning_Roulette.jpg\",\"contentUrl\":\"https:\/\/bwarabia.com\/dz\/wp-content\/uploads\/sites\/10\/2025\/01\/MRGNG-225_Casino_Games_Blog_Lightning_Roulette.jpg\",\"width\":825,\"height\":550,\"caption\":\"Permettez-nous de vous pr\u00e9senter la Lightning Roulette\"},{\"@type\":\"BreadcrumbList\",\"@id\":\"https:\/\/bwarabia.com\/dz\/casino-enligne\/permettez-nous-de-vous-presenter-la-lightning-roulette\/#breadcrumb\",\"itemListElement\":[{\"@type\":\"ListItem\",\"position\":1,\"name\":\"Home\",\"item\":\"https:\/\/bwarabia.com\/dz\/fr\/\"},{\"@type\":\"ListItem\",\"position\":2,\"name\":\"Casino\",\"item\":\"https:\/\/bwarabia.com\/dz\/fr\/casino-enligne\/\"},{\"@type\":\"ListItem\",\"position\":3,\"name\":\"Permettez-nous de vous pr\u00e9senter la Lightning Roulette\"}]},{\"@type\":\"WebSite\",\"@id\":\"https:\/\/bwarabia.com\/dz\/fr\/#website\",\"url\":\"https:\/\/bwarabia.com\/dz\/fr\/\",\"name\":\"Betway Algerie\",\"description\":\"\",\"publisher\":{\"@id\":\"https:\/\/bwarabia.com\/dz\/fr\/#organization\"},\"potentialAction\":[{\"@type\":\"SearchAction\",\"target\":{\"@type\":\"EntryPoint\",\"urlTemplate\":\"https:\/\/bwarabia.com\/dz\/fr\/?s={search_term_string}\"},\"query-input\":{\"@type\":\"PropertyValueSpecification\",\"valueRequired\":true,\"valueName\":\"search_term_string\"}}],\"inLanguage\":\"fr-FR\"},{\"@type\":\"Organization\",\"@id\":\"https:\/\/bwarabia.com\/dz\/fr\/#organization\",\"name\":\"Betway Algerie\",\"url\":\"https:\/\/bwarabia.com\/dz\/fr\/\",\"logo\":{\"@type\":\"ImageObject\",\"inLanguage\":\"fr-FR\",\"@id\":\"https:\/\/bwarabia.com\/dz\/fr\/#\/schema\/logo\/image\/\",\"url\":\"https:\/\/bwarabia.com\/dz\/wp-content\/uploads\/sites\/10\/2024\/01\/bw_arabia_new.png\",\"contentUrl\":\"https:\/\/bwarabia.com\/dz\/wp-content\/uploads\/sites\/10\/2024\/01\/bw_arabia_new.png\",\"width\":611,\"height\":176,\"caption\":\"Betway Algerie\"},\"image\":{\"@id\":\"https:\/\/bwarabia.com\/dz\/fr\/#\/schema\/logo\/image\/\"},\"sameAs\":[\"https:\/\/www.facebook.com\/BetwaySportsMENA\/\",\"https:\/\/x.com\/betwayarabia\",\"https:\/\/www.youtube.com\/@betwayarabia\",\"https:\/\/www.instagram.com\/betwaysports_arabia\/\"]}]}<\/script>\n<!-- \/ Yoast SEO plugin. -->","yoast_head_json":{"title":"Permettez-nous de vous pr\u00e9senter la Lightning Roulette - Betway Algerie","description":"Betway Algerie - Jouez \u00e0 la Lightning Roulette sur Betway Casino et profitez de gains jusqu\u2019\u00e0 500x dans une exp\u00e9rience de casino immersive.","robots":{"index":"index","follow":"follow","max-snippet":"max-snippet:-1","max-image-preview":"max-image-preview:large","max-video-preview":"max-video-preview:-1"},"canonical":"https:\/\/bwarabia.com\/dz\/casino-enligne\/permettez-nous-de-vous-presenter-la-lightning-roulette\/","og_locale":"fr_FR","og_type":"article","og_title":"Permettez-nous de vous pr\u00e9senter la Lightning Roulette - Betway Algerie","og_description":"Betway Algerie - Jouez \u00e0 la Lightning Roulette sur Betway Casino et profitez de gains jusqu\u2019\u00e0 500x dans une exp\u00e9rience de casino immersive.","og_url":"https:\/\/bwarabia.com\/dz\/casino-enligne\/permettez-nous-de-vous-presenter-la-lightning-roulette\/","og_site_name":"Betway Algerie","article_publisher":"https:\/\/www.facebook.com\/BetwaySportsMENA\/","article_modified_time":"2025-01-28T11:50:19+00:00","og_image":[{"width":825,"height":550,"url":"https:\/\/bwarabia.com\/dz\/wp-content\/themes\/BWA_LLD_Tailwind_Theme\/assets\/img\/Open_graph_image.png","type":"image\/jpeg"}],"twitter_card":"summary_large_image","twitter_image":"https:\/\/bwarabia.com\/dz\/wp-content\/themes\/BWA_LLD_Tailwind_Theme\/assets\/img\/Open_graph_image.png","twitter_site":"@betwayarabia","twitter_misc":{"Dur\u00e9e de lecture estim\u00e9e":"3 minutes"},"schema":{"@context":"https:\/\/schema.org","@graph":[{"@type":"WebPage","@id":"https:\/\/bwarabia.com\/dz\/casino-enligne\/permettez-nous-de-vous-presenter-la-lightning-roulette\/","url":"https:\/\/bwarabia.com\/dz\/casino-enligne\/permettez-nous-de-vous-presenter-la-lightning-roulette\/","name":"Permettez-nous de vous pr\u00e9senter la Lightning Roulette - Betway Algerie","isPartOf":{"@id":"https:\/\/bwarabia.com\/dz\/fr\/#website"},"primaryImageOfPage":{"@id":"https:\/\/bwarabia.com\/dz\/casino-enligne\/permettez-nous-de-vous-presenter-la-lightning-roulette\/#primaryimage"},"image":{"@id":"https:\/\/bwarabia.com\/dz\/casino-enligne\/permettez-nous-de-vous-presenter-la-lightning-roulette\/#primaryimage"},"thumbnailUrl":"https:\/\/bwarabia.com\/dz\/wp-content\/uploads\/sites\/10\/2025\/01\/MRGNG-225_Casino_Games_Blog_Lightning_Roulette.jpg","datePublished":"2025-01-20T12:54:09+00:00","dateModified":"2025-01-28T11:50:19+00:00","description":"Betway Algerie - Jouez \u00e0 la Lightning Roulette sur Betway Casino et profitez de gains jusqu\u2019\u00e0 500x dans une exp\u00e9rience de casino immersive.","breadcrumb":{"@id":"https:\/\/bwarabia.com\/dz\/casino-enligne\/permettez-nous-de-vous-presenter-la-lightning-roulette\/#breadcrumb"},"inLanguage":"fr-FR","potentialAction":[{"@type":"ReadAction","target":["https:\/\/bwarabia.com\/dz\/casino-enligne\/permettez-nous-de-vous-presenter-la-lightning-roulette\/"]}]},{"@type":"ImageObject","inLanguage":"fr-FR","@id":"https:\/\/bwarabia.com\/dz\/casino-enligne\/permettez-nous-de-vous-presenter-la-lightning-roulette\/#primaryimage","url":"https:\/\/bwarabia.com\/dz\/wp-content\/uploads\/sites\/10\/2025\/01\/MRGNG-225_Casino_Games_Blog_Lightning_Roulette.jpg","contentUrl":"https:\/\/bwarabia.com\/dz\/wp-content\/uploads\/sites\/10\/2025\/01\/MRGNG-225_Casino_Games_Blog_Lightning_Roulette.jpg","width":825,"height":550,"caption":"Permettez-nous de vous pr\u00e9senter la Lightning Roulette"},{"@type":"BreadcrumbList","@id":"https:\/\/bwarabia.com\/dz\/casino-enligne\/permettez-nous-de-vous-presenter-la-lightning-roulette\/#breadcrumb","itemListElement":[{"@type":"ListItem","position":1,"name":"Home","item":"https:\/\/bwarabia.com\/dz\/fr\/"},{"@type":"ListItem","position":2,"name":"Casino","item":"https:\/\/bwarabia.com\/dz\/fr\/casino-enligne\/"},{"@type":"ListItem","position":3,"name":"Permettez-nous de vous pr\u00e9senter la Lightning Roulette"}]},{"@type":"WebSite","@id":"https:\/\/bwarabia.com\/dz\/fr\/#website","url":"https:\/\/bwarabia.com\/dz\/fr\/","name":"Betway Algerie","description":"","publisher":{"@id":"https:\/\/bwarabia.com\/dz\/fr\/#organization"},"potentialAction":[{"@type":"SearchAction","target":{"@type":"EntryPoint","urlTemplate":"https:\/\/bwarabia.com\/dz\/fr\/?s={search_term_string}"},"query-input":{"@type":"PropertyValueSpecification","valueRequired":true,"valueName":"search_term_string"}}],"inLanguage":"fr-FR"},{"@type":"Organization","@id":"https:\/\/bwarabia.com\/dz\/fr\/#organization","name":"Betway Algerie","url":"https:\/\/bwarabia.com\/dz\/fr\/","logo":{"@type":"ImageObject","inLanguage":"fr-FR","@id":"https:\/\/bwarabia.com\/dz\/fr\/#\/schema\/logo\/image\/","url":"https:\/\/bwarabia.com\/dz\/wp-content\/uploads\/sites\/10\/2024\/01\/bw_arabia_new.png","contentUrl":"https:\/\/bwarabia.com\/dz\/wp-content\/uploads\/sites\/10\/2024\/01\/bw_arabia_new.png","width":611,"height":176,"caption":"Betway Algerie"},"image":{"@id":"https:\/\/bwarabia.com\/dz\/fr\/#\/schema\/logo\/image\/"},"sameAs":["https:\/\/www.facebook.com\/BetwaySportsMENA\/","https:\/\/x.com\/betwayarabia","https:\/\/www.youtube.com\/@betwayarabia","https:\/\/www.instagram.com\/betwaysports_arabia\/"]}]}},"_links":{"self":[{"href":"https:\/\/bwarabia.com\/dz\/wp-json\/wp\/v2\/pages\/4836","targetHints":{"allow":["GET"]}}],"collection":[{"href":"https:\/\/bwarabia.com\/dz\/wp-json\/wp\/v2\/pages"}],"about":[{"href":"https:\/\/bwarabia.com\/dz\/wp-json\/wp\/v2\/types\/page"}],"author":[{"embeddable":true,"href":"https:\/\/bwarabia.com\/dz\/wp-json\/wp\/v2\/users\/10"}],"replies":[{"embeddable":true,"href":"https:\/\/bwarabia.com\/dz\/wp-json\/wp\/v2\/comments?post=4836"}],"version-history":[{"count":5,"href":"https:\/\/bwarabia.com\/dz\/wp-json\/wp\/v2\/pages\/4836\/revisions"}],"predecessor-version":[{"id":4905,"href":"https:\/\/bwarabia.com\/dz\/wp-json\/wp\/v2\/pages\/4836\/revisions\/4905"}],"up":[{"embeddable":true,"href":"https:\/\/bwarabia.com\/dz\/wp-json\/wp\/v2\/pages\/846"}],"wp:featuredmedia":[{"embeddable":true,"href":"https:\/\/bwarabia.com\/dz\/wp-json\/wp\/v2\/media\/4818"}],"wp:attachment":[{"href":"https:\/\/bwarabia.com\/dz\/wp-json\/wp\/v2\/media?parent=4836"}],"curies":[{"name":"wp","href":"https:\/\/api.w.org\/{rel}","templated":true}]}}