{"id":4864,"date":"2025-01-23T15:18:43","date_gmt":"2025-01-23T15:18:43","guid":{"rendered":"https:\/\/bwarabia.com\/dz\/?page_id=4864"},"modified":"2025-01-28T11:43:40","modified_gmt":"2025-01-28T11:43:40","slug":"machine-a-sous-golden-winner-jouez-aux-jeux-de-casino-en-ligne","status":"publish","type":"page","link":"https:\/\/bwarabia.com\/dz\/casino-enligne\/machine-a-sous-golden-winner-jouez-aux-jeux-de-casino-en-ligne\/","title":{"rendered":"Machine \u00e0 sous Golden Winner \u2013 Jouez aux jeux de casino en ligne"},"content":{"rendered":"<h1><strong>Machine \u00e0 sous Golden Winner \u2013 Jouez aux jeux de casino en ligne<\/strong><\/h1>\n<p>&nbsp;<\/p>\n<p>D\u00e9couvrez Golden Winner, le meilleur jeu de <a href=\"https:\/\/bwarabia.com\/dz\/casino-enligne\/\">casino <\/a>en ligne pour les amateurs de machines \u00e0 sous.<br \/>\nAvec son gameplay captivant et ses r\u00e9compenses en argent r\u00e9el, Golden Winner s\u00e9duira les joueurs.<br \/>\nD\u00e9velopp\u00e9 par le studio Bell-Fruit d&rsquo;Inspired, ce jeu offre une exp\u00e9rience immersive gr\u00e2ce \u00e0 ses rouleaux vibrants et ses symboles classiques de casino.<br \/>\nD\u00e9clenchez le passionnant bonus de tours gratuits en obtenant trois scatters Bonus et suivez la piste progressive pour des gains en esp\u00e8ces impressionnants.<br \/>\nGolden Winner est l&rsquo;une des meilleures machines \u00e0 sous en ligne disponibles. Ne manquez pas l&rsquo;occasion de jouer aux jeux de casino en ligne et de devenir un Golden Winner.<br \/>\nPeu importe o\u00f9 vous \u00eates, installez-vous confortablement avec votre ordinateur ou appareil mobile pour rejoindre le meilleur casino en ligne et profiter d\u2019un divertissement exceptionnel.<\/p>\n<p>&nbsp;<\/p>\n<h2><strong>Comment Jouer \u00e0 la Machine \u00e0 Sous Golden Winner<\/strong><\/h2>\n<p>Avec une configuration de rouleaux 5&#215;3 et 10 lignes de paiement, Golden Winner offre des rouleaux vibrants et visuellement attrayants qui tournent avec un m\u00e9lange agr\u00e9able de symboles classiques de casino. Parmi eux, vous rencontrerez des symboles Bonus et des cerises dor\u00e9es, qui non seulement repr\u00e9sentent des gains mixtes, mais vous r\u00e9compenseront \u00e9galement pour chaque gain sur une ligne.<\/p>\n<p>L&rsquo;un des points forts de Golden Winner est son excitant bonus de tours gratuits, d\u00e9clench\u00e9 par l&rsquo;apparition de trois symboles bonus. Vous pouvez obtenir jusqu&rsquo;\u00e0 10 tours gratuits, ajoutant une couche suppl\u00e9mentaire d&rsquo;excitation \u00e0 l&rsquo;exp\u00e9rience de jeu. Pendant le bonus de tours gratuits, vous aurez la chance de d\u00e9bloquer plus de prix via les sections au-dessus des rouleaux. Chaque fois qu&rsquo;un symbole de cloche dor\u00e9e appara\u00eet, il sera ajout\u00e9 \u00e0 la section au-dessus des rouleaux. Une fois que vous avez quatre cloches, vous d\u00e9bloquez des tours gratuits suppl\u00e9mentaires.<br \/>\nDe plus, les cloches dor\u00e9es collectent les valeurs de tous les symboles de cerises dor\u00e9es visibles, offrant ainsi des chances de gains en argent r\u00e9el. Et lorsque vous d\u00e9bloquez les sections au-dessus des rouleaux, la valeur des cerises augmentera &#8211; jusqu&rsquo;\u00e0 100x votre mise.<br \/>\nGolden Winner propose des fonctionnalit\u00e9s suppl\u00e9mentaires, telles que les Fortune Spins et le Fortune Bet. Ces options offrent des m\u00e9caniques de jeu alternatives aux tours de base standards, ajoutant de la vari\u00e9t\u00e9 et des opportunit\u00e9s suppl\u00e9mentaires pour gagner gros. Les Fortune Spins activent les m\u00e9caniques de collecte d&rsquo;argent du jeu, jouables \u00e0 n&rsquo;importe quelle mise, et retirent tous les symboles sauf les cerises dor\u00e9es, les Bonus et les cloches dor\u00e9es. Les symboles de cloche dor\u00e9e servent \u00e0 la fois de Wild et de Collecteur de cash.<br \/>\nLe Fortune Bet est une autre fonctionnalit\u00e9 excitante de Golden Winner qui vous permet de s\u00e9lectionner un nouveau multiplicateur de mise \u00e0 1,5x la mise actuelle. Ce changement transforme les symboles bonus en barres dor\u00e9es surdimensionn\u00e9es, augmentant les chances de d\u00e9clencher le bonus de tours gratuits. Obtenir un symbole surdimensionn\u00e9 ou trois barres partiellement visibles d\u00e9clenchera le bonus de tours gratuits. Il est important de noter que l\u2019utilisation du Fortune Bet augmentera votre mise par tour.<br \/>\nLe gameplay palpitant du Fortune Bet, les r\u00e9compenses en argent r\u00e9el et ses fonctionnalit\u00e9s immersives en font un incontournable pour tout amateur de machines \u00e0 sous. D\u00e9couvrez l&rsquo;excitation de jouer aux jeux de casino en ligne sur Betway Casino.<\/p>\n<h2><strong>Les Meilleurs Jeux de Casino en Ligne de Betway<\/strong><\/h2>\n<p>Betway est un excellent casino en ligne avec des centaines de machines \u00e0 sous disponibles.<br \/>\nEt ce n&rsquo;est pas tout, nous vous offrons la possibilit\u00e9 de jouer \u00e0 des jeux de casino en ligne &#8211; de la roulette en ligne au blackjack en direct, et bien plus encore.<br \/>\nIl y a une table pour ceux qui aiment la Roulette Arabe et le Blackjack en Direct, ainsi que de nombreuses autres variantes et machines \u00e0 sous \u2013 pour vous offrir la meilleure exp\u00e9rience de casino en ligne.<br \/>\n\u00c0 la table de la Roulette Arabe, vous pouvez discuter avec nos h\u00f4tes en arabe tout en jouant \u00e0 la roulette en ligne. Chez Betway, notre objectif est d\u2019offrir la meilleure exp\u00e9rience de casino en ligne au Moyen-Orient, c\u2019est pourquoi nous vous offrons la possibilit\u00e9 de jouer en argent r\u00e9el et dans votre langue maternelle.<br \/>\nTous ces jeux font de Betway Casino le meilleur casino en ligne pour vous.<br \/>\nAlors, maintenant que vous savez tout ce que nous proposons, que choisirez-vous ? Venez nous rejoindre sur Betway et essayez l\u2019un de nos jeux, qu\u2019il soit un ancien favori ou une nouvelle exp\u00e9rience.<\/p>\n","protected":false},"excerpt":{"rendered":"<p>Machine \u00e0 sous Golden Winner \u2013 Jouez aux jeux de casino en ligne &nbsp; D\u00e9couvrez Golden Winner, le meilleur jeu de casino en ligne pour les amateurs de machines \u00e0 sous. Avec son gameplay captivant et ses r\u00e9compenses en argent r\u00e9el, Golden Winner s\u00e9duira les joueurs. D\u00e9velopp\u00e9 par le studio Bell-Fruit d&rsquo;Inspired, ce jeu offre [&hellip;]<\/p>\n","protected":false},"author":10,"featured_media":4865,"parent":846,"menu_order":0,"comment_status":"closed","ping_status":"closed","template":"newseopages.php","meta":{"_acf_changed":false,"_yoast_wpseo_title":"","_yoast_wpseo_metadesc":"Betway Algerie - Jouez \u00e0 Golden Winner et aux meilleurs jeux de casino en ligne sur Betway. Profitez d'un gameplay captivant.","footnotes":"","href_lang_slug_x_default":"","href_lang_slug_ae":"{\"ar\": {\"ae\": \"https:\/\/bwarabia.com\/ae\/ar\/casino\/%d8%ac%d9%88%d9%84%d8%af%d9%86-%d9%88%d9%8a%d9%86%d8%b1-%d8%b3%d9%84%d9%88%d8%aa-%d8%a7%d9%84%d8%b9%d8%a8-%d8%a3%d9%84%d8%b9%d8%a7%d8%a8-%d8%a7%d9%84%d9%83%d8%a7%d8%b2%d9%8a%d9%86%d9%88\"}, \"en\": {\"ae\": \"https:\/\/bwarabia.com\/ae\/casino\/golden-winner-slot-play-casino-games-online\"}}","href_lang_slug_sa":"{\"ar\": {\"sa\": \"https:\/\/bwarabia.com\/sa\/ar\/%d8%a7%d9%84%d9%83%d8%a7%d8%b2%d9%8a%d9%86%d9%88%d9%87%d8%a7%d8%aa-%d8%b9%d9%84%d9%89-%d8%a7%d9%84%d8%a5%d9%86%d8%aa%d8%b1%d9%86%d8%aa\/%d8%ac%d9%88%d9%84%d8%af%d9%86-%d9%88%d9%8a%d9%86%d8%b1-%d8%b3%d9%84%d9%88%d8%aa-%d8%a7%d9%84%d8%b9%d8%a8-%d8%a3%d9%84%d8%b9%d8%a7%d8%a8-%d8%a7%d9%84%d9%83%d8%a7%d8%b2%d9%8a%d9%86%d9%88\"}, \"en\": {\"sa\": \"https:\/\/bwarabia.com\/sa\/live-casino-online\/golden-winner-slot-play-casino-games-online\"}}","href_lang_slug_eg":"{\"ar\": {\"eg\": \"https:\/\/bwarabia.com\/eg\/ar\/%d9%83%d8%a7%d8%b2%d9%8a%d9%86%d9%88-%d8%b9%d9%84%d9%89-%d8%a7%d9%84%d8%a5%d9%86%d8%aa%d8%b1%d9%86%d8%aa\/%d8%ac%d9%88%d9%84%d8%af%d9%86-%d9%88%d9%8a%d9%86%d8%b1-%d8%b3%d9%84%d9%88%d8%aa-%d8%a7%d9%84%d8%b9%d8%a8-%d8%a3%d9%84%d8%b9%d8%a7%d8%a8-%d8%a7%d9%84%d9%83%d8%a7%d8%b2%d9%8a%d9%86%d9%88\"}, \"en\": {\"eg\": \"https:\/\/bwarabia.com\/eg\/casino\/golden-winner-slot-play-casino-games-online\"}}","href_lang_slug_lb":"{\"ar\": {\"lb\": \"https:\/\/bwarabia.com\/lb\/ar\/online-casino\/%d8%ac%d9%88%d9%84%d8%af%d9%86-%d9%88%d9%8a%d9%86%d8%b1-%d8%b3%d9%84%d9%88%d8%aa-%d8%a7%d9%84%d8%b9%d8%a8-%d8%a3%d9%84%d8%b9%d8%a7%d8%a8-%d8%a7%d9%84%d9%83%d8%a7%d8%b2%d9%8a%d9%86%d9%88\"}, \"en\": {\"lb\": \"https:\/\/bwarabia.com\/lb\/online-casino\/golden-winner-slot-play-casino-games-online\"}}","href_lang_slug_kw":"{\"ar\": {\"kw\": \"https:\/\/bwarabia.com\/kw\/ar\/%d9%83%d8%a7%d8%b2%d9%8a%d9%86%d9%88-%d8%b9%d9%84%d9%89-%d8%a7%d9%84%d8%a7%d9%86%d8%aa%d8%b1%d9%86%d8%aa\/%d8%ac%d9%88%d9%84%d8%af%d9%86-%d9%88%d9%8a%d9%86%d8%b1-%d8%b3%d9%84%d9%88%d8%aa-%d8%a7%d9%84%d8%b9%d8%a8-%d8%a3%d9%84%d8%b9%d8%a7%d8%a8-%d8%a7%d9%84%d9%83%d8%a7%d8%b2%d9%8a%d9%86%d9%88\"}, \"en\": {\"kw\": \"https:\/\/bwarabia.com\/kw\/online-casino\/golden-winner-slot-play-casino-games-online\"}}","href_lang_slug_bh":"{\"ar\": {\"bh\": \"https:\/\/bwarabia.com\/bh\/ar\/casino\/%d8%ac%d9%88%d9%84%d8%af%d9%86-%d9%88%d9%8a%d9%86%d8%b1-%d8%b3%d9%84%d9%88%d8%aa-%d8%a7%d9%84%d8%b9%d8%a8-%d8%a3%d9%84%d8%b9%d8%a7%d8%a8-%d8%a7%d9%84%d9%83%d8%a7%d8%b2%d9%8a%d9%86%d9%88\"}, \"en\": {\"bh\": \"https:\/\/bwarabia.com\/bh\/online-casino\/golden-winner-slot-play-casino-games-online\"}}","href_lang_slug_om":"{\"ar\": {\"om\": \"https:\/\/bwarabia.com\/om\/ar\/casino\/%d8%ac%d9%88%d9%84%d8%af%d9%86-%d9%88%d9%8a%d9%86%d8%b1-%d8%b3%d9%84%d9%88%d8%aa-%d8%a7%d9%84%d8%b9%d8%a8-%d8%a3%d9%84%d8%b9%d8%a7%d8%a8-%d8%a7%d9%84%d9%83%d8%a7%d8%b2%d9%8a%d9%86%d9%88\"}, \"en\": {\"om\": \"https:\/\/bwarabia.com\/om\/online-casino-slots\/golden-winner-slot-play-casino-games-online\"}}","href_lang_slug_jo":"{\"ar\": {\"jo\": \"https:\/\/bwarabia.com\/jo\/ar\/online-casino\/%d8%ac%d9%88%d9%84%d8%af%d9%86-%d9%88%d9%8a%d9%86%d8%b1-%d8%b3%d9%84%d9%88%d8%aa-%d8%a7%d9%84%d8%b9%d8%a8-%d8%a3%d9%84%d8%b9%d8%a7%d8%a8-%d8%a7%d9%84%d9%83%d8%a7%d8%b2%d9%8a%d9%86%d9%88\"}, \"en\": {\"jo\": \"https:\/\/bwarabia.com\/jo\/online-casino\/golden-winner-slot-play-casino-games-online\"}}","href_lang_slug_qa":"{\"ar\": {\"qa\": \"https:\/\/bwarabia.com\/qa\/ar\/casino\/%d8%ac%d9%88%d9%84%d8%af%d9%86-%d9%88%d9%8a%d9%86%d8%b1-%d8%b3%d9%84%d9%88%d8%aa-%d8%a7%d9%84%d8%b9%d8%a8-%d8%a3%d9%84%d8%b9%d8%a7%d8%a8-%d8%a7%d9%84%d9%83%d8%a7%d8%b2%d9%8a%d9%86%d9%88\"}, \"en\": {\"qa\": \"https:\/\/bwarabia.com\/qa\/online-casino-games\/golden-winner-slot-play-casino-games-online\"}}","href_lang_slug_tn":"{\"ar\": {\"tn\": \"https:\/\/bwarabia.com\/tn\/ar\/casino\/%d8%ac%d9%88%d9%84%d8%af%d9%86-%d9%88%d9%8a%d9%86%d8%b1-%d8%b3%d9%84%d9%88%d8%aa-%d8%a7%d9%84%d8%b9%d8%a8-%d8%a3%d9%84%d8%b9%d8%a7%d8%a8-%d8%a7%d9%84%d9%83%d8%a7%d8%b2%d9%8a%d9%86%d9%88\"}, \"fr\": {\"tn\": \"https:\/\/bwarabia.com\/tn\/fr\/casino-enligne\/machine-a-sous-golden-winner-jouez-aux-jeux-de-casino-en-ligne\"}}","href_lang_slug_ma":"{\"ar\": {\"ma\": \"https:\/\/bwarabia.com\/ma\/ar\/casino\/%d8%ac%d9%88%d9%84%d8%af%d9%86-%d9%88%d9%8a%d9%86%d8%b1-%d8%b3%d9%84%d9%88%d8%aa-%d8%a7%d9%84%d8%b9%d8%a8-%d8%a3%d9%84%d8%b9%d8%a7%d8%a8-%d8%a7%d9%84%d9%83%d8%a7%d8%b2%d9%8a%d9%86%d9%88\"}, \"fr\": {\"ma\": \"https:\/\/bwarabia.com\/ma\/fr\/casino-enligne\/machine-a-sous-golden-winner-jouez-aux-jeux-de-casino-en-ligne\"}}","href_lang_slug_dz":""},"class_list":["post-4864","page","type-page","status-publish","has-post-thumbnail","hentry"],"acf":[],"yoast_head":"<!-- This site is optimized with the Yoast SEO plugin v27.2 - https:\/\/yoast.com\/product\/yoast-seo-wordpress\/ -->\n<title>Machine \u00e0 sous Golden Winner \u2013 Jouez aux jeux de casino en ligne - Betway Algerie<\/title>\n<meta name=\"description\" content=\"Betway Algerie - Jouez \u00e0 Golden Winner et aux meilleurs jeux de casino en ligne sur Betway. Profitez d&#039;un gameplay captivant.\" \/>\n<meta name=\"robots\" content=\"index, follow, max-snippet:-1, max-image-preview:large, max-video-preview:-1\" \/>\n<link rel=\"canonical\" href=\"https:\/\/bwarabia.com\/dz\/casino-enligne\/machine-a-sous-golden-winner-jouez-aux-jeux-de-casino-en-ligne\/\" \/>\n<meta property=\"og:locale\" content=\"fr_FR\" \/>\n<meta property=\"og:type\" content=\"article\" \/>\n<meta property=\"og:title\" content=\"Machine \u00e0 sous Golden Winner \u2013 Jouez aux jeux de casino en ligne - Betway Algerie\" \/>\n<meta property=\"og:description\" content=\"Betway Algerie - Jouez \u00e0 Golden Winner et aux meilleurs jeux de casino en ligne sur Betway. Profitez d&#039;un gameplay captivant.\" \/>\n<meta property=\"og:url\" content=\"https:\/\/bwarabia.com\/dz\/casino-enligne\/machine-a-sous-golden-winner-jouez-aux-jeux-de-casino-en-ligne\/\" \/>\n<meta property=\"og:site_name\" content=\"Betway Algerie\" \/>\n<meta property=\"article:publisher\" content=\"https:\/\/www.facebook.com\/BetwaySportsMENA\/\" \/>\n<meta property=\"article:modified_time\" content=\"2025-01-28T11:43:40+00:00\" \/>\n<meta property=\"og:image\" content=\"https:\/\/bwarabia.com\/dz\/wp-content\/themes\/BWA_LLD_Tailwind_Theme\/assets\/img\/Open_graph_image.png\" \/>\n\t<meta property=\"og:image:width\" content=\"825\" \/>\n\t<meta property=\"og:image:height\" content=\"550\" \/>\n\t<meta property=\"og:image:type\" content=\"image\/jpeg\" \/>\n<meta name=\"twitter:card\" content=\"summary_large_image\" \/>\n<meta name=\"twitter:image\" content=\"https:\/\/bwarabia.com\/dz\/wp-content\/themes\/BWA_LLD_Tailwind_Theme\/assets\/img\/Open_graph_image.png\" \/>\n<meta name=\"twitter:site\" content=\"@betwayarabia\" \/>\n<meta name=\"twitter:label1\" content=\"Dur\u00e9e de lecture estim\u00e9e\" \/>\n\t<meta name=\"twitter:data1\" content=\"4 minutes\" \/>\n<script type=\"application\/ld+json\" class=\"yoast-schema-graph\">{\"@context\":\"https:\/\/schema.org\",\"@graph\":[{\"@type\":\"WebPage\",\"@id\":\"https:\/\/bwarabia.com\/dz\/casino-enligne\/machine-a-sous-golden-winner-jouez-aux-jeux-de-casino-en-ligne\/\",\"url\":\"https:\/\/bwarabia.com\/dz\/casino-enligne\/machine-a-sous-golden-winner-jouez-aux-jeux-de-casino-en-ligne\/\",\"name\":\"Machine \u00e0 sous Golden Winner \u2013 Jouez aux jeux de casino en ligne - Betway Algerie\",\"isPartOf\":{\"@id\":\"https:\/\/bwarabia.com\/dz\/fr\/#website\"},\"primaryImageOfPage\":{\"@id\":\"https:\/\/bwarabia.com\/dz\/casino-enligne\/machine-a-sous-golden-winner-jouez-aux-jeux-de-casino-en-ligne\/#primaryimage\"},\"image\":{\"@id\":\"https:\/\/bwarabia.com\/dz\/casino-enligne\/machine-a-sous-golden-winner-jouez-aux-jeux-de-casino-en-ligne\/#primaryimage\"},\"thumbnailUrl\":\"https:\/\/bwarabia.com\/dz\/wp-content\/uploads\/sites\/10\/2025\/01\/MRGNG-225_Casino_Games_Blog_Golden_Winner.jpg\",\"datePublished\":\"2025-01-23T15:18:43+00:00\",\"dateModified\":\"2025-01-28T11:43:40+00:00\",\"description\":\"Betway Algerie - Jouez \u00e0 Golden Winner et aux meilleurs jeux de casino en ligne sur Betway. Profitez d'un gameplay captivant.\",\"breadcrumb\":{\"@id\":\"https:\/\/bwarabia.com\/dz\/casino-enligne\/machine-a-sous-golden-winner-jouez-aux-jeux-de-casino-en-ligne\/#breadcrumb\"},\"inLanguage\":\"fr-FR\",\"potentialAction\":[{\"@type\":\"ReadAction\",\"target\":[\"https:\/\/bwarabia.com\/dz\/casino-enligne\/machine-a-sous-golden-winner-jouez-aux-jeux-de-casino-en-ligne\/\"]}]},{\"@type\":\"ImageObject\",\"inLanguage\":\"fr-FR\",\"@id\":\"https:\/\/bwarabia.com\/dz\/casino-enligne\/machine-a-sous-golden-winner-jouez-aux-jeux-de-casino-en-ligne\/#primaryimage\",\"url\":\"https:\/\/bwarabia.com\/dz\/wp-content\/uploads\/sites\/10\/2025\/01\/MRGNG-225_Casino_Games_Blog_Golden_Winner.jpg\",\"contentUrl\":\"https:\/\/bwarabia.com\/dz\/wp-content\/uploads\/sites\/10\/2025\/01\/MRGNG-225_Casino_Games_Blog_Golden_Winner.jpg\",\"width\":825,\"height\":550,\"caption\":\"Machine \u00e0 sous Golden Winner\"},{\"@type\":\"BreadcrumbList\",\"@id\":\"https:\/\/bwarabia.com\/dz\/casino-enligne\/machine-a-sous-golden-winner-jouez-aux-jeux-de-casino-en-ligne\/#breadcrumb\",\"itemListElement\":[{\"@type\":\"ListItem\",\"position\":1,\"name\":\"Home\",\"item\":\"https:\/\/bwarabia.com\/dz\/fr\/\"},{\"@type\":\"ListItem\",\"position\":2,\"name\":\"Casino\",\"item\":\"https:\/\/bwarabia.com\/dz\/fr\/casino-enligne\/\"},{\"@type\":\"ListItem\",\"position\":3,\"name\":\"Machine \u00e0 sous Golden Winner \u2013 Jouez aux jeux de casino en ligne\"}]},{\"@type\":\"WebSite\",\"@id\":\"https:\/\/bwarabia.com\/dz\/fr\/#website\",\"url\":\"https:\/\/bwarabia.com\/dz\/fr\/\",\"name\":\"Betway Algerie\",\"description\":\"\",\"publisher\":{\"@id\":\"https:\/\/bwarabia.com\/dz\/fr\/#organization\"},\"potentialAction\":[{\"@type\":\"SearchAction\",\"target\":{\"@type\":\"EntryPoint\",\"urlTemplate\":\"https:\/\/bwarabia.com\/dz\/fr\/?s={search_term_string}\"},\"query-input\":{\"@type\":\"PropertyValueSpecification\",\"valueRequired\":true,\"valueName\":\"search_term_string\"}}],\"inLanguage\":\"fr-FR\"},{\"@type\":\"Organization\",\"@id\":\"https:\/\/bwarabia.com\/dz\/fr\/#organization\",\"name\":\"Betway Algerie\",\"url\":\"https:\/\/bwarabia.com\/dz\/fr\/\",\"logo\":{\"@type\":\"ImageObject\",\"inLanguage\":\"fr-FR\",\"@id\":\"https:\/\/bwarabia.com\/dz\/fr\/#\/schema\/logo\/image\/\",\"url\":\"https:\/\/bwarabia.com\/dz\/wp-content\/uploads\/sites\/10\/2024\/01\/bw_arabia_new.png\",\"contentUrl\":\"https:\/\/bwarabia.com\/dz\/wp-content\/uploads\/sites\/10\/2024\/01\/bw_arabia_new.png\",\"width\":611,\"height\":176,\"caption\":\"Betway Algerie\"},\"image\":{\"@id\":\"https:\/\/bwarabia.com\/dz\/fr\/#\/schema\/logo\/image\/\"},\"sameAs\":[\"https:\/\/www.facebook.com\/BetwaySportsMENA\/\",\"https:\/\/x.com\/betwayarabia\",\"https:\/\/www.youtube.com\/@betwayarabia\",\"https:\/\/www.instagram.com\/betwaysports_arabia\/\"]}]}<\/script>\n<!-- \/ Yoast SEO plugin. -->","yoast_head_json":{"title":"Machine \u00e0 sous Golden Winner \u2013 Jouez aux jeux de casino en ligne - Betway Algerie","description":"Betway Algerie - Jouez \u00e0 Golden Winner et aux meilleurs jeux de casino en ligne sur Betway. Profitez d'un gameplay captivant.","robots":{"index":"index","follow":"follow","max-snippet":"max-snippet:-1","max-image-preview":"max-image-preview:large","max-video-preview":"max-video-preview:-1"},"canonical":"https:\/\/bwarabia.com\/dz\/casino-enligne\/machine-a-sous-golden-winner-jouez-aux-jeux-de-casino-en-ligne\/","og_locale":"fr_FR","og_type":"article","og_title":"Machine \u00e0 sous Golden Winner \u2013 Jouez aux jeux de casino en ligne - Betway Algerie","og_description":"Betway Algerie - Jouez \u00e0 Golden Winner et aux meilleurs jeux de casino en ligne sur Betway. Profitez d'un gameplay captivant.","og_url":"https:\/\/bwarabia.com\/dz\/casino-enligne\/machine-a-sous-golden-winner-jouez-aux-jeux-de-casino-en-ligne\/","og_site_name":"Betway Algerie","article_publisher":"https:\/\/www.facebook.com\/BetwaySportsMENA\/","article_modified_time":"2025-01-28T11:43:40+00:00","og_image":[{"width":825,"height":550,"url":"https:\/\/bwarabia.com\/dz\/wp-content\/themes\/BWA_LLD_Tailwind_Theme\/assets\/img\/Open_graph_image.png","type":"image\/jpeg"}],"twitter_card":"summary_large_image","twitter_image":"https:\/\/bwarabia.com\/dz\/wp-content\/themes\/BWA_LLD_Tailwind_Theme\/assets\/img\/Open_graph_image.png","twitter_site":"@betwayarabia","twitter_misc":{"Dur\u00e9e de lecture estim\u00e9e":"4 minutes"},"schema":{"@context":"https:\/\/schema.org","@graph":[{"@type":"WebPage","@id":"https:\/\/bwarabia.com\/dz\/casino-enligne\/machine-a-sous-golden-winner-jouez-aux-jeux-de-casino-en-ligne\/","url":"https:\/\/bwarabia.com\/dz\/casino-enligne\/machine-a-sous-golden-winner-jouez-aux-jeux-de-casino-en-ligne\/","name":"Machine \u00e0 sous Golden Winner \u2013 Jouez aux jeux de casino en ligne - Betway Algerie","isPartOf":{"@id":"https:\/\/bwarabia.com\/dz\/fr\/#website"},"primaryImageOfPage":{"@id":"https:\/\/bwarabia.com\/dz\/casino-enligne\/machine-a-sous-golden-winner-jouez-aux-jeux-de-casino-en-ligne\/#primaryimage"},"image":{"@id":"https:\/\/bwarabia.com\/dz\/casino-enligne\/machine-a-sous-golden-winner-jouez-aux-jeux-de-casino-en-ligne\/#primaryimage"},"thumbnailUrl":"https:\/\/bwarabia.com\/dz\/wp-content\/uploads\/sites\/10\/2025\/01\/MRGNG-225_Casino_Games_Blog_Golden_Winner.jpg","datePublished":"2025-01-23T15:18:43+00:00","dateModified":"2025-01-28T11:43:40+00:00","description":"Betway Algerie - Jouez \u00e0 Golden Winner et aux meilleurs jeux de casino en ligne sur Betway. Profitez d'un gameplay captivant.","breadcrumb":{"@id":"https:\/\/bwarabia.com\/dz\/casino-enligne\/machine-a-sous-golden-winner-jouez-aux-jeux-de-casino-en-ligne\/#breadcrumb"},"inLanguage":"fr-FR","potentialAction":[{"@type":"ReadAction","target":["https:\/\/bwarabia.com\/dz\/casino-enligne\/machine-a-sous-golden-winner-jouez-aux-jeux-de-casino-en-ligne\/"]}]},{"@type":"ImageObject","inLanguage":"fr-FR","@id":"https:\/\/bwarabia.com\/dz\/casino-enligne\/machine-a-sous-golden-winner-jouez-aux-jeux-de-casino-en-ligne\/#primaryimage","url":"https:\/\/bwarabia.com\/dz\/wp-content\/uploads\/sites\/10\/2025\/01\/MRGNG-225_Casino_Games_Blog_Golden_Winner.jpg","contentUrl":"https:\/\/bwarabia.com\/dz\/wp-content\/uploads\/sites\/10\/2025\/01\/MRGNG-225_Casino_Games_Blog_Golden_Winner.jpg","width":825,"height":550,"caption":"Machine \u00e0 sous Golden Winner"},{"@type":"BreadcrumbList","@id":"https:\/\/bwarabia.com\/dz\/casino-enligne\/machine-a-sous-golden-winner-jouez-aux-jeux-de-casino-en-ligne\/#breadcrumb","itemListElement":[{"@type":"ListItem","position":1,"name":"Home","item":"https:\/\/bwarabia.com\/dz\/fr\/"},{"@type":"ListItem","position":2,"name":"Casino","item":"https:\/\/bwarabia.com\/dz\/fr\/casino-enligne\/"},{"@type":"ListItem","position":3,"name":"Machine \u00e0 sous Golden Winner \u2013 Jouez aux jeux de casino en ligne"}]},{"@type":"WebSite","@id":"https:\/\/bwarabia.com\/dz\/fr\/#website","url":"https:\/\/bwarabia.com\/dz\/fr\/","name":"Betway Algerie","description":"","publisher":{"@id":"https:\/\/bwarabia.com\/dz\/fr\/#organization"},"potentialAction":[{"@type":"SearchAction","target":{"@type":"EntryPoint","urlTemplate":"https:\/\/bwarabia.com\/dz\/fr\/?s={search_term_string}"},"query-input":{"@type":"PropertyValueSpecification","valueRequired":true,"valueName":"search_term_string"}}],"inLanguage":"fr-FR"},{"@type":"Organization","@id":"https:\/\/bwarabia.com\/dz\/fr\/#organization","name":"Betway Algerie","url":"https:\/\/bwarabia.com\/dz\/fr\/","logo":{"@type":"ImageObject","inLanguage":"fr-FR","@id":"https:\/\/bwarabia.com\/dz\/fr\/#\/schema\/logo\/image\/","url":"https:\/\/bwarabia.com\/dz\/wp-content\/uploads\/sites\/10\/2024\/01\/bw_arabia_new.png","contentUrl":"https:\/\/bwarabia.com\/dz\/wp-content\/uploads\/sites\/10\/2024\/01\/bw_arabia_new.png","width":611,"height":176,"caption":"Betway Algerie"},"image":{"@id":"https:\/\/bwarabia.com\/dz\/fr\/#\/schema\/logo\/image\/"},"sameAs":["https:\/\/www.facebook.com\/BetwaySportsMENA\/","https:\/\/x.com\/betwayarabia","https:\/\/www.youtube.com\/@betwayarabia","https:\/\/www.instagram.com\/betwaysports_arabia\/"]}]}},"_links":{"self":[{"href":"https:\/\/bwarabia.com\/dz\/wp-json\/wp\/v2\/pages\/4864","targetHints":{"allow":["GET"]}}],"collection":[{"href":"https:\/\/bwarabia.com\/dz\/wp-json\/wp\/v2\/pages"}],"about":[{"href":"https:\/\/bwarabia.com\/dz\/wp-json\/wp\/v2\/types\/page"}],"author":[{"embeddable":true,"href":"https:\/\/bwarabia.com\/dz\/wp-json\/wp\/v2\/users\/10"}],"replies":[{"embeddable":true,"href":"https:\/\/bwarabia.com\/dz\/wp-json\/wp\/v2\/comments?post=4864"}],"version-history":[{"count":3,"href":"https:\/\/bwarabia.com\/dz\/wp-json\/wp\/v2\/pages\/4864\/revisions"}],"predecessor-version":[{"id":4903,"href":"https:\/\/bwarabia.com\/dz\/wp-json\/wp\/v2\/pages\/4864\/revisions\/4903"}],"up":[{"embeddable":true,"href":"https:\/\/bwarabia.com\/dz\/wp-json\/wp\/v2\/pages\/846"}],"wp:featuredmedia":[{"embeddable":true,"href":"https:\/\/bwarabia.com\/dz\/wp-json\/wp\/v2\/media\/4865"}],"wp:attachment":[{"href":"https:\/\/bwarabia.com\/dz\/wp-json\/wp\/v2\/media?parent=4864"}],"curies":[{"name":"wp","href":"https:\/\/api.w.org\/{rel}","templated":true}]}}