{"id":6091,"date":"2024-05-12T12:01:00","date_gmt":"2024-05-12T12:01:00","guid":{"rendered":"https:\/\/bwarabia.com\/dz\/les-paris-sportifs\/histoire-de-la-nba\/"},"modified":"2025-04-07T12:04:17","modified_gmt":"2025-04-07T12:04:17","slug":"histoire-de-la-nba","status":"publish","type":"page","link":"https:\/\/bwarabia.com\/dz\/les-paris-sportifs\/histoire-de-la-nba\/","title":{"rendered":"Histoire de la NBA"},"content":{"rendered":"<h1>Histoire de la NBA<\/h1>\n<p><\/p>\n<p>Le 3 ao\u00fbt 1949, apr\u00e8s une lutte de trois ans, l&rsquo;Association de Basketball d&rsquo;Am\u00e9rique (BAA) rivale et la Ligue Nationale de Basketball (NBL) se sont fusionn\u00e9es pour former la National Basketball Association (NBA).<\/p>\n<h2><strong>Une fusion de ligues de basketball adverses<\/strong><\/h2>\n<p>La BAA a \u00e9t\u00e9 cr\u00e9\u00e9e en 1946 pour d\u00e9fier la NBL, qui existait depuis pr\u00e8s d&rsquo;une d\u00e9cennie \u00e0 cette \u00e9poque. La BAA s&rsquo;est implant\u00e9e dans des villes plus importantes que celles de la NBL, cette derni\u00e8re n&rsquo;op\u00e9rant que dans de petites villes du Midwest telles que Fort Wayne, Sheboygan et Akron. Alors que la NBL disputait ses matchs dans de petits gymnases, la BAA, plus visible, jouait dans de grandes ar\u00e8nes comme le Boston Garden et le Madison Square Garden \u00e0 New York.<\/p>\n<p>\u00c0 la saison 1948\/49, la BAA avait commenc\u00e9 \u00e0 attirer les meilleurs joueurs du pays, ainsi que quatre franchises de la NBL, situ\u00e9es \u00e0 Fort Wayne, Indianapolis, Minneapolis et Rochester. Ces franchises ont toutes rejoint la BAA, emmenant avec elles leurs joueurs vedettes. George Mikan, la figure la plus c\u00e9l\u00e8bre des deux ligues, capable \u00e0 lui seul d&rsquo;assurer le succ\u00e8s de son \u00e9quipe, a rejoint la nouvelle ligue avec les Minneapolis Lakers.<\/p>\n<h2><strong>D\u00e9veloppement de la NBA dans les ann\u00e9es 1950 et 1970<\/strong><\/h2>\n<p>Apr\u00e8s les accords du 3 ao\u00fbt 1949, la nouvelle ligue, la NBA, se composait de 17 \u00e9quipes repr\u00e9sentant aussi bien de petites villes que de grandes m\u00e9tropoles \u00e0 travers le pays. Cependant, tout au long des ann\u00e9es 1950, le nombre d&rsquo;\u00e9quipes a diminu\u00e9 parall\u00e8lement au soutien des fans. Lors de la saison 1954-55, il ne restait plus que huit \u00e9quipes. Cette m\u00eame ann\u00e9e, la ligue a r\u00e9volutionn\u00e9 le jeu en instaurant la r\u00e8gle des 24 secondes, rendant le match plus rapide et plus attrayant. Le retour des fans a permis \u00e0 la ligue, d\u00e9sormais prosp\u00e8re financi\u00e8rement, de s&rsquo;\u00e9tendre consid\u00e9rablement durant les ann\u00e9es 1960 et 1970.<\/p>\n<p>Les premi\u00e8res ann\u00e9es de la NBA furent domin\u00e9es par les Boston Celtics, qui remport\u00e8rent 11 championnats en 13 saisons, de 1957 \u00e0 1969. Les ann\u00e9es 1960 virent \u00e9galement l&rsquo;\u00e9mergence de certains des plus grands joueurs de l&rsquo;histoire de la NBA, tels que Bill Russell, Wilt Chamberlain et Oscar Robertson.<\/p>\n<p>Le d\u00e9veloppement actif se poursuivit jusqu&rsquo;aux ann\u00e9es 1970. \u00c0 cette \u00e9poque, de nouvelles franchises virent le jour dans des villes telles que Buffalo, Cleveland et Portland. La domination des Los Angeles Lakers et des Boston Celtics s&rsquo;accentua, ces deux \u00e9quipes remportant huit des dix championnats de la d\u00e9cennie.<\/p>\n<h2><strong>Explosion de la popularit\u00e9 du basketball<\/strong><\/h2>\n<p>Les ann\u00e9es 1980 virent l&rsquo;\u00e9mergence des plus grands joueurs de tous les temps, notamment Larry Bird, Magic Johnson et Michael Jordan. Les Boston Celtics et les Los Angeles Lakers rest\u00e8rent des \u00e9quipes dominantes. Toutefois, l&rsquo;arriv\u00e9e de Michael Jordan et des Chicago Bulls \u00e0 la fin des ann\u00e9es 1980 changea la ligue \u00e0 jamais, les ann\u00e9es 1990 appartenant aux Bulls et \u00e0 Jordan, avec six championnats remport\u00e9s en huit ans.<\/p>\n<p>Apr\u00e8s 2000, de nouvelles superstars telles que LeBron James, Shaquille O&rsquo;Neal, Tim Duncan et Kobe Bryant \u00e9merg\u00e8rent. La ligue s&rsquo;\u00e9tendit \u00e9galement \u00e0 Charlotte et Memphis et vit la cr\u00e9ation de nouvelles franchises \u00e0 Toronto, Vancouver et La Nouvelle-Orl\u00e9ans.<\/p>\n<h2><strong>La NBA \u00e0 l&rsquo;\u00e9poque moderne<\/strong><\/h2>\n<p>Dans les ann\u00e9es 2010, la NBA connut une nouvelle \u00e8re de popularit\u00e9 des superstars, avec notamment Stephen Curry, James Harden et Kevin Durant. La d\u00e9cennie fut \u00e9galement marqu\u00e9e par le retour des dynasties, les Golden State Warriors remportant trois championnats, tandis que les San Antonio Spurs et le Miami Heat en remport\u00e8rent plusieurs.<\/p>\n<p>La ligue s&rsquo;est \u00e9galement internationalis\u00e9e avec la cr\u00e9ation de la NBA Global Academy en 2016, dont l&rsquo;objectif est de former des joueurs de basketball d&rsquo;\u00e9lite issus du monde entier. Par ailleurs, le lancement de la NBA African League en 2020, premi\u00e8re ligue professionnelle g\u00e9r\u00e9e par la North American Sports League en dehors des \u00c9tats-Unis et du Canada, a marqu\u00e9 une nouvelle \u00e9tape dans l&rsquo;expansion mondiale de la NBA.<\/p>\n<p><\/p>\n","protected":false},"excerpt":{"rendered":"<p>Histoire de la NBA Le 3 ao\u00fbt 1949, apr\u00e8s une lutte de trois ans, l&rsquo;Association de Basketball d&rsquo;Am\u00e9rique (BAA) rivale et la Ligue Nationale de Basketball (NBL) se sont fusionn\u00e9es pour former la National Basketball Association (NBA). Une fusion de ligues de basketball adverses La BAA a \u00e9t\u00e9 cr\u00e9\u00e9e en 1946 pour d\u00e9fier la NBL, [&hellip;]<\/p>\n","protected":false},"author":9,"featured_media":6088,"parent":860,"menu_order":0,"comment_status":"closed","ping_status":"closed","template":"newseopages.php","meta":{"_acf_changed":false,"_yoast_wpseo_title":"","_yoast_wpseo_metadesc":"Betway Alg\u00e9rie: Le 3 ao\u00fbt 1949, apr\u00e8s une lutte de trois ans, l'Association de Basketball d'Am\u00e9rique (BAA) rivale et la Ligue Nationale de Basketball (NBL) se sont fusionn\u00e9es pour former la National Basketball Association (NBA).","footnotes":"","href_lang_slug_x_default":"","href_lang_slug_ae":"{\"en\":{\"ae\":\"https:\/\/bwarabia.com\/ae\/sports-betting\/nba-history\/\"},\"ar\":{\"ae\":\"\"},\"fr\":{\"ae\":\"\"}}","href_lang_slug_sa":"{\"en\":{\"sa\":\"https:\/\/bwarabia.com\/sa\/sports-betting\/nba-history\/\"},\"ar\":{\"sa\":\"https:\/\/bwarabia.com\/sa\/ar\/%d8%a7%d9%84%d9%85%d8%b1%d8%a7%d9%87%d9%86%d8%a7%d8%aa-%d8%a7%d9%84%d8%b1%d9%8a%d8%a7%d8%b6%d9%8a%d8%a9\/%d8%aa%d8%a7%d8%b1%d9%8a%d8%ae-%d8%a7%d9%84%d8%af%d9%88%d8%b1%d9%8a-%d8%a7%d9%84%d8%a7%d9%85%d9%8a%d8%b1%d9%83%d9%8a-%d9%84%d9%84%d9%85%d8%ad%d8%aa%d8%b1%d9%81%d9%8a%d9%86\/\"},\"fr\":{\"sa\":\"\"}}","href_lang_slug_eg":"{\"en\":{\"eg\":\"https:\/\/bwarabia.com\/eg\/online-sports-betting\/nba-history\/\"},\"ar\":{\"eg\":\"https:\/\/bwarabia.com\/eg\/ar\/%d8%a7%d9%84%d9%85%d8%b1%d8%a7%d9%87%d9%86%d8%a7%d8%aa-%d8%a7%d9%84%d8%b1%d9%8a%d8%a7%d8%b6%d9%8a%d8%a9\/%d8%aa%d8%a7%d8%b1%d9%8a%d8%ae-%d8%a7%d9%84%d8%af%d9%88%d8%b1%d9%8a-%d8%a7%d9%84%d8%a7%d9%85%d9%8a%d8%b1%d9%83%d9%8a-%d9%84%d9%84%d9%85%d8%ad%d8%aa%d8%b1%d9%81%d9%8a%d9%86\/\"},\"fr\":{\"eg\":\"\"}}","href_lang_slug_lb":"{\"en\":{\"lb\":\"https:\/\/bwarabia.com\/lb\/sports-betting\/nba-history\/\"},\"ar\":{\"lb\":\"https:\/\/bwarabia.com\/lb\/ar\/sports\/%d8%aa%d8%a7%d8%b1%d9%8a%d8%ae-%d8%a7%d9%84%d8%af%d9%88%d8%b1%d9%8a-%d8%a7%d9%84%d8%a7%d9%85%d9%8a%d8%b1%d9%83%d9%8a-%d9%84%d9%84%d9%85%d8%ad%d8%aa%d8%b1%d9%81%d9%8a%d9%86\/\"},\"fr\":{\"lb\":\"\"}}","href_lang_slug_kw":"{\"en\":{\"kw\":\"https:\/\/bwarabia.com\/kw\/sports-betting\/nba-history\/\"},\"ar\":{\"kw\":\"https:\/\/bwarabia.com\/kw\/ar\/%d8%a7%d9%84%d9%85%d8%b1%d8%a7%d9%87%d9%86%d8%a7%d8%aa-%d8%a7%d9%84%d8%b1%d9%8a%d8%a7%d8%b6%d9%8a%d8%a9\/%d8%aa%d8%a7%d8%b1%d9%8a%d8%ae-%d8%a7%d9%84%d8%af%d9%88%d8%b1%d9%8a-%d8%a7%d9%84%d8%a7%d9%85%d9%8a%d8%b1%d9%83%d9%8a-%d9%84%d9%84%d9%85%d8%ad%d8%aa%d8%b1%d9%81%d9%8a%d9%86\/\"},\"fr\":{\"kw\":\"\"}}","href_lang_slug_bh":"{\"en\":{\"bh\":\"https:\/\/bwarabia.com\/bh\/sports-betting\/nba-history\/\"},\"ar\":{\"bh\":\"https:\/\/bwarabia.com\/bh\/ar\/sports\/%d8%aa%d8%a7%d8%b1%d9%8a%d8%ae-%d8%a7%d9%84%d8%af%d9%88%d8%b1%d9%8a-%d8%a7%d9%84%d8%a7%d9%85%d9%8a%d8%b1%d9%83%d9%8a-%d9%84%d9%84%d9%85%d8%ad%d8%aa%d8%b1%d9%81%d9%8a%d9%86\/\"},\"fr\":{\"bh\":\"\"}}","href_lang_slug_om":"{\"en\":{\"om\":\"https:\/\/bwarabia.com\/om\/sports-betting\/nba-history\/\"},\"ar\":{\"om\":\"https:\/\/bwarabia.com\/om\/ar\/sports\/%d8%aa%d8%a7%d8%b1%d9%8a%d8%ae-%d8%a7%d9%84%d8%af%d9%88%d8%b1%d9%8a-%d8%a7%d9%84%d8%a7%d9%85%d9%8a%d8%b1%d9%83%d9%8a-%d9%84%d9%84%d9%85%d8%ad%d8%aa%d8%b1%d9%81%d9%8a%d9%86\/\"},\"fr\":{\"om\":\"\"}}","href_lang_slug_jo":"{\"en\":{\"jo\":\"https:\/\/bwarabia.com\/jo\/sports-betting\/nba-history\/\"},\"ar\":{\"jo\":\"https:\/\/bwarabia.com\/jo\/ar\/sports\/%d8%aa%d8%a7%d8%b1%d9%8a%d8%ae-%d8%a7%d9%84%d8%af%d9%88%d8%b1%d9%8a-%d8%a7%d9%84%d8%a7%d9%85%d9%8a%d8%b1%d9%83%d9%8a-%d9%84%d9%84%d9%85%d8%ad%d8%aa%d8%b1%d9%81%d9%8a%d9%86\/\"},\"fr\":{\"jo\":\"\"}}","href_lang_slug_qa":"{\"en\":{\"qa\":\"https:\/\/bwarabia.com\/qa\/sports-betting\/nba-history\/\"},\"ar\":{\"qa\":\"https:\/\/bwarabia.com\/qa\/ar\/sports\/%d8%aa%d8%a7%d8%b1%d9%8a%d8%ae-%d8%a7%d9%84%d8%af%d9%88%d8%b1%d9%8a-%d8%a7%d9%84%d8%a7%d9%85%d9%8a%d8%b1%d9%83%d9%8a-%d9%84%d9%84%d9%85%d8%ad%d8%aa%d8%b1%d9%81%d9%8a%d9%86\/\"},\"fr\":{\"qa\":\"\"}}","href_lang_slug_tn":"{\"en\":{\"tn\":\"\"},\"ar\":{\"tn\":\"https:\/\/bwarabia.com\/tn\/ar\/sports\/%d8%aa%d8%a7%d8%b1%d9%8a%d8%ae-%d8%a7%d9%84%d8%af%d9%88%d8%b1%d9%8a-%d8%a7%d9%84%d8%a7%d9%85%d9%8a%d8%b1%d9%83%d9%8a-%d9%84%d9%84%d9%85%d8%ad%d8%aa%d8%b1%d9%81%d9%8a%d9%86\/\"},\"fr\":{\"tn\":\"https:\/\/bwarabia.com\/tn\/fr\/les-paris-sportifs\/histoire-de-la-nba\/\"}}","href_lang_slug_ma":"{\"en\":{\"ma\":\"\"},\"ar\":{\"ma\":\"https:\/\/bwarabia.com\/ma\/ar\/sports\/%d8%aa%d8%a7%d8%b1%d9%8a%d8%ae-%d8%a7%d9%84%d8%af%d9%88%d8%b1%d9%8a-%d8%a7%d9%84%d8%a7%d9%85%d9%8a%d8%b1%d9%83%d9%8a-%d9%84%d9%84%d9%85%d8%ad%d8%aa%d8%b1%d9%81%d9%8a%d9%86\/\"},\"fr\":{\"ma\":\"https:\/\/bwarabia.com\/ma\/fr\/les-paris-sportifs\/histoire-de-la-nba\/\"}}","href_lang_slug_dz":"{\"en\":{\"dz\":\"\"},\"ar\":{\"dz\":\"https:\/\/bwarabia.com\/dz\/ar\/sports\/%d8%aa%d8%a7%d8%b1%d9%8a%d8%ae-%d8%a7%d9%84%d8%af%d9%88%d8%b1%d9%8a-%d8%a7%d9%84%d8%a7%d9%85%d9%8a%d8%b1%d9%83%d9%8a-%d9%84%d9%84%d9%85%d8%ad%d8%aa%d8%b1%d9%81%d9%8a%d9%86\/\"},\"fr\":{\"dz\":\"https:\/\/bwarabia.com\/dz\/fr\/les-paris-sportifs\/histoire-de-la-nba\/\"}}"},"class_list":["post-6091","page","type-page","status-publish","has-post-thumbnail","hentry"],"acf":[],"yoast_head":"<!-- This site is optimized with the Yoast SEO plugin v27.2 - https:\/\/yoast.com\/product\/yoast-seo-wordpress\/ -->\n<title>Histoire de la NBA - Betway Algerie<\/title>\n<meta name=\"description\" content=\"Betway Alg\u00e9rie: Le 3 ao\u00fbt 1949, apr\u00e8s une lutte de trois ans, l&#039;Association de Basketball d&#039;Am\u00e9rique (BAA) rivale et la Ligue Nationale de Basketball (NBL) se sont fusionn\u00e9es pour former la National Basketball Association (NBA).\" \/>\n<meta name=\"robots\" content=\"index, follow, max-snippet:-1, max-image-preview:large, max-video-preview:-1\" \/>\n<link rel=\"canonical\" href=\"https:\/\/bwarabia.com\/dz\/les-paris-sportifs\/histoire-de-la-nba\/\" \/>\n<meta property=\"og:locale\" content=\"fr_FR\" \/>\n<meta property=\"og:type\" content=\"article\" \/>\n<meta property=\"og:title\" content=\"Histoire de la NBA - Betway Algerie\" \/>\n<meta property=\"og:description\" content=\"Betway Alg\u00e9rie: Le 3 ao\u00fbt 1949, apr\u00e8s une lutte de trois ans, l&#039;Association de Basketball d&#039;Am\u00e9rique (BAA) rivale et la Ligue Nationale de Basketball (NBL) se sont fusionn\u00e9es pour former la National Basketball Association (NBA).\" \/>\n<meta property=\"og:url\" content=\"https:\/\/bwarabia.com\/dz\/les-paris-sportifs\/histoire-de-la-nba\/\" \/>\n<meta property=\"og:site_name\" content=\"Betway Algerie\" \/>\n<meta property=\"article:publisher\" content=\"https:\/\/www.facebook.com\/BetwaySportsMENA\/\" \/>\n<meta property=\"article:modified_time\" content=\"2025-04-07T12:04:17+00:00\" \/>\n<meta property=\"og:image\" content=\"https:\/\/bwarabia.com\/dz\/wp-content\/themes\/BWA_LLD_Tailwind_Theme\/assets\/img\/Open_graph_image.png\" \/>\n\t<meta property=\"og:image:width\" content=\"825\" \/>\n\t<meta property=\"og:image:height\" content=\"659\" \/>\n\t<meta property=\"og:image:type\" content=\"image\/jpeg\" \/>\n<meta name=\"twitter:card\" content=\"summary_large_image\" \/>\n<meta name=\"twitter:image\" content=\"https:\/\/bwarabia.com\/dz\/wp-content\/themes\/BWA_LLD_Tailwind_Theme\/assets\/img\/Open_graph_image.png\" \/>\n<meta name=\"twitter:site\" content=\"@betwayarabia\" \/>\n<meta name=\"twitter:label1\" content=\"Dur\u00e9e de lecture estim\u00e9e\" \/>\n\t<meta name=\"twitter:data1\" content=\"3 minutes\" \/>\n<script type=\"application\/ld+json\" class=\"yoast-schema-graph\">{\"@context\":\"https:\/\/schema.org\",\"@graph\":[{\"@type\":\"WebPage\",\"@id\":\"https:\/\/bwarabia.com\/dz\/les-paris-sportifs\/histoire-de-la-nba\/\",\"url\":\"https:\/\/bwarabia.com\/dz\/les-paris-sportifs\/histoire-de-la-nba\/\",\"name\":\"Histoire de la NBA - Betway Algerie\",\"isPartOf\":{\"@id\":\"https:\/\/bwarabia.com\/dz\/fr\/#website\"},\"primaryImageOfPage\":{\"@id\":\"https:\/\/bwarabia.com\/dz\/les-paris-sportifs\/histoire-de-la-nba\/#primaryimage\"},\"image\":{\"@id\":\"https:\/\/bwarabia.com\/dz\/les-paris-sportifs\/histoire-de-la-nba\/#primaryimage\"},\"thumbnailUrl\":\"https:\/\/bwarabia.com\/dz\/wp-content\/uploads\/sites\/10\/2025\/04\/C72DN8-1.jpg\",\"datePublished\":\"2024-05-12T12:01:00+00:00\",\"dateModified\":\"2025-04-07T12:04:17+00:00\",\"description\":\"Betway Alg\u00e9rie: Le 3 ao\u00fbt 1949, apr\u00e8s une lutte de trois ans, l'Association de Basketball d'Am\u00e9rique (BAA) rivale et la Ligue Nationale de Basketball (NBL) se sont fusionn\u00e9es pour former la National Basketball Association (NBA).\",\"breadcrumb\":{\"@id\":\"https:\/\/bwarabia.com\/dz\/les-paris-sportifs\/histoire-de-la-nba\/#breadcrumb\"},\"inLanguage\":\"fr-FR\",\"potentialAction\":[{\"@type\":\"ReadAction\",\"target\":[\"https:\/\/bwarabia.com\/dz\/les-paris-sportifs\/histoire-de-la-nba\/\"]}]},{\"@type\":\"ImageObject\",\"inLanguage\":\"fr-FR\",\"@id\":\"https:\/\/bwarabia.com\/dz\/les-paris-sportifs\/histoire-de-la-nba\/#primaryimage\",\"url\":\"https:\/\/bwarabia.com\/dz\/wp-content\/uploads\/sites\/10\/2025\/04\/C72DN8-1.jpg\",\"contentUrl\":\"https:\/\/bwarabia.com\/dz\/wp-content\/uploads\/sites\/10\/2025\/04\/C72DN8-1.jpg\",\"width\":825,\"height\":659,\"caption\":\"Histoire de la NBA\"},{\"@type\":\"BreadcrumbList\",\"@id\":\"https:\/\/bwarabia.com\/dz\/les-paris-sportifs\/histoire-de-la-nba\/#breadcrumb\",\"itemListElement\":[{\"@type\":\"ListItem\",\"position\":1,\"name\":\"Home\",\"item\":\"https:\/\/bwarabia.com\/dz\/fr\/\"},{\"@type\":\"ListItem\",\"position\":2,\"name\":\"Sports\",\"item\":\"https:\/\/bwarabia.com\/dz\/fr\/les-paris-sportifs\/\"},{\"@type\":\"ListItem\",\"position\":3,\"name\":\"Histoire de la NBA\"}]},{\"@type\":\"WebSite\",\"@id\":\"https:\/\/bwarabia.com\/dz\/fr\/#website\",\"url\":\"https:\/\/bwarabia.com\/dz\/fr\/\",\"name\":\"Betway Algerie\",\"description\":\"\",\"publisher\":{\"@id\":\"https:\/\/bwarabia.com\/dz\/fr\/#organization\"},\"potentialAction\":[{\"@type\":\"SearchAction\",\"target\":{\"@type\":\"EntryPoint\",\"urlTemplate\":\"https:\/\/bwarabia.com\/dz\/fr\/?s={search_term_string}\"},\"query-input\":{\"@type\":\"PropertyValueSpecification\",\"valueRequired\":true,\"valueName\":\"search_term_string\"}}],\"inLanguage\":\"fr-FR\"},{\"@type\":\"Organization\",\"@id\":\"https:\/\/bwarabia.com\/dz\/fr\/#organization\",\"name\":\"Betway Algerie\",\"url\":\"https:\/\/bwarabia.com\/dz\/fr\/\",\"logo\":{\"@type\":\"ImageObject\",\"inLanguage\":\"fr-FR\",\"@id\":\"https:\/\/bwarabia.com\/dz\/fr\/#\/schema\/logo\/image\/\",\"url\":\"https:\/\/bwarabia.com\/dz\/wp-content\/uploads\/sites\/10\/2024\/01\/bw_arabia_new.png\",\"contentUrl\":\"https:\/\/bwarabia.com\/dz\/wp-content\/uploads\/sites\/10\/2024\/01\/bw_arabia_new.png\",\"width\":611,\"height\":176,\"caption\":\"Betway Algerie\"},\"image\":{\"@id\":\"https:\/\/bwarabia.com\/dz\/fr\/#\/schema\/logo\/image\/\"},\"sameAs\":[\"https:\/\/www.facebook.com\/BetwaySportsMENA\/\",\"https:\/\/x.com\/betwayarabia\",\"https:\/\/www.youtube.com\/@betwayarabia\",\"https:\/\/www.instagram.com\/betwaysports_arabia\/\"]}]}<\/script>\n<!-- \/ Yoast SEO plugin. -->","yoast_head_json":{"title":"Histoire de la NBA - Betway Algerie","description":"Betway Alg\u00e9rie: Le 3 ao\u00fbt 1949, apr\u00e8s une lutte de trois ans, l'Association de Basketball d'Am\u00e9rique (BAA) rivale et la Ligue Nationale de Basketball (NBL) se sont fusionn\u00e9es pour former la National Basketball Association (NBA).","robots":{"index":"index","follow":"follow","max-snippet":"max-snippet:-1","max-image-preview":"max-image-preview:large","max-video-preview":"max-video-preview:-1"},"canonical":"https:\/\/bwarabia.com\/dz\/les-paris-sportifs\/histoire-de-la-nba\/","og_locale":"fr_FR","og_type":"article","og_title":"Histoire de la NBA - Betway Algerie","og_description":"Betway Alg\u00e9rie: Le 3 ao\u00fbt 1949, apr\u00e8s une lutte de trois ans, l'Association de Basketball d'Am\u00e9rique (BAA) rivale et la Ligue Nationale de Basketball (NBL) se sont fusionn\u00e9es pour former la National Basketball Association (NBA).","og_url":"https:\/\/bwarabia.com\/dz\/les-paris-sportifs\/histoire-de-la-nba\/","og_site_name":"Betway Algerie","article_publisher":"https:\/\/www.facebook.com\/BetwaySportsMENA\/","article_modified_time":"2025-04-07T12:04:17+00:00","og_image":[{"width":825,"height":659,"url":"https:\/\/bwarabia.com\/dz\/wp-content\/themes\/BWA_LLD_Tailwind_Theme\/assets\/img\/Open_graph_image.png","type":"image\/jpeg"}],"twitter_card":"summary_large_image","twitter_image":"https:\/\/bwarabia.com\/dz\/wp-content\/themes\/BWA_LLD_Tailwind_Theme\/assets\/img\/Open_graph_image.png","twitter_site":"@betwayarabia","twitter_misc":{"Dur\u00e9e de lecture estim\u00e9e":"3 minutes"},"schema":{"@context":"https:\/\/schema.org","@graph":[{"@type":"WebPage","@id":"https:\/\/bwarabia.com\/dz\/les-paris-sportifs\/histoire-de-la-nba\/","url":"https:\/\/bwarabia.com\/dz\/les-paris-sportifs\/histoire-de-la-nba\/","name":"Histoire de la NBA - Betway Algerie","isPartOf":{"@id":"https:\/\/bwarabia.com\/dz\/fr\/#website"},"primaryImageOfPage":{"@id":"https:\/\/bwarabia.com\/dz\/les-paris-sportifs\/histoire-de-la-nba\/#primaryimage"},"image":{"@id":"https:\/\/bwarabia.com\/dz\/les-paris-sportifs\/histoire-de-la-nba\/#primaryimage"},"thumbnailUrl":"https:\/\/bwarabia.com\/dz\/wp-content\/uploads\/sites\/10\/2025\/04\/C72DN8-1.jpg","datePublished":"2024-05-12T12:01:00+00:00","dateModified":"2025-04-07T12:04:17+00:00","description":"Betway Alg\u00e9rie: Le 3 ao\u00fbt 1949, apr\u00e8s une lutte de trois ans, l'Association de Basketball d'Am\u00e9rique (BAA) rivale et la Ligue Nationale de Basketball (NBL) se sont fusionn\u00e9es pour former la National Basketball Association (NBA).","breadcrumb":{"@id":"https:\/\/bwarabia.com\/dz\/les-paris-sportifs\/histoire-de-la-nba\/#breadcrumb"},"inLanguage":"fr-FR","potentialAction":[{"@type":"ReadAction","target":["https:\/\/bwarabia.com\/dz\/les-paris-sportifs\/histoire-de-la-nba\/"]}]},{"@type":"ImageObject","inLanguage":"fr-FR","@id":"https:\/\/bwarabia.com\/dz\/les-paris-sportifs\/histoire-de-la-nba\/#primaryimage","url":"https:\/\/bwarabia.com\/dz\/wp-content\/uploads\/sites\/10\/2025\/04\/C72DN8-1.jpg","contentUrl":"https:\/\/bwarabia.com\/dz\/wp-content\/uploads\/sites\/10\/2025\/04\/C72DN8-1.jpg","width":825,"height":659,"caption":"Histoire de la NBA"},{"@type":"BreadcrumbList","@id":"https:\/\/bwarabia.com\/dz\/les-paris-sportifs\/histoire-de-la-nba\/#breadcrumb","itemListElement":[{"@type":"ListItem","position":1,"name":"Home","item":"https:\/\/bwarabia.com\/dz\/fr\/"},{"@type":"ListItem","position":2,"name":"Sports","item":"https:\/\/bwarabia.com\/dz\/fr\/les-paris-sportifs\/"},{"@type":"ListItem","position":3,"name":"Histoire de la NBA"}]},{"@type":"WebSite","@id":"https:\/\/bwarabia.com\/dz\/fr\/#website","url":"https:\/\/bwarabia.com\/dz\/fr\/","name":"Betway Algerie","description":"","publisher":{"@id":"https:\/\/bwarabia.com\/dz\/fr\/#organization"},"potentialAction":[{"@type":"SearchAction","target":{"@type":"EntryPoint","urlTemplate":"https:\/\/bwarabia.com\/dz\/fr\/?s={search_term_string}"},"query-input":{"@type":"PropertyValueSpecification","valueRequired":true,"valueName":"search_term_string"}}],"inLanguage":"fr-FR"},{"@type":"Organization","@id":"https:\/\/bwarabia.com\/dz\/fr\/#organization","name":"Betway Algerie","url":"https:\/\/bwarabia.com\/dz\/fr\/","logo":{"@type":"ImageObject","inLanguage":"fr-FR","@id":"https:\/\/bwarabia.com\/dz\/fr\/#\/schema\/logo\/image\/","url":"https:\/\/bwarabia.com\/dz\/wp-content\/uploads\/sites\/10\/2024\/01\/bw_arabia_new.png","contentUrl":"https:\/\/bwarabia.com\/dz\/wp-content\/uploads\/sites\/10\/2024\/01\/bw_arabia_new.png","width":611,"height":176,"caption":"Betway Algerie"},"image":{"@id":"https:\/\/bwarabia.com\/dz\/fr\/#\/schema\/logo\/image\/"},"sameAs":["https:\/\/www.facebook.com\/BetwaySportsMENA\/","https:\/\/x.com\/betwayarabia","https:\/\/www.youtube.com\/@betwayarabia","https:\/\/www.instagram.com\/betwaysports_arabia\/"]}]}},"_links":{"self":[{"href":"https:\/\/bwarabia.com\/dz\/wp-json\/wp\/v2\/pages\/6091","targetHints":{"allow":["GET"]}}],"collection":[{"href":"https:\/\/bwarabia.com\/dz\/wp-json\/wp\/v2\/pages"}],"about":[{"href":"https:\/\/bwarabia.com\/dz\/wp-json\/wp\/v2\/types\/page"}],"author":[{"embeddable":true,"href":"https:\/\/bwarabia.com\/dz\/wp-json\/wp\/v2\/users\/9"}],"replies":[{"embeddable":true,"href":"https:\/\/bwarabia.com\/dz\/wp-json\/wp\/v2\/comments?post=6091"}],"version-history":[{"count":1,"href":"https:\/\/bwarabia.com\/dz\/wp-json\/wp\/v2\/pages\/6091\/revisions"}],"predecessor-version":[{"id":6093,"href":"https:\/\/bwarabia.com\/dz\/wp-json\/wp\/v2\/pages\/6091\/revisions\/6093"}],"up":[{"embeddable":true,"href":"https:\/\/bwarabia.com\/dz\/wp-json\/wp\/v2\/pages\/860"}],"wp:featuredmedia":[{"embeddable":true,"href":"https:\/\/bwarabia.com\/dz\/wp-json\/wp\/v2\/media\/6088"}],"wp:attachment":[{"href":"https:\/\/bwarabia.com\/dz\/wp-json\/wp\/v2\/media?parent=6091"}],"curies":[{"name":"wp","href":"https:\/\/api.w.org\/{rel}","templated":true}]}}