{"id":6161,"date":"2024-02-15T14:05:00","date_gmt":"2024-02-15T14:05:00","guid":{"rendered":"https:\/\/bwarabia.com\/dz\/les-paris-sportifs\/histoire-de-lemergence-et-du-developpement-des-arts-martiaux\/"},"modified":"2025-04-11T07:53:44","modified_gmt":"2025-04-11T07:53:44","slug":"histoire-de-lemergence-et-du-developpement-des-arts-martiaux","status":"publish","type":"page","link":"https:\/\/bwarabia.com\/dz\/les-paris-sportifs\/histoire-de-lemergence-et-du-developpement-des-arts-martiaux\/","title":{"rendered":"Histoire de l\u2019\u00e9mergence et du d\u00e9veloppement des arts martiaux"},"content":{"rendered":"<h1>Histoire de l\u2019\u00e9mergence et du d\u00e9veloppement des arts martiaux<\/h1>\n<p>Les arts martiaux sont connus depuis l\u2019aube de la soci\u00e9t\u00e9 humaine. Les sources existantes t\u00e9moignent de l\u2019existence de certaines techniques d\u2019autod\u00e9fense d\u00e8s les temps anciens. Les arts martiaux de combat se sont largement d\u00e9velopp\u00e9s dans la Gr\u00e8ce antique. Les exercices physiques chez les anciens Grecs \u00e9taient divis\u00e9s en plusieurs types, mais une attention particuli\u00e8re \u00e9tait port\u00e9e aux sports \u00e0 vis\u00e9e militaire, parmi lesquels le pancrace, qui combinait des \u00e9l\u00e9ments de boxe et de lutte.<\/p>\n<\/p>\n<p>Dans la Rome antique, les combats de gladiateurs \u00e9taient particuli\u00e8rement populaires. On y utilisait des \u00e9p\u00e9es, des lances et d\u2019autres armes blanches lors des affrontements. En Am\u00e9rique latine, en particulier au Br\u00e9sil, on retrouve une forme bien connue d\u2019art martial : la capoeira. En Espagne, dans la r\u00e9gion basque, les combats au couteau \u00e9taient populaires. Dans des r\u00e9gions comme la G\u00e9orgie ou l\u2019Arm\u00e9nie, il existe aussi des arts martiaux traditionnels remontant \u00e0 des temps tr\u00e8s anciens. Plus tard en Europe, des arts martiaux tels que les joutes, qui incluaient l\u2019escrime, la lutte, l\u2019\u00e9quitation et le tir \u00e0 l\u2019arc, \u00e9taient populaires.<\/p>\n<\/p>\n<p>Au XVIIe si\u00e8cle, le sport de la boxe est n\u00e9 de divers styles de combat \u00e0 mains nues anglais. En parall\u00e8le, la boxe fran\u00e7aise s\u2019est d\u00e9velopp\u00e9e en Europe, int\u00e9grant des \u00e9l\u00e9ments de lutte fran\u00e7aise appel\u00e9e \u00ab\u00a0savate\u00a0\u00bb ainsi que de la boxe anglaise. Comme on peut le voir, il est difficile d\u2019attribuer la paternit\u00e9 du combat \u00e0 mains nues \u00e0 un seul pays.<\/p>\n<\/p>\n<p>Cependant, lorsqu\u2019on parle du d\u00e9veloppement des arts martiaux, on ne peut ignorer les formes orientales de lutte, qui jouissent encore aujourd\u2019hui d\u2019une grande popularit\u00e9. Elles sont dominantes par essence, car elles int\u00e8grent non seulement des techniques vari\u00e9es (frappes, projections, etc.), mais aussi diff\u00e9rentes formes d\u2019\u00e9ducation humaine : philosophique, religieuse, \u00e9thique, mentale et physique. Dans la Chine antique, on pratiquait le Taijiquan, un sport de combat m\u00ealant boxe et lutte. On trouve \u00e9galement des traces de sports de combat similaires dans l\u2019\u00c9gypte antique, en Inde et au Japon.<\/p>\n<\/p>\n<p>Il est important de distinguer les notions d\u2019<strong>arts martiaux<\/strong> et de <strong>sports de combat<\/strong>. Tout art martial n\u2019est pas un sport de combat, de m\u00eame que tout sport de combat ne peut pas \u00eatre reconnu comme un art martial. Un art martial peut impliquer un affrontement contre plusieurs adversaires \u2014 ce qui sort alors du cadre du sport. Par ailleurs, les arts martiaux mettent l\u2019accent sur des principes spirituels, voire religieux, alors que les sports de combat sont soit comp\u00e9titifs, soit purement fonctionnels.<\/p>\n<\/p>\n<p>Les sports de combat visent \u00e0 d\u00e9terminer les meilleurs athl\u00e8tes dans une discipline donn\u00e9e. Ils ob\u00e9issent \u00e0 des r\u00e8gles strictes (pour minimiser les blessures) et font usage de protections (gants, prot\u00e8ge-dents en boxe et en karat\u00e9, casques et masques en escrime, etc.).<\/p>\n<\/p>\n<p>Le but principal des arts martiaux est de neutraliser et d\u2019immobiliser l\u2019adversaire. Il s\u2019agit principalement de combats rapproch\u00e9s \u00e0 mains nues. L\u2019entra\u00eenement ressemble \u00e0 celui des sports de combat, mais inclut aussi des sc\u00e9narios de d\u00e9fense contre plusieurs assaillants, ainsi que l\u2019utilisation d\u2019armes improvis\u00e9es utiles dans une situation r\u00e9elle.<\/p>\n<\/p>\n<p>Les arts martiaux mixtes (MMA) constituent une forme de discipline o\u00f9 se rencontrent pratiquants de divers arts martiaux et sports de combat. Des r\u00e8gles existent, mais elles sont bien moins restrictives que celles impos\u00e9es dans des comp\u00e9titions standardis\u00e9es, ce qui permet aux athl\u00e8tes d\u2019exprimer toute l\u2019\u00e9tendue de leurs comp\u00e9tences techniques.<\/p>\n<\/p>\n<p>Selon les moyens mat\u00e9riels utilis\u00e9s, les arts martiaux peuvent se pratiquer <strong>avec<\/strong> (b\u00e2tons, armes blanches, nunchakus, etc.) ou <strong>sans armes<\/strong>.<\/p>\n<\/p>\n<p>Les sports de combat se distinguent aussi par la technique dominante, qui peut inclure des frappes, des projections, des saisies, des cl\u00e9s.<\/p>\n","protected":false},"excerpt":{"rendered":"<p>Histoire de l\u2019\u00e9mergence et du d\u00e9veloppement des arts martiaux Les arts martiaux sont connus depuis l\u2019aube de la soci\u00e9t\u00e9 humaine. Les sources existantes t\u00e9moignent de l\u2019existence de certaines techniques d\u2019autod\u00e9fense d\u00e8s les temps anciens. Les arts martiaux de combat se sont largement d\u00e9velopp\u00e9s dans la Gr\u00e8ce antique. Les exercices physiques chez les anciens Grecs \u00e9taient [&hellip;]<\/p>\n","protected":false},"author":9,"featured_media":6235,"parent":860,"menu_order":0,"comment_status":"closed","ping_status":"closed","template":"newseopages.php","meta":{"_acf_changed":false,"_yoast_wpseo_title":"","_yoast_wpseo_metadesc":"Betway Alg\u00e9rie: D\u00e9couvrez l\u2019histoire des arts martiaux, de la Gr\u00e8ce antique \u00e0 l\u2019Asie, en passant par la boxe anglaise, les sports de combat et les arts martiaux mixtes.","footnotes":"","href_lang_slug_x_default":"","href_lang_slug_ae":"{\"en\":{\"ae\":\"https:\/\/bwarabia.com\/ae\/sports-betting\/history-of-the-emergence-and-development-of-martial-arts\/\"},\"ar\":{\"ae\":\"https:\/\/bwarabia.com\/ae\/ar\/sports\/%d8%aa%d8%a7%d8%b1%d9%8a%d8%ae-%d9%86%d8%b4%d8%a3%d8%a9-%d9%88%d8%aa%d8%b7%d9%88%d8%b1-%d8%a7%d9%84%d9%81%d9%86%d9%88%d9%86-%d8%a7%d9%84%d9%82%d8%aa%d8%a7%d9%84%d9%8a%d8%a9\/\"},\"fr\":{\"ae\":\"\"}}","href_lang_slug_sa":"{\"en\":{\"sa\":\"https:\/\/bwarabia.com\/sa\/sports-betting\/history-of-the-emergence-and-development-of-martial-arts\/\"},\"ar\":{\"sa\":\"https:\/\/bwarabia.com\/sa\/ar\/%d8%a7%d9%84%d9%85%d8%b1%d8%a7%d9%87%d9%86%d8%a7%d8%aa-%d8%a7%d9%84%d8%b1%d9%8a%d8%a7%d8%b6%d9%8a%d8%a9\/%d8%aa%d8%a7%d8%b1%d9%8a%d8%ae-%d9%86%d8%b4%d8%a3%d8%a9-%d9%88%d8%aa%d8%b7%d9%88%d8%b1-%d8%a7%d9%84%d9%81%d9%86%d9%88%d9%86-%d8%a7%d9%84%d9%82%d8%aa%d8%a7%d9%84%d9%8a%d8%a9\/\"},\"fr\":{\"sa\":\"\"}}","href_lang_slug_eg":"{\"en\":{\"eg\":\"https:\/\/bwarabia.com\/eg\/online-sports-betting\/history-of-the-emergence-and-development-of-martial-arts\/\"},\"ar\":{\"eg\":\"https:\/\/bwarabia.com\/eg\/ar\/%d8%a7%d9%84%d9%85%d8%b1%d8%a7%d9%87%d9%86%d8%a7%d8%aa-%d8%a7%d9%84%d8%b1%d9%8a%d8%a7%d8%b6%d9%8a%d8%a9\/%d8%aa%d8%a7%d8%b1%d9%8a%d8%ae-%d9%86%d8%b4%d8%a3%d8%a9-%d9%88%d8%aa%d8%b7%d9%88%d8%b1-%d8%a7%d9%84%d9%81%d9%86%d9%88%d9%86-%d8%a7%d9%84%d9%82%d8%aa%d8%a7%d9%84%d9%8a%d8%a9\/\"},\"fr\":{\"eg\":\"\"}}","href_lang_slug_lb":"{\"en\":{\"lb\":\"https:\/\/bwarabia.com\/lb\/sports-betting\/history-of-the-emergence-and-development-of-martial-arts\/\"},\"ar\":{\"lb\":\"https:\/\/bwarabia.com\/lb\/ar\/sports\/%d8%aa%d8%a7%d8%b1%d9%8a%d8%ae-%d9%86%d8%b4%d8%a3%d8%a9-%d9%88%d8%aa%d8%b7%d9%88%d8%b1-%d8%a7%d9%84%d9%81%d9%86%d9%88%d9%86-%d8%a7%d9%84%d9%82%d8%aa%d8%a7%d9%84%d9%8a%d8%a9\/\"},\"fr\":{\"lb\":\"\"}}","href_lang_slug_kw":"{\"en\":{\"kw\":\"https:\/\/bwarabia.com\/kw\/sports-betting\/history-of-the-emergence-and-development-of-martial-arts\/\"},\"ar\":{\"kw\":\"https:\/\/bwarabia.com\/kw\/ar\/%d8%a7%d9%84%d9%85%d8%b1%d8%a7%d9%87%d9%86%d8%a7%d8%aa-%d8%a7%d9%84%d8%b1%d9%8a%d8%a7%d8%b6%d9%8a%d8%a9\/%d8%aa%d8%a7%d8%b1%d9%8a%d8%ae-%d9%86%d8%b4%d8%a3%d8%a9-%d9%88%d8%aa%d8%b7%d9%88%d8%b1-%d8%a7%d9%84%d9%81%d9%86%d9%88%d9%86-%d8%a7%d9%84%d9%82%d8%aa%d8%a7%d9%84%d9%8a%d8%a9\/\"},\"fr\":{\"kw\":\"\"}}","href_lang_slug_bh":"{\"en\":{\"bh\":\"https:\/\/bwarabia.com\/bh\/sports-betting\/history-of-the-emergence-and-development-of-martial-arts\/\"},\"ar\":{\"bh\":\"https:\/\/bwarabia.com\/bh\/ar\/sports\/%d8%aa%d8%a7%d8%b1%d9%8a%d8%ae-%d9%86%d8%b4%d8%a3%d8%a9-%d9%88%d8%aa%d8%b7%d9%88%d8%b1-%d8%a7%d9%84%d9%81%d9%86%d9%88%d9%86-%d8%a7%d9%84%d9%82%d8%aa%d8%a7%d9%84%d9%8a%d8%a9\/\"},\"fr\":{\"bh\":\"\"}}","href_lang_slug_om":"{\"en\":{\"om\":\"https:\/\/bwarabia.com\/om\/sports-betting\/history-of-the-emergence-and-development-of-martial-arts\/\"},\"ar\":{\"om\":\"https:\/\/bwarabia.com\/om\/ar\/sports\/%d8%aa%d8%a7%d8%b1%d9%8a%d8%ae-%d9%86%d8%b4%d8%a3%d8%a9-%d9%88%d8%aa%d8%b7%d9%88%d8%b1-%d8%a7%d9%84%d9%81%d9%86%d9%88%d9%86-%d8%a7%d9%84%d9%82%d8%aa%d8%a7%d9%84%d9%8a%d8%a9\/\"},\"fr\":{\"om\":\"\"}}","href_lang_slug_jo":"{\"en\":{\"jo\":\"https:\/\/bwarabia.com\/jo\/sports-betting\/history-of-the-emergence-and-development-of-martial-arts\/\"},\"ar\":{\"jo\":\"https:\/\/bwarabia.com\/jo\/ar\/sports\/%d8%aa%d8%a7%d8%b1%d9%8a%d8%ae-%d9%86%d8%b4%d8%a3%d8%a9-%d9%88%d8%aa%d8%b7%d9%88%d8%b1-%d8%a7%d9%84%d9%81%d9%86%d9%88%d9%86-%d8%a7%d9%84%d9%82%d8%aa%d8%a7%d9%84%d9%8a%d8%a9\/\"},\"fr\":{\"jo\":\"\"}}","href_lang_slug_qa":"{\"en\":{\"qa\":\"https:\/\/bwarabia.com\/qa\/sports-betting\/history-of-the-emergence-and-development-of-martial-arts\/\"},\"ar\":{\"qa\":\"https:\/\/bwarabia.com\/qa\/ar\/sports\/%d8%aa%d8%a7%d8%b1%d9%8a%d8%ae-%d9%86%d8%b4%d8%a3%d8%a9-%d9%88%d8%aa%d8%b7%d9%88%d8%b1-%d8%a7%d9%84%d9%81%d9%86%d9%88%d9%86-%d8%a7%d9%84%d9%82%d8%aa%d8%a7%d9%84%d9%8a%d8%a9\/\"},\"fr\":{\"qa\":\"\"}}","href_lang_slug_tn":"{\"en\":{\"tn\":\"\"},\"ar\":{\"tn\":\"https:\/\/bwarabia.com\/tn\/ar\/sports\/%d8%aa%d8%a7%d8%b1%d9%8a%d8%ae-%d9%86%d8%b4%d8%a3%d8%a9-%d9%88%d8%aa%d8%b7%d9%88%d8%b1-%d8%a7%d9%84%d9%81%d9%86%d9%88%d9%86-%d8%a7%d9%84%d9%82%d8%aa%d8%a7%d9%84%d9%8a%d8%a9\/\"},\"fr\":{\"tn\":\"https:\/\/bwarabia.com\/tn\/fr\/les-paris-sportifs\/histoire-de-lemergence-et-du-developpement-des-arts-martiaux\/\"}}","href_lang_slug_ma":"{\"en\":{\"ma\":\"\"},\"ar\":{\"ma\":\"https:\/\/bwarabia.com\/ma\/ar\/sports\/%d8%aa%d8%a7%d8%b1%d9%8a%d8%ae-%d9%86%d8%b4%d8%a3%d8%a9-%d9%88%d8%aa%d8%b7%d9%88%d8%b1-%d8%a7%d9%84%d9%81%d9%86%d9%88%d9%86-%d8%a7%d9%84%d9%82%d8%aa%d8%a7%d9%84%d9%8a%d8%a9\/\"},\"fr\":{\"ma\":\"https:\/\/bwarabia.com\/ma\/fr\/les-paris-sportifs\/histoire-de-lemergence-et-du-developpement-des-arts-martiaux\/\"}}","href_lang_slug_dz":"{\"en\":{\"dz\":\"\"},\"ar\":{\"dz\":\"https:\/\/bwarabia.com\/dz\/ar\/sports\/%d8%aa%d8%a7%d8%b1%d9%8a%d8%ae-%d9%86%d8%b4%d8%a3%d8%a9-%d9%88%d8%aa%d8%b7%d9%88%d8%b1-%d8%a7%d9%84%d9%81%d9%86%d9%88%d9%86-%d8%a7%d9%84%d9%82%d8%aa%d8%a7%d9%84%d9%8a%d8%a9\/\"},\"fr\":{\"dz\":\"https:\/\/bwarabia.com\/dz\/fr\/les-paris-sportifs\/histoire-de-lemergence-et-du-developpement-des-arts-martiaux\/\"}}"},"class_list":["post-6161","page","type-page","status-publish","has-post-thumbnail","hentry"],"acf":[],"yoast_head":"<!-- This site is optimized with the Yoast SEO plugin v27.2 - https:\/\/yoast.com\/product\/yoast-seo-wordpress\/ -->\n<title>Histoire de l\u2019\u00e9mergence et du d\u00e9veloppement des arts martiaux - Betway Algerie<\/title>\n<meta name=\"description\" content=\"Betway Alg\u00e9rie: D\u00e9couvrez l\u2019histoire des arts martiaux, de la Gr\u00e8ce antique \u00e0 l\u2019Asie, en passant par la boxe anglaise, les sports de combat et les arts martiaux mixtes.\" \/>\n<meta name=\"robots\" content=\"index, follow, max-snippet:-1, max-image-preview:large, max-video-preview:-1\" \/>\n<link rel=\"canonical\" href=\"https:\/\/bwarabia.com\/dz\/les-paris-sportifs\/histoire-de-lemergence-et-du-developpement-des-arts-martiaux\/\" \/>\n<meta property=\"og:locale\" content=\"fr_FR\" \/>\n<meta property=\"og:type\" content=\"article\" \/>\n<meta property=\"og:title\" content=\"Histoire de l\u2019\u00e9mergence et du d\u00e9veloppement des arts martiaux - Betway Algerie\" \/>\n<meta property=\"og:description\" content=\"Betway Alg\u00e9rie: D\u00e9couvrez l\u2019histoire des arts martiaux, de la Gr\u00e8ce antique \u00e0 l\u2019Asie, en passant par la boxe anglaise, les sports de combat et les arts martiaux mixtes.\" \/>\n<meta property=\"og:url\" content=\"https:\/\/bwarabia.com\/dz\/les-paris-sportifs\/histoire-de-lemergence-et-du-developpement-des-arts-martiaux\/\" \/>\n<meta property=\"og:site_name\" content=\"Betway Algerie\" \/>\n<meta property=\"article:publisher\" content=\"https:\/\/www.facebook.com\/BetwaySportsMENA\/\" \/>\n<meta property=\"article:modified_time\" content=\"2025-04-11T07:53:44+00:00\" \/>\n<meta property=\"og:image\" content=\"https:\/\/bwarabia.com\/dz\/wp-content\/themes\/BWA_LLD_Tailwind_Theme\/assets\/img\/Open_graph_image.png\" \/>\n\t<meta property=\"og:image:width\" content=\"732\" \/>\n\t<meta property=\"og:image:height\" content=\"510\" \/>\n\t<meta property=\"og:image:type\" content=\"image\/jpeg\" \/>\n<meta name=\"twitter:card\" content=\"summary_large_image\" \/>\n<meta name=\"twitter:image\" content=\"https:\/\/bwarabia.com\/dz\/wp-content\/themes\/BWA_LLD_Tailwind_Theme\/assets\/img\/Open_graph_image.png\" \/>\n<meta name=\"twitter:site\" content=\"@betwayarabia\" \/>\n<meta name=\"twitter:label1\" content=\"Dur\u00e9e de lecture estim\u00e9e\" \/>\n\t<meta name=\"twitter:data1\" content=\"3 minutes\" \/>\n<script type=\"application\/ld+json\" class=\"yoast-schema-graph\">{\"@context\":\"https:\/\/schema.org\",\"@graph\":[{\"@type\":\"WebPage\",\"@id\":\"https:\/\/bwarabia.com\/dz\/les-paris-sportifs\/histoire-de-lemergence-et-du-developpement-des-arts-martiaux\/\",\"url\":\"https:\/\/bwarabia.com\/dz\/les-paris-sportifs\/histoire-de-lemergence-et-du-developpement-des-arts-martiaux\/\",\"name\":\"Histoire de l\u2019\u00e9mergence et du d\u00e9veloppement des arts martiaux - Betway Algerie\",\"isPartOf\":{\"@id\":\"https:\/\/bwarabia.com\/dz\/fr\/#website\"},\"primaryImageOfPage\":{\"@id\":\"https:\/\/bwarabia.com\/dz\/les-paris-sportifs\/histoire-de-lemergence-et-du-developpement-des-arts-martiaux\/#primaryimage\"},\"image\":{\"@id\":\"https:\/\/bwarabia.com\/dz\/les-paris-sportifs\/histoire-de-lemergence-et-du-developpement-des-arts-martiaux\/#primaryimage\"},\"thumbnailUrl\":\"https:\/\/bwarabia.com\/dz\/wp-content\/uploads\/sites\/10\/2025\/04\/W479KH.jpg\",\"datePublished\":\"2024-02-15T14:05:00+00:00\",\"dateModified\":\"2025-04-11T07:53:44+00:00\",\"description\":\"Betway Alg\u00e9rie: D\u00e9couvrez l\u2019histoire des arts martiaux, de la Gr\u00e8ce antique \u00e0 l\u2019Asie, en passant par la boxe anglaise, les sports de combat et les arts martiaux mixtes.\",\"breadcrumb\":{\"@id\":\"https:\/\/bwarabia.com\/dz\/les-paris-sportifs\/histoire-de-lemergence-et-du-developpement-des-arts-martiaux\/#breadcrumb\"},\"inLanguage\":\"fr-FR\",\"potentialAction\":[{\"@type\":\"ReadAction\",\"target\":[\"https:\/\/bwarabia.com\/dz\/les-paris-sportifs\/histoire-de-lemergence-et-du-developpement-des-arts-martiaux\/\"]}]},{\"@type\":\"ImageObject\",\"inLanguage\":\"fr-FR\",\"@id\":\"https:\/\/bwarabia.com\/dz\/les-paris-sportifs\/histoire-de-lemergence-et-du-developpement-des-arts-martiaux\/#primaryimage\",\"url\":\"https:\/\/bwarabia.com\/dz\/wp-content\/uploads\/sites\/10\/2025\/04\/W479KH.jpg\",\"contentUrl\":\"https:\/\/bwarabia.com\/dz\/wp-content\/uploads\/sites\/10\/2025\/04\/W479KH.jpg\",\"width\":732,\"height\":510},{\"@type\":\"BreadcrumbList\",\"@id\":\"https:\/\/bwarabia.com\/dz\/les-paris-sportifs\/histoire-de-lemergence-et-du-developpement-des-arts-martiaux\/#breadcrumb\",\"itemListElement\":[{\"@type\":\"ListItem\",\"position\":1,\"name\":\"Home\",\"item\":\"https:\/\/bwarabia.com\/dz\/fr\/\"},{\"@type\":\"ListItem\",\"position\":2,\"name\":\"Sports\",\"item\":\"https:\/\/bwarabia.com\/dz\/fr\/les-paris-sportifs\/\"},{\"@type\":\"ListItem\",\"position\":3,\"name\":\"Histoire de l\u2019\u00e9mergence et du d\u00e9veloppement des arts martiaux\"}]},{\"@type\":\"WebSite\",\"@id\":\"https:\/\/bwarabia.com\/dz\/fr\/#website\",\"url\":\"https:\/\/bwarabia.com\/dz\/fr\/\",\"name\":\"Betway Algerie\",\"description\":\"\",\"publisher\":{\"@id\":\"https:\/\/bwarabia.com\/dz\/fr\/#organization\"},\"potentialAction\":[{\"@type\":\"SearchAction\",\"target\":{\"@type\":\"EntryPoint\",\"urlTemplate\":\"https:\/\/bwarabia.com\/dz\/fr\/?s={search_term_string}\"},\"query-input\":{\"@type\":\"PropertyValueSpecification\",\"valueRequired\":true,\"valueName\":\"search_term_string\"}}],\"inLanguage\":\"fr-FR\"},{\"@type\":\"Organization\",\"@id\":\"https:\/\/bwarabia.com\/dz\/fr\/#organization\",\"name\":\"Betway Algerie\",\"url\":\"https:\/\/bwarabia.com\/dz\/fr\/\",\"logo\":{\"@type\":\"ImageObject\",\"inLanguage\":\"fr-FR\",\"@id\":\"https:\/\/bwarabia.com\/dz\/fr\/#\/schema\/logo\/image\/\",\"url\":\"https:\/\/bwarabia.com\/dz\/wp-content\/uploads\/sites\/10\/2024\/01\/bw_arabia_new.png\",\"contentUrl\":\"https:\/\/bwarabia.com\/dz\/wp-content\/uploads\/sites\/10\/2024\/01\/bw_arabia_new.png\",\"width\":611,\"height\":176,\"caption\":\"Betway Algerie\"},\"image\":{\"@id\":\"https:\/\/bwarabia.com\/dz\/fr\/#\/schema\/logo\/image\/\"},\"sameAs\":[\"https:\/\/www.facebook.com\/BetwaySportsMENA\/\",\"https:\/\/x.com\/betwayarabia\",\"https:\/\/www.youtube.com\/@betwayarabia\",\"https:\/\/www.instagram.com\/betwaysports_arabia\/\"]}]}<\/script>\n<!-- \/ Yoast SEO plugin. -->","yoast_head_json":{"title":"Histoire de l\u2019\u00e9mergence et du d\u00e9veloppement des arts martiaux - Betway Algerie","description":"Betway Alg\u00e9rie: D\u00e9couvrez l\u2019histoire des arts martiaux, de la Gr\u00e8ce antique \u00e0 l\u2019Asie, en passant par la boxe anglaise, les sports de combat et les arts martiaux mixtes.","robots":{"index":"index","follow":"follow","max-snippet":"max-snippet:-1","max-image-preview":"max-image-preview:large","max-video-preview":"max-video-preview:-1"},"canonical":"https:\/\/bwarabia.com\/dz\/les-paris-sportifs\/histoire-de-lemergence-et-du-developpement-des-arts-martiaux\/","og_locale":"fr_FR","og_type":"article","og_title":"Histoire de l\u2019\u00e9mergence et du d\u00e9veloppement des arts martiaux - Betway Algerie","og_description":"Betway Alg\u00e9rie: D\u00e9couvrez l\u2019histoire des arts martiaux, de la Gr\u00e8ce antique \u00e0 l\u2019Asie, en passant par la boxe anglaise, les sports de combat et les arts martiaux mixtes.","og_url":"https:\/\/bwarabia.com\/dz\/les-paris-sportifs\/histoire-de-lemergence-et-du-developpement-des-arts-martiaux\/","og_site_name":"Betway Algerie","article_publisher":"https:\/\/www.facebook.com\/BetwaySportsMENA\/","article_modified_time":"2025-04-11T07:53:44+00:00","og_image":[{"width":732,"height":510,"url":"https:\/\/bwarabia.com\/dz\/wp-content\/themes\/BWA_LLD_Tailwind_Theme\/assets\/img\/Open_graph_image.png","type":"image\/jpeg"}],"twitter_card":"summary_large_image","twitter_image":"https:\/\/bwarabia.com\/dz\/wp-content\/themes\/BWA_LLD_Tailwind_Theme\/assets\/img\/Open_graph_image.png","twitter_site":"@betwayarabia","twitter_misc":{"Dur\u00e9e de lecture estim\u00e9e":"3 minutes"},"schema":{"@context":"https:\/\/schema.org","@graph":[{"@type":"WebPage","@id":"https:\/\/bwarabia.com\/dz\/les-paris-sportifs\/histoire-de-lemergence-et-du-developpement-des-arts-martiaux\/","url":"https:\/\/bwarabia.com\/dz\/les-paris-sportifs\/histoire-de-lemergence-et-du-developpement-des-arts-martiaux\/","name":"Histoire de l\u2019\u00e9mergence et du d\u00e9veloppement des arts martiaux - Betway Algerie","isPartOf":{"@id":"https:\/\/bwarabia.com\/dz\/fr\/#website"},"primaryImageOfPage":{"@id":"https:\/\/bwarabia.com\/dz\/les-paris-sportifs\/histoire-de-lemergence-et-du-developpement-des-arts-martiaux\/#primaryimage"},"image":{"@id":"https:\/\/bwarabia.com\/dz\/les-paris-sportifs\/histoire-de-lemergence-et-du-developpement-des-arts-martiaux\/#primaryimage"},"thumbnailUrl":"https:\/\/bwarabia.com\/dz\/wp-content\/uploads\/sites\/10\/2025\/04\/W479KH.jpg","datePublished":"2024-02-15T14:05:00+00:00","dateModified":"2025-04-11T07:53:44+00:00","description":"Betway Alg\u00e9rie: D\u00e9couvrez l\u2019histoire des arts martiaux, de la Gr\u00e8ce antique \u00e0 l\u2019Asie, en passant par la boxe anglaise, les sports de combat et les arts martiaux mixtes.","breadcrumb":{"@id":"https:\/\/bwarabia.com\/dz\/les-paris-sportifs\/histoire-de-lemergence-et-du-developpement-des-arts-martiaux\/#breadcrumb"},"inLanguage":"fr-FR","potentialAction":[{"@type":"ReadAction","target":["https:\/\/bwarabia.com\/dz\/les-paris-sportifs\/histoire-de-lemergence-et-du-developpement-des-arts-martiaux\/"]}]},{"@type":"ImageObject","inLanguage":"fr-FR","@id":"https:\/\/bwarabia.com\/dz\/les-paris-sportifs\/histoire-de-lemergence-et-du-developpement-des-arts-martiaux\/#primaryimage","url":"https:\/\/bwarabia.com\/dz\/wp-content\/uploads\/sites\/10\/2025\/04\/W479KH.jpg","contentUrl":"https:\/\/bwarabia.com\/dz\/wp-content\/uploads\/sites\/10\/2025\/04\/W479KH.jpg","width":732,"height":510},{"@type":"BreadcrumbList","@id":"https:\/\/bwarabia.com\/dz\/les-paris-sportifs\/histoire-de-lemergence-et-du-developpement-des-arts-martiaux\/#breadcrumb","itemListElement":[{"@type":"ListItem","position":1,"name":"Home","item":"https:\/\/bwarabia.com\/dz\/fr\/"},{"@type":"ListItem","position":2,"name":"Sports","item":"https:\/\/bwarabia.com\/dz\/fr\/les-paris-sportifs\/"},{"@type":"ListItem","position":3,"name":"Histoire de l\u2019\u00e9mergence et du d\u00e9veloppement des arts martiaux"}]},{"@type":"WebSite","@id":"https:\/\/bwarabia.com\/dz\/fr\/#website","url":"https:\/\/bwarabia.com\/dz\/fr\/","name":"Betway Algerie","description":"","publisher":{"@id":"https:\/\/bwarabia.com\/dz\/fr\/#organization"},"potentialAction":[{"@type":"SearchAction","target":{"@type":"EntryPoint","urlTemplate":"https:\/\/bwarabia.com\/dz\/fr\/?s={search_term_string}"},"query-input":{"@type":"PropertyValueSpecification","valueRequired":true,"valueName":"search_term_string"}}],"inLanguage":"fr-FR"},{"@type":"Organization","@id":"https:\/\/bwarabia.com\/dz\/fr\/#organization","name":"Betway Algerie","url":"https:\/\/bwarabia.com\/dz\/fr\/","logo":{"@type":"ImageObject","inLanguage":"fr-FR","@id":"https:\/\/bwarabia.com\/dz\/fr\/#\/schema\/logo\/image\/","url":"https:\/\/bwarabia.com\/dz\/wp-content\/uploads\/sites\/10\/2024\/01\/bw_arabia_new.png","contentUrl":"https:\/\/bwarabia.com\/dz\/wp-content\/uploads\/sites\/10\/2024\/01\/bw_arabia_new.png","width":611,"height":176,"caption":"Betway Algerie"},"image":{"@id":"https:\/\/bwarabia.com\/dz\/fr\/#\/schema\/logo\/image\/"},"sameAs":["https:\/\/www.facebook.com\/BetwaySportsMENA\/","https:\/\/x.com\/betwayarabia","https:\/\/www.youtube.com\/@betwayarabia","https:\/\/www.instagram.com\/betwaysports_arabia\/"]}]}},"_links":{"self":[{"href":"https:\/\/bwarabia.com\/dz\/wp-json\/wp\/v2\/pages\/6161","targetHints":{"allow":["GET"]}}],"collection":[{"href":"https:\/\/bwarabia.com\/dz\/wp-json\/wp\/v2\/pages"}],"about":[{"href":"https:\/\/bwarabia.com\/dz\/wp-json\/wp\/v2\/types\/page"}],"author":[{"embeddable":true,"href":"https:\/\/bwarabia.com\/dz\/wp-json\/wp\/v2\/users\/9"}],"replies":[{"embeddable":true,"href":"https:\/\/bwarabia.com\/dz\/wp-json\/wp\/v2\/comments?post=6161"}],"version-history":[{"count":1,"href":"https:\/\/bwarabia.com\/dz\/wp-json\/wp\/v2\/pages\/6161\/revisions"}],"predecessor-version":[{"id":6163,"href":"https:\/\/bwarabia.com\/dz\/wp-json\/wp\/v2\/pages\/6161\/revisions\/6163"}],"up":[{"embeddable":true,"href":"https:\/\/bwarabia.com\/dz\/wp-json\/wp\/v2\/pages\/860"}],"wp:featuredmedia":[{"embeddable":true,"href":"https:\/\/bwarabia.com\/dz\/wp-json\/wp\/v2\/media\/6235"}],"wp:attachment":[{"href":"https:\/\/bwarabia.com\/dz\/wp-json\/wp\/v2\/media?parent=6161"}],"curies":[{"name":"wp","href":"https:\/\/api.w.org\/{rel}","templated":true}]}}