{"id":838,"date":"2023-03-02T08:44:00","date_gmt":"2023-03-02T08:44:00","guid":{"rendered":"https:\/\/bwarabia.com\/dz\/academy\/"},"modified":"2025-09-16T07:54:39","modified_gmt":"2025-09-16T07:54:39","slug":"academy","status":"publish","type":"page","link":"https:\/\/bwarabia.com\/dz\/academy\/","title":{"rendered":"Academie"},"content":{"rendered":"","protected":false},"excerpt":{"rendered":"","protected":false},"author":1,"featured_media":1698,"parent":0,"menu_order":0,"comment_status":"closed","ping_status":"closed","template":"academy.php","meta":{"_acf_changed":false,"_yoast_wpseo_title":"Academie Betway: Strat\u00e9gies de Pari pour l'Alg\u00e9rie %%sep%% %%sitename%%","_yoast_wpseo_metadesc":"D\u00e9couvrez les strat\u00e9gies de pari avec l'Acad\u00e9mie Betway, pour nos membres en Alg\u00e9rie. Nos guides vous aideront \u00e0 r\u00e9ussir.","footnotes":"","href_lang_slug_x_default":"","href_lang_slug_ae":"{\"ar\":{\"ae\":\"https:\/\/bwarabia.com\/ae\/ar\/academy\/\"},\"en\":{\"ae\":\"https:\/\/bwarabia.com\/ae\/academy\/\"}}","href_lang_slug_sa":"{\"ar\":{\"sa\":\"https:\/\/bwarabia.com\/sa\/ar\/academy\/\"},\"en\":{\"sa\":\"https:\/\/bwarabia.com\/sa\/academy\/\"}}","href_lang_slug_eg":"{\"ar\":{\"eg\":\"https:\/\/bwarabia.com\/eg\/ar\/academy\/\"},\"en\":{\"eg\":\"https:\/\/bwarabia.com\/eg\/academy\/\"}}","href_lang_slug_lb":"{\"ar\":{\"lb\":\"https:\/\/bwarabia.com\/lb\/ar\/academy\/\"},\"en\":{\"lb\":\"https:\/\/bwarabia.com\/lb\/academy\/\"}}","href_lang_slug_kw":"{\"ar\":{\"kw\":\"https:\/\/bwarabia.com\/kw\/ar\/academy\/\"},\"en\":{\"kw\":\"https:\/\/bwarabia.com\/kw\/academy\/\"}}","href_lang_slug_bh":"{\"ar\":{\"bh\":\"https:\/\/bwarabia.com\/bh\/ar\/academy\/\"},\"en\":{\"bh\":\"https:\/\/bwarabia.com\/bh\/academy\/\"}}","href_lang_slug_om":"{\"ar\":{\"om\":\"https:\/\/bwarabia.com\/om\/ar\/academy\/\"},\"en\":{\"om\":\"https:\/\/bwarabia.com\/om\/academy\/\"}}","href_lang_slug_jo":"{\"ar\":{\"jo\":\"https:\/\/bwarabia.com\/jo\/ar\/academy\/\"},\"en\":{\"jo\":\"https:\/\/bwarabia.com\/jo\/academy\/\"}}","href_lang_slug_qa":"{\"ar\":{\"qa\":\"https:\/\/bwarabia.com\/qa\/ar\/academy\/\"},\"en\":{\"qa\":\"https:\/\/bwarabia.com\/qa\/academy\/\"}}","href_lang_slug_tn":"{\"ar\":{\"tn\":\"https:\/\/bwarabia.com\/tn\/ar\/academy\/\"},\"fr\":{\"tn\":\"https:\/\/bwarabia.com\/tn\/fr\/academy\/\"}}","href_lang_slug_ma":"{\"ar\":{\"ma\":\"https:\/\/bwarabia.com\/ma\/ar\/academy\/\"},\"fr\":{\"ma\":\"https:\/\/bwarabia.com\/ma\/fr\/academy\/\"}}","href_lang_slug_dz":"{\"ar\":{\"dz\":\"https:\/\/bwarabia.com\/dz\/ar\/academy\/\"},\"fr\":{\"dz\":\"https:\/\/bwarabia.com\/dz\/fr\/academy\/\"}}"},"class_list":["post-838","page","type-page","status-publish","has-post-thumbnail","hentry"],"acf":{"banner_image":2151,"banner_text":"<h2 class=\"sm:text-black md:text-black text-3xl sm:text-4xl lg:text-5xl font-black leading-tight uppercase\">PROFITEZ AU\r\nMAXIMUM DE BETWAY<\/h2>\r\n<div class=\"text-xl\">Conseils, FAQ et bien plus encore avec Betway Academy<\/div>","mobile_image_banner":9013,"mobile_text_banner":"","banner_url":"https:\/\/bwarabia.com\/sports-offer","web_heading":"<h1>Betway Academy \u2013 Votre guide complet pour parier intelligemment en [country_name]<\/h1>","web__para_one":"Betway Academy est la destination id\u00e9ale pour toute personne souhaitant perfectionner ses comp\u00e9tences en paris, approfondir sa compr\u00e9hension des march\u00e9s et profiter d\u2019une exp\u00e9rience plus \u00e9clair\u00e9e et engageante sur Betway. Con\u00e7ue pour tous les niveaux, elle offre un espace qui allie savoir et pratique, transformant les paris d\u2019un simple divertissement occasionnel en une activit\u00e9 plus r\u00e9fl\u00e9chie et strat\u00e9gique. Que vous soyez totalement novice dans le monde des paris ou que vous ayez d\u00e9j\u00e0 des ann\u00e9es d\u2019exp\u00e9rience, l\u2019Acad\u00e9mie vous fournit les outils et les connaissances n\u00e9cessaires pour am\u00e9liorer votre mani\u00e8re de jouer et multiplier les opportunit\u00e9s.\r\n\r\nAu c\u0153ur de son concept, Betway Academy vise \u00e0 donner aux joueurs les moyens de parier en toute confiance. Elle est con\u00e7ue pour offrir \u00e0 chacun \u2014 du d\u00e9butant curieux au parieur aguerri \u2014 la capacit\u00e9 de prendre des d\u00e9cisions r\u00e9fl\u00e9chies et bas\u00e9es sur la connaissance. Les paris peuvent \u00eatre passionnants, mais sans compr\u00e9hension des m\u00e9canismes des march\u00e9s, de la terminologie et des strat\u00e9gies, il est facile de manquer des opportunit\u00e9s ou de se baser uniquement sur l\u2019instinct. L\u2019Acad\u00e9mie comble cette lacune en simplifiant les concepts complexes, en expliquant clairement les options de pari et en vous guidant pour tirer le meilleur parti des fonctionnalit\u00e9s et promotions disponibles sur Betway.\r\n\r\nLe contenu de l\u2019Acad\u00e9mie couvre un large \u00e9ventail de sujets li\u00e9s aux paris. Vous y trouverez des conseils sur la mani\u00e8re de parier efficacement, des explications sur diff\u00e9rents formats de paris et un aper\u00e7u des outils et fonctionnalit\u00e9s qui vous donnent plus de contr\u00f4le sur vos mises. Les connaissances transmises sont pratiques et applicables imm\u00e9diatement, vous permettant de mettre en \u0153uvre ce que vous apprenez tout en suivant vos matchs ou \u00e9v\u00e9nements pr\u00e9f\u00e9r\u00e9s. En explorant les avantages des promotions et en comprenant la dynamique des cotes, vous apprendrez \u00e0 consid\u00e9rer les paris comme une comp\u00e9tence qui se perfectionne avec le temps.","web_para_two":"Ce qui rend Betway Academy unique, c\u2019est qu\u2019elle n\u2019est pas un simple guide g\u00e9n\u00e9rique : elle est sp\u00e9cifiquement adapt\u00e9e \u00e0 la plateforme Betway et \u00e0 l\u2019environnement des paris en [country_name]. Ainsi, toutes les informations, astuces et exemples sont directement li\u00e9s aux outils, march\u00e9s et offres promotionnelles que vous trouverez en vous connectant \u00e0 votre compte. Que vous soyez int\u00e9ress\u00e9 par les paris sportifs, l\u2019e-sport ou d\u2019autres formes de jeu disponibles sur Betway, l\u2019Acad\u00e9mie veille \u00e0 ce que vous sachiez naviguer efficacement sur la plateforme et profiter pleinement de tout ce qu\u2019elle propose.\r\n\r\nL\u2019Acad\u00e9mie accorde \u00e9galement une grande importance au jeu responsable. Il ne s\u2019agit pas seulement de savoir comment gagner, mais aussi de savoir jouer intelligemment et dans les limites de votre budget. Vous y trouverez des ressources et des conseils pour fixer vos propres limites, reconna\u00eetre les comportements \u00e0 risque et garder le contr\u00f4le sur vos habitudes de jeu. Cette approche responsable garantit que le plaisir du pari reste intact et que l\u2019exp\u00e9rience demeure positive.\r\n\r\nL\u2019un des points forts de Betway Academy r\u00e9side dans sa capacit\u00e9 \u00e0 combiner contenu \u00e9ducatif et sc\u00e9narios de paris r\u00e9els. Plut\u00f4t que de simplement d\u00e9finir des termes, elle montre comment diff\u00e9rentes strat\u00e9gies et march\u00e9s fonctionnent en pratique, ce qui facilite la compr\u00e9hension et met en \u00e9vidence les avantages potentiels. Cette approche concr\u00e8te transforme l\u2019information en savoir-faire exploitable, renfor\u00e7ant votre confiance dans vos choix.\r\n\r\nBetway Academy sert \u00e9galement de centre de r\u00e9f\u00e9rence pour comprendre les promotions et fonctionnalit\u00e9s accessibles sur Betway. Bien que ces offres ajoutent de la valeur et du divertissement \u00e0 votre exp\u00e9rience, elles sont bien plus efficaces lorsque vous savez exactement comment en tirer parti. L\u2019Acad\u00e9mie fournit des explications claires sur la mani\u00e8re de participer \u00e0 ces offres, de remplir les conditions requises et d\u2019utiliser les r\u00e9compenses de mani\u00e8re optimale, vous pla\u00e7ant ainsi dans les meilleures conditions pour en profiter.\r\n\r\nSon organisation vous permet d\u2019avancer \u00e0 votre rythme. Les d\u00e9butants peuvent commencer par les bases avant de progresser vers des sujets plus complexes, tandis que les joueurs exp\u00e9riment\u00e9s peuvent acc\u00e9der \u00e0 des analyses approfondies et \u00e0 des conseils strat\u00e9giques pour affiner leurs m\u00e9thodes et s\u2019adapter aux nouvelles tendances. C\u2019est un environnement d\u2019apprentissage flexible et convivial, adapt\u00e9 \u00e0 tous les profils.\r\n\r\nUn autre atout majeur est la capacit\u00e9 de l\u2019Acad\u00e9mie \u00e0 suivre l\u2019\u00e9volution rapide du monde des paris. Les sports changent, les march\u00e9s \u00e9voluent et de nouvelles fonctionnalit\u00e9s apparaissent r\u00e9guli\u00e8rement. L\u2019Acad\u00e9mie refl\u00e8te ces changements, garantissant que vos connaissances restent actuelles et pertinentes. En vous tenant inform\u00e9 gr\u00e2ce \u00e0 l\u2019Acad\u00e9mie, vous gardez un style de jeu dynamique et capable de s\u2019adapter \u00e0 toute nouveaut\u00e9.\r\n\r\nEn fin de compte, Betway Academy n\u2019est pas seulement une source d\u2019informations : c\u2019est un partenaire de long terme dans votre parcours de parieur. Elle est l\u00e0 pour r\u00e9pondre \u00e0 vos questions, vous pr\u00e9senter de nouvelles opportunit\u00e9s et vous aider \u00e0 am\u00e9liorer continuellement votre jeu. Peu importe que vous pariez occasionnellement pour le plaisir ou r\u00e9guli\u00e8rement avec une approche strat\u00e9gique, l\u2019Acad\u00e9mie a quelque chose \u00e0 vous offrir.\r\n\r\nPour les joueurs en [country_name], l\u2019Acad\u00e9mie repr\u00e9sente une occasion de vivre une exp\u00e9rience de pari plus riche, plus r\u00e9fl\u00e9chie et plus responsable. Elle associe l\u2019excitation des paris sportifs, du casino et de l\u2019e-sport \u00e0 la s\u00e9curit\u00e9 que procure la prise de d\u00e9cisions bas\u00e9es sur la connaissance et la compr\u00e9hension. Dans un univers o\u00f9 le succ\u00e8s repose autant sur le timing, l\u2019analyse et l\u2019anticipation que sur la chance, disposer d\u2019une source fiable d\u2019apprentissage et de conseils peut faire toute la diff\u00e9rence.\r\n\r\nAvec Betway Academy, chaque pari devient plus qu\u2019une simple mise : c\u2019est une opportunit\u00e9 d\u2019apprendre, de progresser et de d\u00e9velopper une expertise plus solide. Que vous soyez l\u00e0 pour explorer de nouveaux march\u00e9s, participer \u00e0 des offres sp\u00e9ciales ou simplement mieux comprendre les m\u00e9canismes du pari, l\u2019Acad\u00e9mie vous garantit de toujours jouer avec l\u2019avantage de la connaissance. En associant expertise et accessibilit\u00e9, elle transforme votre mani\u00e8re d\u2019aborder les paris et vous aide \u00e0 \u00e9lever vos comp\u00e9tences \u2014 et votre plaisir \u2014 \u00e0 un niveau sup\u00e9rieur.","web_btn":"En savoir plus"},"yoast_head":"<!-- This site is optimized with the Yoast SEO plugin v27.2 - https:\/\/yoast.com\/product\/yoast-seo-wordpress\/ -->\n<title>Academie Betway: Strat\u00e9gies de Pari pour l&#039;Alg\u00e9rie - Betway Algerie<\/title>\n<meta name=\"description\" content=\"D\u00e9couvrez les strat\u00e9gies de pari avec l&#039;Acad\u00e9mie Betway, pour nos membres en Alg\u00e9rie. Nos guides vous aideront \u00e0 r\u00e9ussir.\" \/>\n<meta name=\"robots\" content=\"index, follow, max-snippet:-1, max-image-preview:large, max-video-preview:-1\" \/>\n<link rel=\"canonical\" href=\"https:\/\/bwarabia.com\/dz\/fr\/academy\/\" \/>\n<meta property=\"og:locale\" content=\"fr_FR\" \/>\n<meta property=\"og:type\" content=\"article\" \/>\n<meta property=\"og:title\" content=\"Academie Betway: Strat\u00e9gies de Pari pour l&#039;Alg\u00e9rie - Betway Algerie\" \/>\n<meta property=\"og:description\" content=\"D\u00e9couvrez les strat\u00e9gies de pari avec l&#039;Acad\u00e9mie Betway, pour nos membres en Alg\u00e9rie. Nos guides vous aideront \u00e0 r\u00e9ussir.\" \/>\n<meta property=\"og:url\" content=\"https:\/\/bwarabia.com\/dz\/fr\/academy\/\" \/>\n<meta property=\"og:site_name\" content=\"Betway Algerie\" \/>\n<meta property=\"article:publisher\" content=\"https:\/\/www.facebook.com\/BetwaySportsMENA\/\" \/>\n<meta property=\"article:modified_time\" content=\"2025-09-16T07:54:39+00:00\" \/>\n<meta property=\"og:image\" content=\"https:\/\/bwarabia.com\/dz\/wp-content\/themes\/BWA_LLD_Tailwind_Theme\/assets\/img\/Open_graph_image.png\" \/>\n\t<meta property=\"og:image:width\" content=\"825\" \/>\n\t<meta property=\"og:image:height\" content=\"425\" \/>\n\t<meta property=\"og:image:type\" content=\"image\/jpeg\" \/>\n<meta name=\"twitter:card\" content=\"summary_large_image\" \/>\n<meta name=\"twitter:image\" content=\"https:\/\/bwarabia.com\/dz\/wp-content\/themes\/BWA_LLD_Tailwind_Theme\/assets\/img\/Open_graph_image.png\" \/>\n<meta name=\"twitter:site\" content=\"@betwayarabia\" \/>\n<meta name=\"twitter:label1\" content=\"Dur\u00e9e de lecture estim\u00e9e\" \/>\n\t<meta name=\"twitter:data1\" content=\"1 minute\" \/>\n<script type=\"application\/ld+json\" class=\"yoast-schema-graph\">{\"@context\":\"https:\/\/schema.org\",\"@graph\":[{\"@type\":\"WebPage\",\"@id\":\"https:\/\/bwarabia.com\/dz\/academy\/\",\"url\":\"https:\/\/bwarabia.com\/dz\/fr\/academy\/\",\"name\":\"Academie Betway: Strat\u00e9gies de Pari pour l'Alg\u00e9rie - Betway Algerie\",\"isPartOf\":{\"@id\":\"https:\/\/bwarabia.com\/dz\/fr\/#website\"},\"primaryImageOfPage\":{\"@id\":\"https:\/\/bwarabia.com\/dz\/fr\/academy\/#primaryimage\"},\"image\":{\"@id\":\"https:\/\/bwarabia.com\/dz\/fr\/academy\/#primaryimage\"},\"thumbnailUrl\":\"https:\/\/bwarabia.com\/dz\/wp-content\/uploads\/sites\/10\/2023\/04\/betway-arabia.jpg\",\"datePublished\":\"2023-03-02T08:44:00+00:00\",\"dateModified\":\"2025-09-16T07:54:39+00:00\",\"description\":\"D\u00e9couvrez les strat\u00e9gies de pari avec l'Acad\u00e9mie Betway, pour nos membres en Alg\u00e9rie. Nos guides vous aideront \u00e0 r\u00e9ussir.\",\"breadcrumb\":{\"@id\":\"https:\/\/bwarabia.com\/dz\/fr\/academy\/#breadcrumb\"},\"inLanguage\":\"fr-FR\",\"potentialAction\":[{\"@type\":\"ReadAction\",\"target\":[\"https:\/\/bwarabia.com\/dz\/fr\/academy\/\"]}]},{\"@type\":\"ImageObject\",\"inLanguage\":\"fr-FR\",\"@id\":\"https:\/\/bwarabia.com\/dz\/fr\/academy\/#primaryimage\",\"url\":\"https:\/\/bwarabia.com\/dz\/wp-content\/uploads\/sites\/10\/2023\/04\/betway-arabia.jpg\",\"contentUrl\":\"https:\/\/bwarabia.com\/dz\/wp-content\/uploads\/sites\/10\/2023\/04\/betway-arabia.jpg\",\"width\":825,\"height\":425,\"caption\":\"Limage pr\u00e9sente un fond noir avec le texte \u00ab betwayarabia \u00bb au centre. \u00ab Betway \u00bb est en blanc et \u00ab arabia \u00bb est en vert.\"},{\"@type\":\"BreadcrumbList\",\"@id\":\"https:\/\/bwarabia.com\/dz\/fr\/academy\/#breadcrumb\",\"itemListElement\":[{\"@type\":\"ListItem\",\"position\":1,\"name\":\"Home\",\"item\":\"https:\/\/bwarabia.com\/dz\/fr\/\"},{\"@type\":\"ListItem\",\"position\":2,\"name\":\"Academie\"}]},{\"@type\":\"WebSite\",\"@id\":\"https:\/\/bwarabia.com\/dz\/fr\/#website\",\"url\":\"https:\/\/bwarabia.com\/dz\/fr\/\",\"name\":\"Betway Algerie\",\"description\":\"\",\"publisher\":{\"@id\":\"https:\/\/bwarabia.com\/dz\/fr\/#organization\"},\"potentialAction\":[{\"@type\":\"SearchAction\",\"target\":{\"@type\":\"EntryPoint\",\"urlTemplate\":\"https:\/\/bwarabia.com\/dz\/fr\/?s={search_term_string}\"},\"query-input\":{\"@type\":\"PropertyValueSpecification\",\"valueRequired\":true,\"valueName\":\"search_term_string\"}}],\"inLanguage\":\"fr-FR\"},{\"@type\":\"Organization\",\"@id\":\"https:\/\/bwarabia.com\/dz\/fr\/#organization\",\"name\":\"Betway Algerie\",\"url\":\"https:\/\/bwarabia.com\/dz\/fr\/\",\"logo\":{\"@type\":\"ImageObject\",\"inLanguage\":\"fr-FR\",\"@id\":\"https:\/\/bwarabia.com\/dz\/fr\/#\/schema\/logo\/image\/\",\"url\":\"https:\/\/bwarabia.com\/dz\/wp-content\/uploads\/sites\/10\/2024\/01\/bw_arabia_new.png\",\"contentUrl\":\"https:\/\/bwarabia.com\/dz\/wp-content\/uploads\/sites\/10\/2024\/01\/bw_arabia_new.png\",\"width\":611,\"height\":176,\"caption\":\"Betway Algerie\"},\"image\":{\"@id\":\"https:\/\/bwarabia.com\/dz\/fr\/#\/schema\/logo\/image\/\"},\"sameAs\":[\"https:\/\/www.facebook.com\/BetwaySportsMENA\/\",\"https:\/\/x.com\/betwayarabia\",\"https:\/\/www.youtube.com\/@betwayarabia\",\"https:\/\/www.instagram.com\/betwaysports_arabia\/\"]}]}<\/script>\n<!-- \/ Yoast SEO plugin. -->","yoast_head_json":{"title":"Academie Betway: Strat\u00e9gies de Pari pour l'Alg\u00e9rie - Betway Algerie","description":"D\u00e9couvrez les strat\u00e9gies de pari avec l'Acad\u00e9mie Betway, pour nos membres en Alg\u00e9rie. Nos guides vous aideront \u00e0 r\u00e9ussir.","robots":{"index":"index","follow":"follow","max-snippet":"max-snippet:-1","max-image-preview":"max-image-preview:large","max-video-preview":"max-video-preview:-1"},"canonical":"https:\/\/bwarabia.com\/dz\/fr\/academy\/","og_locale":"fr_FR","og_type":"article","og_title":"Academie Betway: Strat\u00e9gies de Pari pour l'Alg\u00e9rie - Betway Algerie","og_description":"D\u00e9couvrez les strat\u00e9gies de pari avec l'Acad\u00e9mie Betway, pour nos membres en Alg\u00e9rie. Nos guides vous aideront \u00e0 r\u00e9ussir.","og_url":"https:\/\/bwarabia.com\/dz\/fr\/academy\/","og_site_name":"Betway Algerie","article_publisher":"https:\/\/www.facebook.com\/BetwaySportsMENA\/","article_modified_time":"2025-09-16T07:54:39+00:00","og_image":[{"width":825,"height":425,"url":"https:\/\/bwarabia.com\/dz\/wp-content\/themes\/BWA_LLD_Tailwind_Theme\/assets\/img\/Open_graph_image.png","type":"image\/jpeg"}],"twitter_card":"summary_large_image","twitter_image":"https:\/\/bwarabia.com\/dz\/wp-content\/themes\/BWA_LLD_Tailwind_Theme\/assets\/img\/Open_graph_image.png","twitter_site":"@betwayarabia","twitter_misc":{"Dur\u00e9e de lecture estim\u00e9e":"1 minute"},"schema":{"@context":"https:\/\/schema.org","@graph":[{"@type":"WebPage","@id":"https:\/\/bwarabia.com\/dz\/academy\/","url":"https:\/\/bwarabia.com\/dz\/fr\/academy\/","name":"Academie Betway: Strat\u00e9gies de Pari pour l'Alg\u00e9rie - Betway Algerie","isPartOf":{"@id":"https:\/\/bwarabia.com\/dz\/fr\/#website"},"primaryImageOfPage":{"@id":"https:\/\/bwarabia.com\/dz\/fr\/academy\/#primaryimage"},"image":{"@id":"https:\/\/bwarabia.com\/dz\/fr\/academy\/#primaryimage"},"thumbnailUrl":"https:\/\/bwarabia.com\/dz\/wp-content\/uploads\/sites\/10\/2023\/04\/betway-arabia.jpg","datePublished":"2023-03-02T08:44:00+00:00","dateModified":"2025-09-16T07:54:39+00:00","description":"D\u00e9couvrez les strat\u00e9gies de pari avec l'Acad\u00e9mie Betway, pour nos membres en Alg\u00e9rie. Nos guides vous aideront \u00e0 r\u00e9ussir.","breadcrumb":{"@id":"https:\/\/bwarabia.com\/dz\/fr\/academy\/#breadcrumb"},"inLanguage":"fr-FR","potentialAction":[{"@type":"ReadAction","target":["https:\/\/bwarabia.com\/dz\/fr\/academy\/"]}]},{"@type":"ImageObject","inLanguage":"fr-FR","@id":"https:\/\/bwarabia.com\/dz\/fr\/academy\/#primaryimage","url":"https:\/\/bwarabia.com\/dz\/wp-content\/uploads\/sites\/10\/2023\/04\/betway-arabia.jpg","contentUrl":"https:\/\/bwarabia.com\/dz\/wp-content\/uploads\/sites\/10\/2023\/04\/betway-arabia.jpg","width":825,"height":425,"caption":"Limage pr\u00e9sente un fond noir avec le texte \u00ab betwayarabia \u00bb au centre. \u00ab Betway \u00bb est en blanc et \u00ab arabia \u00bb est en vert."},{"@type":"BreadcrumbList","@id":"https:\/\/bwarabia.com\/dz\/fr\/academy\/#breadcrumb","itemListElement":[{"@type":"ListItem","position":1,"name":"Home","item":"https:\/\/bwarabia.com\/dz\/fr\/"},{"@type":"ListItem","position":2,"name":"Academie"}]},{"@type":"WebSite","@id":"https:\/\/bwarabia.com\/dz\/fr\/#website","url":"https:\/\/bwarabia.com\/dz\/fr\/","name":"Betway Algerie","description":"","publisher":{"@id":"https:\/\/bwarabia.com\/dz\/fr\/#organization"},"potentialAction":[{"@type":"SearchAction","target":{"@type":"EntryPoint","urlTemplate":"https:\/\/bwarabia.com\/dz\/fr\/?s={search_term_string}"},"query-input":{"@type":"PropertyValueSpecification","valueRequired":true,"valueName":"search_term_string"}}],"inLanguage":"fr-FR"},{"@type":"Organization","@id":"https:\/\/bwarabia.com\/dz\/fr\/#organization","name":"Betway Algerie","url":"https:\/\/bwarabia.com\/dz\/fr\/","logo":{"@type":"ImageObject","inLanguage":"fr-FR","@id":"https:\/\/bwarabia.com\/dz\/fr\/#\/schema\/logo\/image\/","url":"https:\/\/bwarabia.com\/dz\/wp-content\/uploads\/sites\/10\/2024\/01\/bw_arabia_new.png","contentUrl":"https:\/\/bwarabia.com\/dz\/wp-content\/uploads\/sites\/10\/2024\/01\/bw_arabia_new.png","width":611,"height":176,"caption":"Betway Algerie"},"image":{"@id":"https:\/\/bwarabia.com\/dz\/fr\/#\/schema\/logo\/image\/"},"sameAs":["https:\/\/www.facebook.com\/BetwaySportsMENA\/","https:\/\/x.com\/betwayarabia","https:\/\/www.youtube.com\/@betwayarabia","https:\/\/www.instagram.com\/betwaysports_arabia\/"]}]}},"_links":{"self":[{"href":"https:\/\/bwarabia.com\/dz\/wp-json\/wp\/v2\/pages\/838","targetHints":{"allow":["GET"]}}],"collection":[{"href":"https:\/\/bwarabia.com\/dz\/wp-json\/wp\/v2\/pages"}],"about":[{"href":"https:\/\/bwarabia.com\/dz\/wp-json\/wp\/v2\/types\/page"}],"author":[{"embeddable":true,"href":"https:\/\/bwarabia.com\/dz\/wp-json\/wp\/v2\/users\/1"}],"replies":[{"embeddable":true,"href":"https:\/\/bwarabia.com\/dz\/wp-json\/wp\/v2\/comments?post=838"}],"version-history":[{"count":10,"href":"https:\/\/bwarabia.com\/dz\/wp-json\/wp\/v2\/pages\/838\/revisions"}],"predecessor-version":[{"id":9018,"href":"https:\/\/bwarabia.com\/dz\/wp-json\/wp\/v2\/pages\/838\/revisions\/9018"}],"wp:featuredmedia":[{"embeddable":true,"href":"https:\/\/bwarabia.com\/dz\/wp-json\/wp\/v2\/media\/1698"}],"wp:attachment":[{"href":"https:\/\/bwarabia.com\/dz\/wp-json\/wp\/v2\/media?parent=838"}],"curies":[{"name":"wp","href":"https:\/\/api.w.org\/{rel}","templated":true}]}}