{"id":846,"date":"2023-03-02T08:44:05","date_gmt":"2023-03-02T08:44:05","guid":{"rendered":"https:\/\/bwarabia.com\/dz\/casino\/"},"modified":"2025-09-16T08:31:56","modified_gmt":"2025-09-16T08:31:56","slug":"casino-enligne","status":"publish","type":"page","link":"https:\/\/bwarabia.com\/dz\/casino-enligne\/","title":{"rendered":"Casino"},"content":{"rendered":"","protected":false},"excerpt":{"rendered":"","protected":false},"author":1,"featured_media":0,"parent":0,"menu_order":0,"comment_status":"closed","ping_status":"closed","template":"page-casino.php","meta":{"_acf_changed":false,"_yoast_wpseo_title":"Casino en Ligne Alg\u00e9rie : Meilleurs Sites, Jeux et Bonus %%sep%% %%sitename%%","_yoast_wpseo_metadesc":"D\u00e9couvrez les meilleurs casinos en ligne en Alg\u00e9rie. Jouez aux machines \u00e0 sous, poker, roulette et blackjack avec des bonus s\u00e9curis\u00e9s!","footnotes":"","href_lang_slug_x_default":"","href_lang_slug_ae":"{\"ar\":{\"ae\":\"https:\/\/bwarabia.com\/ae\/ar\/casino\/\"},\"en\":{\"ae\":\"https:\/\/bwarabia.com\/ae\/casino\/\"}}","href_lang_slug_sa":"{\"ar\":{\"sa\":\"https:\/\/bwarabia.com\/sa\/ar\/%d8%a7%d9%84%d9%83%d8%a7%d8%b2%d9%8a%d9%86%d9%88%d9%87%d8%a7%d8%aa-%d8%b9%d9%84%d9%89-%d8%a7%d9%84%d8%a5%d9%86%d8%aa%d8%b1%d9%86%d8%aa\/\"},\"en\":{\"sa\":\"https:\/\/bwarabia.com\/sa\/live-casino-online\/\"}}","href_lang_slug_eg":"{\"ar\":{\"eg\":\"https:\/\/bwarabia.com\/eg\/ar\/%d9%83%d8%a7%d8%b2%d9%8a%d9%86%d9%88-%d8%b9%d9%84%d9%89-%d8%a7%d9%84%d8%a5%d9%86%d8%aa%d8%b1%d9%86%d8%aa\/\"},\"en\":{\"eg\":\"https:\/\/bwarabia.com\/eg\/casino\/\"}}","href_lang_slug_lb":"{\"ar\":{\"lb\":\"https:\/\/bwarabia.com\/lb\/ar\/online-casino\/\"},\"en\":{\"lb\":\"https:\/\/bwarabia.com\/lb\/online-casino\/\"}}","href_lang_slug_kw":"{\"ar\":{\"kw\":\"https:\/\/bwarabia.com\/kw\/ar\/%d9%83%d8%a7%d8%b2%d9%8a%d9%86%d9%88-%d8%b9%d9%84%d9%89-%d8%a7%d9%84%d8%a7%d9%86%d8%aa%d8%b1%d9%86%d8%aa\/\"},\"en\":{\"kw\":\"https:\/\/bwarabia.com\/kw\/online-casino\/\"}}","href_lang_slug_bh":"{\"ar\":{\"bh\":\"https:\/\/bwarabia.com\/bh\/ar\/casino\/\"},\"en\":{\"bh\":\"https:\/\/bwarabia.com\/bh\/online-casino\/\"}}","href_lang_slug_om":"{\"ar\":{\"om\":\"https:\/\/bwarabia.com\/om\/ar\/casino\/\"},\"en\":{\"om\":\"https:\/\/bwarabia.com\/om\/sports-betting\/\"}}","href_lang_slug_jo":"{\"ar\":{\"jo\":\"https:\/\/bwarabia.com\/jo\/ar\/online-casino\/\"},\"en\":{\"jo\":\"https:\/\/bwarabia.com\/jo\/online-casino\/\"}}","href_lang_slug_qa":"{\"ar\":{\"qa\":\"https:\/\/bwarabia.com\/qa\/ar\/casino\/\"},\"en\":{\"qa\":\"https:\/\/bwarabia.com\/qa\/online-casino-games\/\"}}","href_lang_slug_tn":"{\"ar\":{\"tn\":\"https:\/\/bwarabia.com\/tn\/ar\/casino\/\"},\"fr\":{\"tn\":\"https:\/\/bwarabia.com\/tn\/fr\/casino-enligne\/\"}}","href_lang_slug_ma":"{\"ar\":{\"ma\":\"https:\/\/bwarabia.com\/ma\/ar\/casino\/\"},\"fr\":{\"ma\":\"https:\/\/bwarabia.com\/ma\/fr\/casino-enligne\/\"}}","href_lang_slug_dz":"{\"ar\":{\"dz\":\"https:\/\/bwarabia.com\/dz\/ar\/casino\/\"},\"fr\":{\"dz\":\"https:\/\/bwarabia.com\/dz\/fr\/casino-enligne\/\"}}"},"class_list":["post-846","page","type-page","status-publish","hentry"],"acf":[],"yoast_head":"<!-- This site is optimized with the Yoast SEO plugin v27.2 - https:\/\/yoast.com\/product\/yoast-seo-wordpress\/ -->\n<title>Casino en Ligne Alg\u00e9rie : Meilleurs Sites, Jeux et Bonus - Betway Algerie<\/title>\n<meta name=\"description\" content=\"D\u00e9couvrez les meilleurs casinos en ligne en Alg\u00e9rie. Jouez aux machines \u00e0 sous, poker, roulette et blackjack avec des bonus s\u00e9curis\u00e9s!\" \/>\n<meta name=\"robots\" content=\"index, follow, max-snippet:-1, max-image-preview:large, max-video-preview:-1\" \/>\n<link rel=\"canonical\" href=\"https:\/\/bwarabia.com\/dz\/fr\/casino-enligne\/\" \/>\n<meta property=\"og:locale\" content=\"fr_FR\" \/>\n<meta property=\"og:type\" content=\"article\" \/>\n<meta property=\"og:title\" content=\"Casino en Ligne Alg\u00e9rie : Meilleurs Sites, Jeux et Bonus - Betway Algerie\" \/>\n<meta property=\"og:description\" content=\"D\u00e9couvrez les meilleurs casinos en ligne en Alg\u00e9rie. Jouez aux machines \u00e0 sous, poker, roulette et blackjack avec des bonus s\u00e9curis\u00e9s!\" \/>\n<meta property=\"og:url\" content=\"https:\/\/bwarabia.com\/dz\/fr\/casino-enligne\/\" \/>\n<meta property=\"og:site_name\" content=\"Betway Algerie\" \/>\n<meta property=\"article:publisher\" content=\"https:\/\/www.facebook.com\/BetwaySportsMENA\/\" \/>\n<meta property=\"article:modified_time\" content=\"2025-09-16T08:31:56+00:00\" \/>\n<meta name=\"twitter:card\" content=\"summary_large_image\" \/>\n<meta name=\"twitter:image\" content=\"https:\/\/bwarabia.com\/dz\/wp-content\/themes\/BWA_LLD_Tailwind_Theme\/assets\/img\/Open_graph_image.png\" \/>\n<meta name=\"twitter:site\" content=\"@betwayarabia\" \/>\n<script type=\"application\/ld+json\" class=\"yoast-schema-graph\">{\"@context\":\"https:\/\/schema.org\",\"@graph\":[{\"@type\":\"WebPage\",\"@id\":\"https:\/\/bwarabia.com\/dz\/casino-enligne\/\",\"url\":\"https:\/\/bwarabia.com\/dz\/fr\/casino-enligne\/\",\"name\":\"Casino en Ligne Alg\u00e9rie : Meilleurs Sites, Jeux et Bonus - Betway Algerie\",\"isPartOf\":{\"@id\":\"https:\/\/bwarabia.com\/dz\/fr\/#website\"},\"datePublished\":\"2023-03-02T08:44:05+00:00\",\"dateModified\":\"2025-09-16T08:31:56+00:00\",\"description\":\"D\u00e9couvrez les meilleurs casinos en ligne en Alg\u00e9rie. Jouez aux machines \u00e0 sous, poker, roulette et blackjack avec des bonus s\u00e9curis\u00e9s!\",\"breadcrumb\":{\"@id\":\"https:\/\/bwarabia.com\/dz\/fr\/casino-enligne\/#breadcrumb\"},\"inLanguage\":\"fr-FR\",\"potentialAction\":[{\"@type\":\"ReadAction\",\"target\":[\"https:\/\/bwarabia.com\/dz\/fr\/casino-enligne\/\"]}]},{\"@type\":\"BreadcrumbList\",\"@id\":\"https:\/\/bwarabia.com\/dz\/fr\/casino-enligne\/#breadcrumb\",\"itemListElement\":[{\"@type\":\"ListItem\",\"position\":1,\"name\":\"Home\",\"item\":\"https:\/\/bwarabia.com\/dz\/fr\/\"},{\"@type\":\"ListItem\",\"position\":2,\"name\":\"Casino\"}]},{\"@type\":\"WebSite\",\"@id\":\"https:\/\/bwarabia.com\/dz\/fr\/#website\",\"url\":\"https:\/\/bwarabia.com\/dz\/fr\/\",\"name\":\"Betway Algerie\",\"description\":\"\",\"publisher\":{\"@id\":\"https:\/\/bwarabia.com\/dz\/fr\/#organization\"},\"potentialAction\":[{\"@type\":\"SearchAction\",\"target\":{\"@type\":\"EntryPoint\",\"urlTemplate\":\"https:\/\/bwarabia.com\/dz\/fr\/?s={search_term_string}\"},\"query-input\":{\"@type\":\"PropertyValueSpecification\",\"valueRequired\":true,\"valueName\":\"search_term_string\"}}],\"inLanguage\":\"fr-FR\"},{\"@type\":\"Organization\",\"@id\":\"https:\/\/bwarabia.com\/dz\/fr\/#organization\",\"name\":\"Betway Algerie\",\"url\":\"https:\/\/bwarabia.com\/dz\/fr\/\",\"logo\":{\"@type\":\"ImageObject\",\"inLanguage\":\"fr-FR\",\"@id\":\"https:\/\/bwarabia.com\/dz\/fr\/#\/schema\/logo\/image\/\",\"url\":\"https:\/\/bwarabia.com\/dz\/wp-content\/uploads\/sites\/10\/2024\/01\/bw_arabia_new.png\",\"contentUrl\":\"https:\/\/bwarabia.com\/dz\/wp-content\/uploads\/sites\/10\/2024\/01\/bw_arabia_new.png\",\"width\":611,\"height\":176,\"caption\":\"Betway Algerie\"},\"image\":{\"@id\":\"https:\/\/bwarabia.com\/dz\/fr\/#\/schema\/logo\/image\/\"},\"sameAs\":[\"https:\/\/www.facebook.com\/BetwaySportsMENA\/\",\"https:\/\/x.com\/betwayarabia\",\"https:\/\/www.youtube.com\/@betwayarabia\",\"https:\/\/www.instagram.com\/betwaysports_arabia\/\"]}]}<\/script>\n<!-- \/ Yoast SEO plugin. -->","yoast_head_json":{"title":"Casino en Ligne Alg\u00e9rie : Meilleurs Sites, Jeux et Bonus - Betway Algerie","description":"D\u00e9couvrez les meilleurs casinos en ligne en Alg\u00e9rie. Jouez aux machines \u00e0 sous, poker, roulette et blackjack avec des bonus s\u00e9curis\u00e9s!","robots":{"index":"index","follow":"follow","max-snippet":"max-snippet:-1","max-image-preview":"max-image-preview:large","max-video-preview":"max-video-preview:-1"},"canonical":"https:\/\/bwarabia.com\/dz\/fr\/casino-enligne\/","og_locale":"fr_FR","og_type":"article","og_title":"Casino en Ligne Alg\u00e9rie : Meilleurs Sites, Jeux et Bonus - Betway Algerie","og_description":"D\u00e9couvrez les meilleurs casinos en ligne en Alg\u00e9rie. Jouez aux machines \u00e0 sous, poker, roulette et blackjack avec des bonus s\u00e9curis\u00e9s!","og_url":"https:\/\/bwarabia.com\/dz\/fr\/casino-enligne\/","og_site_name":"Betway Algerie","article_publisher":"https:\/\/www.facebook.com\/BetwaySportsMENA\/","article_modified_time":"2025-09-16T08:31:56+00:00","twitter_card":"summary_large_image","twitter_image":"https:\/\/bwarabia.com\/dz\/wp-content\/themes\/BWA_LLD_Tailwind_Theme\/assets\/img\/Open_graph_image.png","twitter_site":"@betwayarabia","schema":{"@context":"https:\/\/schema.org","@graph":[{"@type":"WebPage","@id":"https:\/\/bwarabia.com\/dz\/casino-enligne\/","url":"https:\/\/bwarabia.com\/dz\/fr\/casino-enligne\/","name":"Casino en Ligne Alg\u00e9rie : Meilleurs Sites, Jeux et Bonus - Betway Algerie","isPartOf":{"@id":"https:\/\/bwarabia.com\/dz\/fr\/#website"},"datePublished":"2023-03-02T08:44:05+00:00","dateModified":"2025-09-16T08:31:56+00:00","description":"D\u00e9couvrez les meilleurs casinos en ligne en Alg\u00e9rie. Jouez aux machines \u00e0 sous, poker, roulette et blackjack avec des bonus s\u00e9curis\u00e9s!","breadcrumb":{"@id":"https:\/\/bwarabia.com\/dz\/fr\/casino-enligne\/#breadcrumb"},"inLanguage":"fr-FR","potentialAction":[{"@type":"ReadAction","target":["https:\/\/bwarabia.com\/dz\/fr\/casino-enligne\/"]}]},{"@type":"BreadcrumbList","@id":"https:\/\/bwarabia.com\/dz\/fr\/casino-enligne\/#breadcrumb","itemListElement":[{"@type":"ListItem","position":1,"name":"Home","item":"https:\/\/bwarabia.com\/dz\/fr\/"},{"@type":"ListItem","position":2,"name":"Casino"}]},{"@type":"WebSite","@id":"https:\/\/bwarabia.com\/dz\/fr\/#website","url":"https:\/\/bwarabia.com\/dz\/fr\/","name":"Betway Algerie","description":"","publisher":{"@id":"https:\/\/bwarabia.com\/dz\/fr\/#organization"},"potentialAction":[{"@type":"SearchAction","target":{"@type":"EntryPoint","urlTemplate":"https:\/\/bwarabia.com\/dz\/fr\/?s={search_term_string}"},"query-input":{"@type":"PropertyValueSpecification","valueRequired":true,"valueName":"search_term_string"}}],"inLanguage":"fr-FR"},{"@type":"Organization","@id":"https:\/\/bwarabia.com\/dz\/fr\/#organization","name":"Betway Algerie","url":"https:\/\/bwarabia.com\/dz\/fr\/","logo":{"@type":"ImageObject","inLanguage":"fr-FR","@id":"https:\/\/bwarabia.com\/dz\/fr\/#\/schema\/logo\/image\/","url":"https:\/\/bwarabia.com\/dz\/wp-content\/uploads\/sites\/10\/2024\/01\/bw_arabia_new.png","contentUrl":"https:\/\/bwarabia.com\/dz\/wp-content\/uploads\/sites\/10\/2024\/01\/bw_arabia_new.png","width":611,"height":176,"caption":"Betway Algerie"},"image":{"@id":"https:\/\/bwarabia.com\/dz\/fr\/#\/schema\/logo\/image\/"},"sameAs":["https:\/\/www.facebook.com\/BetwaySportsMENA\/","https:\/\/x.com\/betwayarabia","https:\/\/www.youtube.com\/@betwayarabia","https:\/\/www.instagram.com\/betwaysports_arabia\/"]}]}},"_links":{"self":[{"href":"https:\/\/bwarabia.com\/dz\/wp-json\/wp\/v2\/pages\/846","targetHints":{"allow":["GET"]}}],"collection":[{"href":"https:\/\/bwarabia.com\/dz\/wp-json\/wp\/v2\/pages"}],"about":[{"href":"https:\/\/bwarabia.com\/dz\/wp-json\/wp\/v2\/types\/page"}],"author":[{"embeddable":true,"href":"https:\/\/bwarabia.com\/dz\/wp-json\/wp\/v2\/users\/1"}],"replies":[{"embeddable":true,"href":"https:\/\/bwarabia.com\/dz\/wp-json\/wp\/v2\/comments?post=846"}],"version-history":[{"count":18,"href":"https:\/\/bwarabia.com\/dz\/wp-json\/wp\/v2\/pages\/846\/revisions"}],"predecessor-version":[{"id":9339,"href":"https:\/\/bwarabia.com\/dz\/wp-json\/wp\/v2\/pages\/846\/revisions\/9339"}],"wp:attachment":[{"href":"https:\/\/bwarabia.com\/dz\/wp-json\/wp\/v2\/media?parent=846"}],"curies":[{"name":"wp","href":"https:\/\/api.w.org\/{rel}","templated":true}]}}