{"id":302,"date":"2023-03-09T07:40:03","date_gmt":"2023-03-09T07:40:03","guid":{"rendered":"https:\/\/bwarabia.com\/ma\/casino\/"},"modified":"2025-08-27T11:55:09","modified_gmt":"2025-08-27T11:55:09","slug":"casino-enligne","status":"publish","type":"page","link":"https:\/\/bwarabia.com\/ma\/fr\/casino-enligne\/","title":{"rendered":"casino"},"content":{"rendered":"","protected":false},"excerpt":{"rendered":"","protected":false},"author":1,"featured_media":306,"parent":0,"menu_order":0,"comment_status":"closed","ping_status":"closed","template":"page-casino.php","meta":{"_acf_changed":false,"_yoast_wpseo_title":"Casino en Ligne : Jouez en Toute S\u00e9curit\u00e9 avec les Meilleurs Sites %%sep%% %%sitename%%","_yoast_wpseo_metadesc":"Jouez aux machines \u00e0 sous, blackjack, roulette et poker sur des casinos en ligne s\u00e9curis\u00e9s avec Betway Arabia Maroc.","footnotes":"","href_lang_slug_x_default":"","href_lang_slug_ae":"{\"en\": {\"ae\": \"https:\/\/bwarabia.com\/ae\/casino\/\"}, \"ar\": {\"ae\": \"https:\/\/bwarabia.com\/ae\/ar\/casino\/\"}}","href_lang_slug_sa":"{\"en\": {\"sa\": \"https:\/\/bwarabia.com\/sa\/live-casino-online\/\"}, \"ar\": {\"sa\": \"https:\/\/bwarabia.com\/sa\/ar\/%d8%a7%d9%84%d9%83%d8%a7%d8%b2%d9%8a%d9%86%d9%88%d9%87%d8%a7%d8%aa-%d8%b9%d9%84%d9%89-%d8%a7%d9%84%d8%a5%d9%86%d8%aa%d8%b1%d9%86%d8%aa\/\"}}","href_lang_slug_eg":"{\"en\": {\"eg\": \"https:\/\/bwarabia.com\/eg\/casino\/\"}, \"ar\": {\"eg\": \"https:\/\/bwarabia.com\/eg\/ar\/%d9%83%d8%a7%d8%b2%d9%8a%d9%86%d9%88-%d8%b9%d9%84%d9%89-%d8%a7%d9%84%d8%a5%d9%86%d8%aa%d8%b1%d9%86%d8%aa\/\"}}","href_lang_slug_lb":"{\"en\": {\"lb\": \"https:\/\/bwarabia.com\/lb\/online-casino\/\"}, \"ar\": {\"lb\": \"https:\/\/bwarabia.com\/lb\/ar\/online-casino\/\"}}","href_lang_slug_kw":"{\"en\": {\"kw\": \"https:\/\/bwarabia.com\/kw\/online-casino\/\"}, \"ar\": {\"kw\": \"https:\/\/bwarabia.com\/kw\/ar\/%d9%83%d8%a7%d8%b2%d9%8a%d9%86%d9%88-%d8%b9%d9%84%d9%89-%d8%a7%d9%84%d8%a7%d9%86%d8%aa%d8%b1%d9%86%d8%aa\/\"}}","href_lang_slug_bh":"{\"en\": {\"bh\": \"https:\/\/bwarabia.com\/bh\/online-casino\/\"}, \"ar\": {\"bh\": \"https:\/\/bwarabia.com\/bh\/ar\/casino\/\"}}","href_lang_slug_om":"{\"en\": {\"om\": \"https:\/\/bwarabia.com\/om\/sports-betting\/\"}, \"ar\": {\"om\": \"https:\/\/bwarabia.com\/om\/ar\/casino\/\"}}","href_lang_slug_jo":"{\"en\": {\"jo\": \"https:\/\/bwarabia.com\/jo\/online-casino\/\"}, \"ar\": {\"jo\": \"https:\/\/bwarabia.com\/jo\/ar\/online-casino\/\"}}","href_lang_slug_qa":"{\"en\": {\"qa\": \"https:\/\/bwarabia.com\/qa\/online-casino-games\/\"}, \"ar\": {\"qa\": \"https:\/\/bwarabia.com\/qa\/ar\/casino\/\"}}","href_lang_slug_tn":"{\"ar\": {\"tn\": \"https:\/\/bwarabia.com\/tn\/ar\/casino\/\"}, \"fr\": {\"tn\": \"https:\/\/bwarabia.com\/tn\/fr\/casino-enligne\/\"}}","href_lang_slug_ma":"{\"ar\": {\"ma\": \"https:\/\/bwarabia.com\/ma\/ar\/casino\/\"}, \"fr\": {\"ma\": \"https:\/\/bwarabia.com\/ma\/fr\/casino-enligne\/\"}}","href_lang_slug_dz":"{\"ar\": {\"dz\": \"https:\/\/bwarabia.com\/dz\/ar\/casino\/\"}, \"fr\": {\"dz\": \"https:\/\/bwarabia.com\/dz\/fr\/casino-enligne\/\"}}"},"class_list":["post-302","page","type-page","status-publish","has-post-thumbnail","hentry"],"acf":[],"yoast_head":"<!-- This site is optimized with the Yoast SEO plugin v27.2 - https:\/\/yoast.com\/product\/yoast-seo-wordpress\/ -->\n<title>Casino en Ligne : Jouez en Toute S\u00e9curit\u00e9 avec les Meilleurs Sites - Betway Morroco<\/title>\n<meta name=\"description\" content=\"Jouez aux machines \u00e0 sous, blackjack, roulette et poker sur des casinos en ligne s\u00e9curis\u00e9s avec Betway Arabia Maroc.\" \/>\n<meta name=\"robots\" content=\"index, follow, max-snippet:-1, max-image-preview:large, max-video-preview:-1\" \/>\n<link rel=\"canonical\" href=\"https:\/\/bwarabia.com\/ma\/fr\/casino-enligne\/\" \/>\n<meta property=\"og:locale\" content=\"fr_FR\" \/>\n<meta property=\"og:type\" content=\"article\" \/>\n<meta property=\"og:title\" content=\"Casino en Ligne : Jouez en Toute S\u00e9curit\u00e9 avec les Meilleurs Sites - Betway Morroco\" \/>\n<meta property=\"og:description\" content=\"Jouez aux machines \u00e0 sous, blackjack, roulette et poker sur des casinos en ligne s\u00e9curis\u00e9s avec Betway Arabia Maroc.\" \/>\n<meta property=\"og:url\" content=\"https:\/\/bwarabia.com\/ma\/fr\/casino-enligne\/\" \/>\n<meta property=\"og:site_name\" content=\"Betway Morroco\" \/>\n<meta property=\"article:modified_time\" content=\"2025-08-27T11:55:09+00:00\" \/>\n<meta property=\"og:image\" content=\"https:\/\/bwarabia.com\/ma\/wp-content\/uploads\/sites\/11\/2023\/03\/Casino_Banner_2-scaled.jpg\" \/>\n\t<meta property=\"og:image:width\" content=\"2560\" \/>\n\t<meta property=\"og:image:height\" content=\"1344\" \/>\n\t<meta property=\"og:image:type\" content=\"image\/jpeg\" \/>\n<meta name=\"twitter:card\" content=\"summary_large_image\" \/>\n<meta name=\"twitter:label1\" content=\"Dur\u00e9e de lecture estim\u00e9e\" \/>\n\t<meta name=\"twitter:data1\" content=\"1 minute\" \/>\n<script type=\"application\/ld+json\" class=\"yoast-schema-graph\">{\"@context\":\"https:\/\/schema.org\",\"@graph\":[{\"@type\":\"WebPage\",\"@id\":\"https:\/\/bwarabia.com\/ma\/fr\/casino-enligne\/\",\"url\":\"https:\/\/bwarabia.com\/ma\/fr\/casino-enligne\/\",\"name\":\"Casino en Ligne : Jouez en Toute S\u00e9curit\u00e9 avec les Meilleurs Sites - Betway Morroco\",\"isPartOf\":{\"@id\":\"https:\/\/bwarabia.com\/ma\/fr\/#website\"},\"primaryImageOfPage\":{\"@id\":\"https:\/\/bwarabia.com\/ma\/fr\/casino-enligne\/#primaryimage\"},\"image\":{\"@id\":\"https:\/\/bwarabia.com\/ma\/fr\/casino-enligne\/#primaryimage\"},\"thumbnailUrl\":\"https:\/\/bwarabia.com\/ma\/wp-content\/uploads\/sites\/11\/2023\/03\/Casino_Banner_2-scaled.jpg\",\"datePublished\":\"2023-03-09T07:40:03+00:00\",\"dateModified\":\"2025-08-27T11:55:09+00:00\",\"description\":\"Jouez aux machines \u00e0 sous, blackjack, roulette et poker sur des casinos en ligne s\u00e9curis\u00e9s avec Betway Arabia Maroc.\",\"breadcrumb\":{\"@id\":\"https:\/\/bwarabia.com\/ma\/fr\/casino-enligne\/#breadcrumb\"},\"inLanguage\":\"fr-FR\",\"potentialAction\":[{\"@type\":\"ReadAction\",\"target\":[\"https:\/\/bwarabia.com\/ma\/fr\/casino-enligne\/\"]}]},{\"@type\":\"ImageObject\",\"inLanguage\":\"fr-FR\",\"@id\":\"https:\/\/bwarabia.com\/ma\/fr\/casino-enligne\/#primaryimage\",\"url\":\"https:\/\/bwarabia.com\/ma\/wp-content\/uploads\/sites\/11\/2023\/03\/Casino_Banner_2-scaled.jpg\",\"contentUrl\":\"https:\/\/bwarabia.com\/ma\/wp-content\/uploads\/sites\/11\/2023\/03\/Casino_Banner_2-scaled.jpg\",\"width\":2560,\"height\":1344,\"caption\":\"Texte sur l'image : \u00ab Gagnez des prix chaque semaine avec Betway Arabia. Tirages au sort, Speed Leagues, Bonus Back et bien plus encore. \u00bb Comporte des pi\u00e8ces d'or et des coffrets cadeaux avec des rubans sur une plateforme blanche sur fond clair. Des formes g\u00e9om\u00e9triques bleues accentuent les coins.\"},{\"@type\":\"BreadcrumbList\",\"@id\":\"https:\/\/bwarabia.com\/ma\/fr\/casino-enligne\/#breadcrumb\",\"itemListElement\":[{\"@type\":\"ListItem\",\"position\":1,\"name\":\"Home\",\"item\":\"https:\/\/bwarabia.com\/ma\/fr\/\"},{\"@type\":\"ListItem\",\"position\":2,\"name\":\"casino\"}]},{\"@type\":\"WebSite\",\"@id\":\"https:\/\/bwarabia.com\/ma\/fr\/#website\",\"url\":\"https:\/\/bwarabia.com\/ma\/fr\/\",\"name\":\"Betway Morroco\",\"description\":\"\",\"publisher\":{\"@id\":\"https:\/\/bwarabia.com\/ma\/fr\/#organization\"},\"potentialAction\":[{\"@type\":\"SearchAction\",\"target\":{\"@type\":\"EntryPoint\",\"urlTemplate\":\"https:\/\/bwarabia.com\/ma\/fr\/?s={search_term_string}\"},\"query-input\":{\"@type\":\"PropertyValueSpecification\",\"valueRequired\":true,\"valueName\":\"search_term_string\"}}],\"inLanguage\":\"fr-FR\"},{\"@type\":\"Organization\",\"@id\":\"https:\/\/bwarabia.com\/ma\/fr\/#organization\",\"name\":\"Betway Morroco\",\"url\":\"https:\/\/bwarabia.com\/ma\/fr\/\",\"logo\":{\"@type\":\"ImageObject\",\"inLanguage\":\"fr-FR\",\"@id\":\"https:\/\/bwarabia.com\/ma\/fr\/#\/schema\/logo\/image\/\",\"url\":\"https:\/\/bwarabia.com\/ma\/wp-content\/uploads\/sites\/11\/2024\/01\/bw_arabia_new.png\",\"contentUrl\":\"https:\/\/bwarabia.com\/ma\/wp-content\/uploads\/sites\/11\/2024\/01\/bw_arabia_new.png\",\"width\":611,\"height\":176,\"caption\":\"Betway Morroco\"},\"image\":{\"@id\":\"https:\/\/bwarabia.com\/ma\/fr\/#\/schema\/logo\/image\/\"}}]}<\/script>\n<!-- \/ Yoast SEO plugin. -->","yoast_head_json":{"title":"Casino en Ligne : Jouez en Toute S\u00e9curit\u00e9 avec les Meilleurs Sites - Betway Morroco","description":"Jouez aux machines \u00e0 sous, blackjack, roulette et poker sur des casinos en ligne s\u00e9curis\u00e9s avec Betway Arabia Maroc.","robots":{"index":"index","follow":"follow","max-snippet":"max-snippet:-1","max-image-preview":"max-image-preview:large","max-video-preview":"max-video-preview:-1"},"canonical":"https:\/\/bwarabia.com\/ma\/fr\/casino-enligne\/","og_locale":"fr_FR","og_type":"article","og_title":"Casino en Ligne : Jouez en Toute S\u00e9curit\u00e9 avec les Meilleurs Sites - Betway Morroco","og_description":"Jouez aux machines \u00e0 sous, blackjack, roulette et poker sur des casinos en ligne s\u00e9curis\u00e9s avec Betway Arabia Maroc.","og_url":"https:\/\/bwarabia.com\/ma\/fr\/casino-enligne\/","og_site_name":"Betway Morroco","article_modified_time":"2025-08-27T11:55:09+00:00","og_image":[{"width":2560,"height":1344,"url":"https:\/\/bwarabia.com\/ma\/wp-content\/uploads\/sites\/11\/2023\/03\/Casino_Banner_2-scaled.jpg","type":"image\/jpeg"}],"twitter_card":"summary_large_image","twitter_misc":{"Dur\u00e9e de lecture estim\u00e9e":"1 minute"},"schema":{"@context":"https:\/\/schema.org","@graph":[{"@type":"WebPage","@id":"https:\/\/bwarabia.com\/ma\/fr\/casino-enligne\/","url":"https:\/\/bwarabia.com\/ma\/fr\/casino-enligne\/","name":"Casino en Ligne : Jouez en Toute S\u00e9curit\u00e9 avec les Meilleurs Sites - Betway Morroco","isPartOf":{"@id":"https:\/\/bwarabia.com\/ma\/fr\/#website"},"primaryImageOfPage":{"@id":"https:\/\/bwarabia.com\/ma\/fr\/casino-enligne\/#primaryimage"},"image":{"@id":"https:\/\/bwarabia.com\/ma\/fr\/casino-enligne\/#primaryimage"},"thumbnailUrl":"https:\/\/bwarabia.com\/ma\/wp-content\/uploads\/sites\/11\/2023\/03\/Casino_Banner_2-scaled.jpg","datePublished":"2023-03-09T07:40:03+00:00","dateModified":"2025-08-27T11:55:09+00:00","description":"Jouez aux machines \u00e0 sous, blackjack, roulette et poker sur des casinos en ligne s\u00e9curis\u00e9s avec Betway Arabia Maroc.","breadcrumb":{"@id":"https:\/\/bwarabia.com\/ma\/fr\/casino-enligne\/#breadcrumb"},"inLanguage":"fr-FR","potentialAction":[{"@type":"ReadAction","target":["https:\/\/bwarabia.com\/ma\/fr\/casino-enligne\/"]}]},{"@type":"ImageObject","inLanguage":"fr-FR","@id":"https:\/\/bwarabia.com\/ma\/fr\/casino-enligne\/#primaryimage","url":"https:\/\/bwarabia.com\/ma\/wp-content\/uploads\/sites\/11\/2023\/03\/Casino_Banner_2-scaled.jpg","contentUrl":"https:\/\/bwarabia.com\/ma\/wp-content\/uploads\/sites\/11\/2023\/03\/Casino_Banner_2-scaled.jpg","width":2560,"height":1344,"caption":"Texte sur l'image : \u00ab Gagnez des prix chaque semaine avec Betway Arabia. Tirages au sort, Speed Leagues, Bonus Back et bien plus encore. \u00bb Comporte des pi\u00e8ces d'or et des coffrets cadeaux avec des rubans sur une plateforme blanche sur fond clair. Des formes g\u00e9om\u00e9triques bleues accentuent les coins."},{"@type":"BreadcrumbList","@id":"https:\/\/bwarabia.com\/ma\/fr\/casino-enligne\/#breadcrumb","itemListElement":[{"@type":"ListItem","position":1,"name":"Home","item":"https:\/\/bwarabia.com\/ma\/fr\/"},{"@type":"ListItem","position":2,"name":"casino"}]},{"@type":"WebSite","@id":"https:\/\/bwarabia.com\/ma\/fr\/#website","url":"https:\/\/bwarabia.com\/ma\/fr\/","name":"Betway Morroco","description":"","publisher":{"@id":"https:\/\/bwarabia.com\/ma\/fr\/#organization"},"potentialAction":[{"@type":"SearchAction","target":{"@type":"EntryPoint","urlTemplate":"https:\/\/bwarabia.com\/ma\/fr\/?s={search_term_string}"},"query-input":{"@type":"PropertyValueSpecification","valueRequired":true,"valueName":"search_term_string"}}],"inLanguage":"fr-FR"},{"@type":"Organization","@id":"https:\/\/bwarabia.com\/ma\/fr\/#organization","name":"Betway Morroco","url":"https:\/\/bwarabia.com\/ma\/fr\/","logo":{"@type":"ImageObject","inLanguage":"fr-FR","@id":"https:\/\/bwarabia.com\/ma\/fr\/#\/schema\/logo\/image\/","url":"https:\/\/bwarabia.com\/ma\/wp-content\/uploads\/sites\/11\/2024\/01\/bw_arabia_new.png","contentUrl":"https:\/\/bwarabia.com\/ma\/wp-content\/uploads\/sites\/11\/2024\/01\/bw_arabia_new.png","width":611,"height":176,"caption":"Betway Morroco"},"image":{"@id":"https:\/\/bwarabia.com\/ma\/fr\/#\/schema\/logo\/image\/"}}]}},"_links":{"self":[{"href":"https:\/\/bwarabia.com\/ma\/fr\/wp-json\/wp\/v2\/pages\/302","targetHints":{"allow":["GET"]}}],"collection":[{"href":"https:\/\/bwarabia.com\/ma\/fr\/wp-json\/wp\/v2\/pages"}],"about":[{"href":"https:\/\/bwarabia.com\/ma\/fr\/wp-json\/wp\/v2\/types\/page"}],"author":[{"embeddable":true,"href":"https:\/\/bwarabia.com\/ma\/fr\/wp-json\/wp\/v2\/users\/1"}],"replies":[{"embeddable":true,"href":"https:\/\/bwarabia.com\/ma\/fr\/wp-json\/wp\/v2\/comments?post=302"}],"version-history":[{"count":13,"href":"https:\/\/bwarabia.com\/ma\/fr\/wp-json\/wp\/v2\/pages\/302\/revisions"}],"predecessor-version":[{"id":7568,"href":"https:\/\/bwarabia.com\/ma\/fr\/wp-json\/wp\/v2\/pages\/302\/revisions\/7568"}],"wp:featuredmedia":[{"embeddable":true,"href":"https:\/\/bwarabia.com\/ma\/fr\/wp-json\/wp\/v2\/media\/306"}],"wp:attachment":[{"href":"https:\/\/bwarabia.com\/ma\/fr\/wp-json\/wp\/v2\/media?parent=302"}],"curies":[{"name":"wp","href":"https:\/\/api.w.org\/{rel}","templated":true}]}}