{"id":334,"date":"2023-03-09T07:40:20","date_gmt":"2023-03-09T07:40:20","guid":{"rendered":"https:\/\/bwarabia.com\/ma\/live-streaming-page\/"},"modified":"2024-09-03T10:27:35","modified_gmt":"2024-09-03T10:27:35","slug":"en-direct","status":"publish","type":"page","link":"https:\/\/bwarabia.com\/ma\/en-direct\/","title":{"rendered":"Sports En Direct"},"content":{"rendered":"","protected":false},"excerpt":{"rendered":"","protected":false},"author":1,"featured_media":0,"parent":0,"menu_order":0,"comment_status":"closed","ping_status":"closed","template":"live-streaming.php","meta":{"_acf_changed":false,"_yoast_wpseo_title":"","_yoast_wpseo_metadesc":"Regardez vos \u00e9v\u00e9nements sportifs pr\u00e9f\u00e9r\u00e9s en direct avec Betway Arabia. Profitez d'\u00e9missions de haute qualit\u00e9 et ne manquez jamais le match.","footnotes":"","href_lang_slug_x_default":"https:\/\/bwarabia.com\/kw\/live-streaming\/","href_lang_slug_ae":"{\"en\":{\"ae\":\"https:\/\/bwarabia.com\/ae\/live-streaming\/\"},\"ar\":{\"ae\":\"https:\/\/bwarabia.com\/ae\/ar\/live-streaming\/\"}}","href_lang_slug_sa":"{\"en\":{\"sa\":\"https:\/\/bwarabia.com\/sa\/live-streaming\/\"},\"ar\":{\"sa\":\"https:\/\/bwarabia.com\/sa\/ar\/live-streaming\/\"}}","href_lang_slug_eg":"{\"en\":{\"eg\":\"https:\/\/bwarabia.com\/eg\/live-streaming\/\"},\"ar\":{\"eg\":\"https:\/\/bwarabia.com\/eg\/ar\/live-streaming\/\"}}","href_lang_slug_lb":"{\"en\":{\"lb\":\"https:\/\/bwarabia.com\/lb\/live-streaming\/\"},\"ar\":{\"lb\":\"https:\/\/bwarabia.com\/lb\/ar\/live-streaming\/\"}}","href_lang_slug_kw":"{\"en\":{\"kw\":\"https:\/\/bwarabia.com\/kw\/live-streaming\/\"},\"ar\":{\"kw\":\"https:\/\/bwarabia.com\/kw\/ar\/live-streaming\/\"}}","href_lang_slug_bh":"{\"en\":{\"bh\":\"https:\/\/bwarabia.com\/bh\/live-streaming\/\"},\"ar\":{\"bh\":\"https:\/\/bwarabia.com\/bh\/ar\/live-streaming\/\"}}","href_lang_slug_om":"{\"en\":{\"om\":\"https:\/\/bwarabia.com\/om\/live-streaming\/\"},\"ar\":{\"om\":\"https:\/\/bwarabia.com\/om\/ar\/live-streaming\/\"}}","href_lang_slug_jo":"{\"en\":{\"jo\":\"https:\/\/bwarabia.com\/jo\/live-streaming\/\"},\"ar\":{\"jo\":\"https:\/\/bwarabia.com\/jo\/ar\/live-streaming\/\"}}","href_lang_slug_qa":"{\"en\":{\"qa\":\"https:\/\/bwarabia.com\/qa\/live-streaming\/\"},\"ar\":{\"qa\":\"https:\/\/bwarabia.com\/qa\/ar\/live-streaming\/\"}}","href_lang_slug_tn":"{\"fr\":{\"tn\":\"https:\/\/bwarabia.com\/tn\/live-streaming\/\"},\"ar\":{\"tn\":\"https:\/\/bwarabia.com\/tn\/ar\/live-streaming\/\"}}","href_lang_slug_ma":"{\"fr\":{\"ma\":\"https:\/\/bwarabia.com\/ma\/en-direct\/\"},\"ar\":{\"ma\":\"https:\/\/bwarabia.com\/ma\/ar\/live-streaming\/\"}}","href_lang_slug_dz":"{\"ar\":{\"dz\":\"https:\/\/bwarabia.com\/dz\/ar\/live-streaming\/\"},\"fr\":{\"dz\":\"https:\/\/bwarabia.com\/dz\/diffusion-en-direct\/\"}}"},"class_list":["post-334","page","type-page","status-publish","hentry"],"acf":[],"yoast_head":"<!-- This site is optimized with the Yoast SEO plugin v27.2 - https:\/\/yoast.com\/product\/yoast-seo-wordpress\/ -->\n<title>Sports En Direct - Betway Morroco<\/title>\n<meta name=\"description\" content=\"Regardez vos \u00e9v\u00e9nements sportifs pr\u00e9f\u00e9r\u00e9s en direct avec Betway Arabia. Profitez d&#039;\u00e9missions de haute qualit\u00e9 et ne manquez jamais le match.\" \/>\n<meta name=\"robots\" content=\"index, follow, max-snippet:-1, max-image-preview:large, max-video-preview:-1\" \/>\n<link rel=\"canonical\" href=\"https:\/\/bwarabia.com\/ma\/fr\/en-direct\/\" \/>\n<meta property=\"og:locale\" content=\"fr_FR\" \/>\n<meta property=\"og:type\" content=\"article\" \/>\n<meta property=\"og:title\" content=\"Sports En Direct - Betway Morroco\" \/>\n<meta property=\"og:description\" content=\"Regardez vos \u00e9v\u00e9nements sportifs pr\u00e9f\u00e9r\u00e9s en direct avec Betway Arabia. Profitez d&#039;\u00e9missions de haute qualit\u00e9 et ne manquez jamais le match.\" \/>\n<meta property=\"og:url\" content=\"https:\/\/bwarabia.com\/ma\/fr\/en-direct\/\" \/>\n<meta property=\"og:site_name\" content=\"Betway Morroco\" \/>\n<meta property=\"article:modified_time\" content=\"2024-09-03T10:27:35+00:00\" \/>\n<meta name=\"twitter:card\" content=\"summary_large_image\" \/>\n<meta name=\"twitter:image\" content=\"https:\/\/bwarabia.com\/ma\/wp-content\/themes\/BWA_LLD_Tailwind_Theme\/assets\/img\/Open_graph_image.png\" \/>\n<script type=\"application\/ld+json\" class=\"yoast-schema-graph\">{\"@context\":\"https:\/\/schema.org\",\"@graph\":[{\"@type\":\"WebPage\",\"@id\":\"https:\/\/bwarabia.com\/ma\/en-direct\/\",\"url\":\"https:\/\/bwarabia.com\/ma\/fr\/en-direct\/\",\"name\":\"Sports En Direct - Betway Morroco\",\"isPartOf\":{\"@id\":\"https:\/\/bwarabia.com\/ma\/#website\"},\"datePublished\":\"2023-03-09T07:40:20+00:00\",\"dateModified\":\"2024-09-03T10:27:35+00:00\",\"description\":\"Regardez vos \u00e9v\u00e9nements sportifs pr\u00e9f\u00e9r\u00e9s en direct avec Betway Arabia. Profitez d'\u00e9missions de haute qualit\u00e9 et ne manquez jamais le match.\",\"breadcrumb\":{\"@id\":\"https:\/\/bwarabia.com\/ma\/fr\/en-direct\/#breadcrumb\"},\"inLanguage\":\"fr-FR\",\"potentialAction\":[{\"@type\":\"ReadAction\",\"target\":[\"https:\/\/bwarabia.com\/ma\/fr\/en-direct\/\"]}]},{\"@type\":\"BreadcrumbList\",\"@id\":\"https:\/\/bwarabia.com\/ma\/fr\/en-direct\/#breadcrumb\",\"itemListElement\":[{\"@type\":\"ListItem\",\"position\":1,\"name\":\"Home\",\"item\":\"https:\/\/bwarabia.com\/ma\/fr\/\"},{\"@type\":\"ListItem\",\"position\":2,\"name\":\"Sports En Direct\"}]},{\"@type\":\"WebSite\",\"@id\":\"https:\/\/bwarabia.com\/ma\/#website\",\"url\":\"https:\/\/bwarabia.com\/ma\/\",\"name\":\"Betway Morroco\",\"description\":\"\",\"publisher\":{\"@id\":\"https:\/\/bwarabia.com\/ma\/#organization\"},\"potentialAction\":[{\"@type\":\"SearchAction\",\"target\":{\"@type\":\"EntryPoint\",\"urlTemplate\":\"https:\/\/bwarabia.com\/ma\/?s={search_term_string}\"},\"query-input\":{\"@type\":\"PropertyValueSpecification\",\"valueRequired\":true,\"valueName\":\"search_term_string\"}}],\"inLanguage\":\"fr-FR\"},{\"@type\":\"Organization\",\"@id\":\"https:\/\/bwarabia.com\/ma\/#organization\",\"name\":\"Betway Morroco\",\"url\":\"https:\/\/bwarabia.com\/ma\/\",\"logo\":{\"@type\":\"ImageObject\",\"inLanguage\":\"fr-FR\",\"@id\":\"https:\/\/bwarabia.com\/ma\/#\/schema\/logo\/image\/\",\"url\":\"https:\/\/bwarabia.com\/ma\/wp-content\/uploads\/sites\/11\/2024\/01\/bw_arabia_new.png\",\"contentUrl\":\"https:\/\/bwarabia.com\/ma\/wp-content\/uploads\/sites\/11\/2024\/01\/bw_arabia_new.png\",\"width\":611,\"height\":176,\"caption\":\"Betway Morroco\"},\"image\":{\"@id\":\"https:\/\/bwarabia.com\/ma\/#\/schema\/logo\/image\/\"}}]}<\/script>\n<!-- \/ Yoast SEO plugin. -->","yoast_head_json":{"title":"Sports En Direct - Betway Morroco","description":"Regardez vos \u00e9v\u00e9nements sportifs pr\u00e9f\u00e9r\u00e9s en direct avec Betway Arabia. Profitez d'\u00e9missions de haute qualit\u00e9 et ne manquez jamais le match.","robots":{"index":"index","follow":"follow","max-snippet":"max-snippet:-1","max-image-preview":"max-image-preview:large","max-video-preview":"max-video-preview:-1"},"canonical":"https:\/\/bwarabia.com\/ma\/fr\/en-direct\/","og_locale":"fr_FR","og_type":"article","og_title":"Sports En Direct - Betway Morroco","og_description":"Regardez vos \u00e9v\u00e9nements sportifs pr\u00e9f\u00e9r\u00e9s en direct avec Betway Arabia. Profitez d'\u00e9missions de haute qualit\u00e9 et ne manquez jamais le match.","og_url":"https:\/\/bwarabia.com\/ma\/fr\/en-direct\/","og_site_name":"Betway Morroco","article_modified_time":"2024-09-03T10:27:35+00:00","twitter_card":"summary_large_image","twitter_image":"https:\/\/bwarabia.com\/ma\/wp-content\/themes\/BWA_LLD_Tailwind_Theme\/assets\/img\/Open_graph_image.png","schema":{"@context":"https:\/\/schema.org","@graph":[{"@type":"WebPage","@id":"https:\/\/bwarabia.com\/ma\/en-direct\/","url":"https:\/\/bwarabia.com\/ma\/fr\/en-direct\/","name":"Sports En Direct - Betway Morroco","isPartOf":{"@id":"https:\/\/bwarabia.com\/ma\/#website"},"datePublished":"2023-03-09T07:40:20+00:00","dateModified":"2024-09-03T10:27:35+00:00","description":"Regardez vos \u00e9v\u00e9nements sportifs pr\u00e9f\u00e9r\u00e9s en direct avec Betway Arabia. Profitez d'\u00e9missions de haute qualit\u00e9 et ne manquez jamais le match.","breadcrumb":{"@id":"https:\/\/bwarabia.com\/ma\/fr\/en-direct\/#breadcrumb"},"inLanguage":"fr-FR","potentialAction":[{"@type":"ReadAction","target":["https:\/\/bwarabia.com\/ma\/fr\/en-direct\/"]}]},{"@type":"BreadcrumbList","@id":"https:\/\/bwarabia.com\/ma\/fr\/en-direct\/#breadcrumb","itemListElement":[{"@type":"ListItem","position":1,"name":"Home","item":"https:\/\/bwarabia.com\/ma\/fr\/"},{"@type":"ListItem","position":2,"name":"Sports En Direct"}]},{"@type":"WebSite","@id":"https:\/\/bwarabia.com\/ma\/#website","url":"https:\/\/bwarabia.com\/ma\/","name":"Betway Morroco","description":"","publisher":{"@id":"https:\/\/bwarabia.com\/ma\/#organization"},"potentialAction":[{"@type":"SearchAction","target":{"@type":"EntryPoint","urlTemplate":"https:\/\/bwarabia.com\/ma\/?s={search_term_string}"},"query-input":{"@type":"PropertyValueSpecification","valueRequired":true,"valueName":"search_term_string"}}],"inLanguage":"fr-FR"},{"@type":"Organization","@id":"https:\/\/bwarabia.com\/ma\/#organization","name":"Betway Morroco","url":"https:\/\/bwarabia.com\/ma\/","logo":{"@type":"ImageObject","inLanguage":"fr-FR","@id":"https:\/\/bwarabia.com\/ma\/#\/schema\/logo\/image\/","url":"https:\/\/bwarabia.com\/ma\/wp-content\/uploads\/sites\/11\/2024\/01\/bw_arabia_new.png","contentUrl":"https:\/\/bwarabia.com\/ma\/wp-content\/uploads\/sites\/11\/2024\/01\/bw_arabia_new.png","width":611,"height":176,"caption":"Betway Morroco"},"image":{"@id":"https:\/\/bwarabia.com\/ma\/#\/schema\/logo\/image\/"}}]}},"_links":{"self":[{"href":"https:\/\/bwarabia.com\/ma\/wp-json\/wp\/v2\/pages\/334","targetHints":{"allow":["GET"]}}],"collection":[{"href":"https:\/\/bwarabia.com\/ma\/wp-json\/wp\/v2\/pages"}],"about":[{"href":"https:\/\/bwarabia.com\/ma\/wp-json\/wp\/v2\/types\/page"}],"author":[{"embeddable":true,"href":"https:\/\/bwarabia.com\/ma\/wp-json\/wp\/v2\/users\/1"}],"replies":[{"embeddable":true,"href":"https:\/\/bwarabia.com\/ma\/wp-json\/wp\/v2\/comments?post=334"}],"version-history":[{"count":5,"href":"https:\/\/bwarabia.com\/ma\/wp-json\/wp\/v2\/pages\/334\/revisions"}],"predecessor-version":[{"id":3651,"href":"https:\/\/bwarabia.com\/ma\/wp-json\/wp\/v2\/pages\/334\/revisions\/3651"}],"wp:attachment":[{"href":"https:\/\/bwarabia.com\/ma\/wp-json\/wp\/v2\/media?parent=334"}],"curies":[{"name":"wp","href":"https:\/\/api.w.org\/{rel}","templated":true}]}}