{"id":8237,"date":"2025-07-23T10:44:21","date_gmt":"2025-07-23T10:44:21","guid":{"rendered":"https:\/\/bwarabia.com\/ma\/casino-enligne\/jeux-de-cartes-en-ligne\/"},"modified":"2025-07-23T10:45:01","modified_gmt":"2025-07-23T10:45:01","slug":"jeux-de-cartes-en-ligne","status":"publish","type":"page","link":"https:\/\/bwarabia.com\/ma\/casino-enligne\/jeux-de-cartes-en-ligne\/","title":{"rendered":"Jeux de Cartes en Ligne en Maroc"},"content":{"rendered":"<h1>Jeux de Cartes en Ligne en Maroc<\/h1>\n<p><strong>D\u00e9couvrez l\u2019univers passionnant des jeux de cartes sur Betway<\/strong><\/p>\n<p>\u00c0 l\u2019\u00e8re num\u00e9rique, les <strong>jeux de cartes en ligne<\/strong> et les <strong>casinos virtuels<\/strong> sont devenus l\u2019un des divertissements pr\u00e9f\u00e9r\u00e9s de millions de personnes \u00e0 travers le monde \u2014 y compris en <strong>Maroc<\/strong>. Parmi les plateformes les plus r\u00e9put\u00e9es, <strong>Betway<\/strong> se distingue comme un leader incontest\u00e9 des casinos en ligne, en proposant une <strong>vaste gamme de jeux<\/strong>, incluant les incontournables <strong>blackjack<\/strong> et <strong>poker<\/strong>.<\/p>\n<p>Gr\u00e2ce \u00e0 ses services complets, son interface intuitive et son engagement envers la s\u00e9curit\u00e9 et la qualit\u00e9, <strong>Betway Maroc<\/strong> repr\u00e9sente le choix id\u00e9al pour tous les passionn\u00e9s de jeux de cartes qui souhaitent vivre une exp\u00e9rience immersive, s\u00e9curis\u00e9e et excitante.<\/p>\n<\/p>\n<h2><strong>Pourquoi Betway est-il le meilleur casino en ligne ?<\/strong><\/h2>\n<p>La plateforme Betway se distingue par un ensemble de <strong>fonctionnalit\u00e9s cl\u00e9s<\/strong> qui en font une destination de choix pour les amateurs de jeux de cartes en ligne en Maroc. Voici les principales raisons pour lesquelles Betway est pl\u00e9biscit\u00e9 par les joueurs :<\/p>\n<ol class=\"list-decimal pl-4 mb-4\">\n<li>\n<p><strong>Une interface fluide et conviviale <\/strong> Que vous soyez un joueur d\u00e9butant ou exp\u00e9riment\u00e9, la navigation sur Betway est simple et intuitive. L\u2019interface permet d\u2019acc\u00e9der rapidement aux jeux, de placer des mises facilement, et de vivre une exp\u00e9rience de jeu agr\u00e9able et sans interruption. <\/p>\n<\/li>\n<li>\n<p><strong>Un large \u00e9ventail de jeux de casino <\/strong> Outre les jeux de cartes comme le <strong>blackjack<\/strong> et le <strong>poker<\/strong>, la plateforme propose \u00e9galement d\u2019autres classiques du casino tels que la <strong>roulette<\/strong>, le <strong>baccarat<\/strong>, et une riche s\u00e9lection de <strong>machines \u00e0 sous<\/strong>. Il y a toujours quelque chose de nouveau \u00e0 d\u00e9couvrir. <\/p>\n<\/li>\n<li>\n<p><strong>S\u00e9curit\u00e9 et confidentialit\u00e9 des utilisateurs <\/strong> Betway accorde une importance primordiale \u00e0 la protection des donn\u00e9es et des fonds de ses utilisateurs. La plateforme utilise des <strong>technologies de cryptage de pointe<\/strong> pour garantir une exp\u00e9rience s\u00e9curis\u00e9e \u00e0 chaque \u00e9tape. <\/p>\n<\/li>\n<li>\n<p><strong>Service client disponible 24h\/24 et 7j\/7 <\/strong> Une assistance professionnelle est accessible \u00e0 tout moment, par <strong>chat en direct<\/strong> ou <strong>courriel<\/strong>, afin de r\u00e9pondre rapidement \u00e0 toutes vos questions et r\u00e9soudre d\u2019\u00e9ventuels probl\u00e8mes. <\/p>\n<\/li>\n<li>\n<p><strong>Des options de paiement vari\u00e9es et flexibles <\/strong> Betway prend en charge diff\u00e9rents moyens de paiement : cartes bancaires, portefeuilles \u00e9lectroniques, et autres solutions populaires, pour <strong>faciliter les d\u00e9p\u00f4ts et retraits en toute s\u00e9curit\u00e9<\/strong>. <\/p>\n<\/li>\n<\/ol>\n<h2><strong>Comment jouer au Blackjack en ligne ?<\/strong><\/h2>\n<p>Le <strong>blackjack<\/strong> est l\u2019un des jeux de cartes les plus populaires dans les casinos \u00e0 travers le monde. L\u2019objectif est d\u2019obtenir une main dont la valeur est la plus proche possible de <strong>21 points<\/strong>, sans jamais les d\u00e9passer.<\/p>\n<p><strong>R\u00e8gles de base :<\/strong><\/p>\n<ul class=\"list-disc pl-4 mb-4\">\n<li>\n<p>Chaque joueur re\u00e7oit <strong>deux cartes<\/strong>, tout comme le croupier. <\/p>\n<\/li>\n<li>\n<p>L\u2019une des cartes du croupier est visible, l\u2019autre est cach\u00e9e. <\/p>\n<\/li>\n<li>\n<p>Les cartes num\u00e9riques de 2 \u00e0 10 conservent leur valeur nominale. <\/p>\n<\/li>\n<li>\n<p>Les figures (Valet, Dame, Roi) valent <strong>10 points<\/strong>. <\/p>\n<\/li>\n<li>\n<p>L\u2019As vaut <strong>1 ou 11 points<\/strong>, selon ce qui avantage le joueur. <\/p>\n<\/li>\n<\/ul>\n<p>Une fois les premi\u00e8res cartes distribu\u00e9es, vous avez deux choix :<\/p>\n<ul class=\"list-disc pl-4 mb-4\">\n<li>\n<p><strong>Tirer une carte (Hit)<\/strong> pour am\u00e9liorer votre main. <\/p>\n<\/li>\n<li>\n<p><strong>Rester (Stand)<\/strong> si vous \u00eates satisfait de votre total. <\/p>\n<\/li>\n<\/ul>\n<p>Le croupier doit continuer \u00e0 tirer des cartes jusqu\u2019\u00e0 atteindre <strong>au moins 17 points<\/strong>. Si votre main d\u00e9passe 21, vous perdez automatiquement. Si votre total est sup\u00e9rieur \u00e0 celui du croupier sans d\u00e9passer 21, vous remportez la partie.<\/p>\n<\/p>\n<h2><strong>Comment jouer au Poker en ligne ?<\/strong><\/h2>\n<p>Le <strong>poker<\/strong> est un autre jeu de cartes embl\u00e9matique, reconnu pour sa complexit\u00e9 et les <strong>comp\u00e9tences strat\u00e9giques<\/strong> qu\u2019il requiert. Sur Betway Maroc, vous pouvez jouer \u00e0 diff\u00e9rentes variantes, notamment le <strong>Texas Hold&#8217;em<\/strong> \u2014 la version la plus populaire dans le monde.<\/p>\n<p><strong>Fonctionnement de base :<\/strong><\/p>\n<ul class=\"list-disc pl-4 mb-4\">\n<li>\n<p>Chaque joueur re\u00e7oit <strong>deux cartes priv\u00e9es<\/strong> (cartes ferm\u00e9es). <\/p>\n<\/li>\n<li>\n<p>Cinq <strong>cartes communes<\/strong> sont ensuite r\u00e9v\u00e9l\u00e9es progressivement au centre de la table : trois au flop, une au turn, et une au river. <\/p>\n<\/li>\n<li>\n<p>Les mises sont plac\u00e9es \u00e0 chaque \u00e9tape du tirage. <\/p>\n<\/li>\n<\/ul>\n<p>Le but est de former <strong>la meilleure combinaison de cinq cartes<\/strong> parmi les sept cartes disponibles (2 ferm\u00e9es + 5 communes). Les combinaisons gagnantes vont de la <strong>carte haute<\/strong> \u00e0 la <strong>quinte flush royale (Royal Flush)<\/strong>.<\/p>\n<p>Pour gagner au poker, il faut savoir :<\/p>\n<ul class=\"list-disc pl-4 mb-4\">\n<li>\n<p>Quand <strong>miser, suivre ou se coucher<\/strong>. <\/p>\n<\/li>\n<li>\n<p>Comment <strong>bluffer<\/strong> efficacement. <\/p>\n<\/li>\n<li>\n<p>Lire les comportements des autres joueurs. <\/p>\n<\/li>\n<li>\n<p>Adapter sa strat\u00e9gie selon la dynamique de la table. <\/p>\n<\/li>\n<\/ul>\n<h2><strong>Autres jeux de cartes et de casino propos\u00e9s par Betway<\/strong><\/h2>\n<p>Outre le blackjack et le poker, <strong>Betway Maroc<\/strong> propose de nombreuses autres exp\u00e9riences de jeu captivantes :<\/p>\n<p><strong>Roulette<\/strong><\/p>\n<p>Un grand classique du casino. Jouez \u00e0 diff\u00e9rentes variantes telles que la <strong>roulette europ\u00e9enne<\/strong>, <strong>am\u00e9ricaine<\/strong>, et <strong>fran\u00e7aise<\/strong>. Pariez sur un num\u00e9ro pr\u00e9cis, une couleur, ou un groupe de num\u00e9ros selon vos pr\u00e9f\u00e9rences.<\/p>\n<p><strong>Baccarat<\/strong><\/p>\n<p>Jeu de cartes simple et raffin\u00e9. Le but est de se rapprocher le plus possible de 9. Deux cartes sont distribu\u00e9es au joueur et au croupier, et la version gagnante est celle avec le total le plus proche de 9.<\/p>\n<p><strong>Machines \u00e0 sous (Slots)<\/strong><\/p>\n<p>Les <strong>slots<\/strong> sont parmi les jeux les plus divertissants du casino. Betway propose des centaines de jeux, des <strong>machines \u00e0 3 rouleaux classiques<\/strong> aux jeux modernes avec <strong>animations, jackpots progressifs et fonctionnalit\u00e9s interactives<\/strong>.<\/p>\n<p><strong>Casino en direct<\/strong><\/p>\n<p>Pour une exp\u00e9rience r\u00e9aliste, acc\u00e9dez au <strong>casino en direct de Betway<\/strong>. Jouez au blackjack, \u00e0 la roulette ou au baccarat avec de <strong>vrais croupiers en direct<\/strong>, dans une ambiance immersive retransmise en HD.<\/p>\n<\/p>\n<h2><strong>Pourquoi choisir Betway Maroc pour vos jeux de cartes en ligne ?<\/strong><\/h2>\n<p>Betway n\u2019est pas seulement un casino en ligne. C\u2019est une <strong>plateforme de divertissement compl\u00e8te<\/strong>, con\u00e7ue pour offrir aux joueurs une <strong>exp\u00e9rience in\u00e9gal\u00e9e<\/strong>. Voici ce que vous y trouverez :<\/p>\n<ul class=\"list-disc pl-4 mb-4\">\n<li>\n<p>Un <strong>large choix de jeux de cartes<\/strong> et de casino. <\/p>\n<\/li>\n<li>\n<p>Une <strong>s\u00e9curit\u00e9 renforc\u00e9e<\/strong> pour vos donn\u00e9es et transactions. <\/p>\n<\/li>\n<li>\n<p>Une interface <strong>fluide et adapt\u00e9e \u00e0 tous les appareils<\/strong>. <\/p>\n<\/li>\n<li>\n<p>Un <strong>support client professionnel<\/strong> disponible en continu. <\/p>\n<\/li>\n<li>\n<p>Des <strong>jeux en direct<\/strong> pour vivre des sensations proches du r\u00e9el. <\/p>\n<\/li>\n<\/ul>\n<h2><strong>Conclusion<\/strong><\/h2>\n<p>Si vous \u00eates \u00e0 la recherche de la <strong>meilleure exp\u00e9rience de jeu de cartes en ligne en Maroc<\/strong>, Betway est la destination id\u00e9ale. Gr\u00e2ce \u00e0 sa <strong>diversit\u00e9 de jeux<\/strong>, sa <strong>fiabilit\u00e9<\/strong>, et son <strong>environnement s\u00e9curis\u00e9<\/strong>, la plateforme r\u00e9pond \u00e0 toutes vos attentes \u2014 que vous pr\u00e9f\u00e9riez le <strong>blackjack<\/strong>, le <strong>poker<\/strong>, la <strong>roulette<\/strong> ou les <strong>machines \u00e0 sous<\/strong>.<\/p>\n<p>Rejoignez <strong>Betway Maroc<\/strong> d\u00e8s aujourd\u2019hui et d\u00e9couvrez le plaisir de jouer \u00e0 vos jeux de cartes pr\u00e9f\u00e9r\u00e9s <strong>o\u00f9 vous voulez et quand vous voulez<\/strong>, dans une atmosph\u00e8re \u00e9l\u00e9gante et professionnelle.<\/p><\/p>\n","protected":false},"excerpt":{"rendered":"<p>Jeux de Cartes en Ligne en Maroc D\u00e9couvrez l\u2019univers passionnant des jeux de cartes sur Betway \u00c0 l\u2019\u00e8re num\u00e9rique, les jeux de cartes en ligne et les casinos virtuels sont devenus l\u2019un des divertissements pr\u00e9f\u00e9r\u00e9s de millions de personnes \u00e0 travers le monde \u2014 y compris en Maroc. Parmi les plateformes les plus r\u00e9put\u00e9es, Betway [&hellip;]<\/p>\n","protected":false},"author":9,"featured_media":8234,"parent":302,"menu_order":0,"comment_status":"closed","ping_status":"closed","template":"newseopages.php","meta":{"_acf_changed":false,"_yoast_wpseo_title":"","_yoast_wpseo_metadesc":"Betway Maroc: Jouez aux meilleurs jeux de cartes en ligne : blackjack, poker, baccarat, roulette et plus. S\u00e9curit\u00e9, diversit\u00e9 et support 24h\/24.","footnotes":"","href_lang_slug_x_default":"","href_lang_slug_ae":"{\"en\":{\"ae\":\"https:\/\/bwarabia.com\/ae\/casino\/online-card-games\/\"},\"ar\":{\"ae\":\"https:\/\/bwarabia.com\/ae\/ar\/casino\/%d9%84%d8%b9%d8%a8%d8%a9-%d9%88%d8%b1%d9%82-%d8%b9%d9%84%d9%89-%d8%a7%d9%84%d8%a5%d9%86%d8%aa%d8%b1%d9%86%d8%aa\/\"},\"fr\":{\"ae\":\"\"}}","href_lang_slug_sa":"{\"en\":{\"sa\":\"https:\/\/bwarabia.com\/sa\/online-card-games\/\"},\"ar\":{\"sa\":\"https:\/\/bwarabia.com\/sa\/ar\/%d9%84%d8%b9%d8%a8%d8%a9-%d9%88%d8%b1%d9%82-%d8%b9%d9%84%d9%89-%d8%a7%d9%84%d8%a5%d9%86%d8%aa%d8%b1%d9%86%d8%aa\/\"},\"fr\":{\"sa\":\"\"}}","href_lang_slug_eg":"{\"en\":{\"eg\":\"https:\/\/bwarabia.com\/eg\/casino\/online-card-games\/\"},\"ar\":{\"eg\":\"https:\/\/bwarabia.com\/eg\/ar\/%d9%83%d8%a7%d8%b2%d9%8a%d9%86%d9%88-%d8%b9%d9%84%d9%89-%d8%a7%d9%84%d8%a5%d9%86%d8%aa%d8%b1%d9%86%d8%aa\/%d9%84%d8%b9%d8%a8%d8%a9-%d9%88%d8%b1%d9%82-%d8%b9%d9%84%d9%89-%d8%a7%d9%84%d8%a5%d9%86%d8%aa%d8%b1%d9%86%d8%aa\/\"},\"fr\":{\"eg\":\"\"}}","href_lang_slug_lb":"{\"en\":{\"lb\":\"https:\/\/bwarabia.com\/lb\/online-casino\/online-card-games\/\"},\"ar\":{\"lb\":\"https:\/\/bwarabia.com\/lb\/ar\/online-casino\/%d9%84%d8%b9%d8%a8%d8%a9-%d9%88%d8%b1%d9%82-%d8%b9%d9%84%d9%89-%d8%a7%d9%84%d8%a5%d9%86%d8%aa%d8%b1%d9%86%d8%aa\/\"},\"fr\":{\"lb\":\"\"}}","href_lang_slug_kw":"{\"en\":{\"kw\":\"https:\/\/bwarabia.com\/kw\/online-casino\/online-card-games\/\"},\"ar\":{\"kw\":\"https:\/\/bwarabia.com\/kw\/ar\/%d9%83%d8%a7%d8%b2%d9%8a%d9%86%d9%88-%d8%b9%d9%84%d9%89-%d8%a7%d9%84%d8%a7%d9%86%d8%aa%d8%b1%d9%86%d8%aa\/%d9%84%d8%b9%d8%a8%d8%a9-%d9%88%d8%b1%d9%82-%d8%b9%d9%84%d9%89-%d8%a7%d9%84%d8%a5%d9%86%d8%aa%d8%b1%d9%86%d8%aa\/\"},\"fr\":{\"kw\":\"\"}}","href_lang_slug_bh":"{\"en\":{\"bh\":\"https:\/\/bwarabia.com\/bh\/online-casino\/online-card-games\/\"},\"ar\":{\"bh\":\"https:\/\/bwarabia.com\/bh\/ar\/casino\/%d9%84%d8%b9%d8%a8%d8%a9-%d9%88%d8%b1%d9%82-%d8%b9%d9%84%d9%89-%d8%a7%d9%84%d8%a5%d9%86%d8%aa%d8%b1%d9%86%d8%aa\/\"},\"fr\":{\"bh\":\"\"}}","href_lang_slug_om":"{\"en\":{\"om\":\"https:\/\/bwarabia.com\/om\/online-casino-slots\/online-card-games\/\"},\"ar\":{\"om\":\"https:\/\/bwarabia.com\/om\/ar\/casino\/%d9%84%d8%b9%d8%a8%d8%a9-%d9%88%d8%b1%d9%82-%d8%b9%d9%84%d9%89-%d8%a7%d9%84%d8%a5%d9%86%d8%aa%d8%b1%d9%86%d8%aa\/\"},\"fr\":{\"om\":\"\"}}","href_lang_slug_jo":"{\"en\":{\"jo\":\"https:\/\/bwarabia.com\/jo\/online-casino\/online-card-games\/\"},\"ar\":{\"jo\":\"https:\/\/bwarabia.com\/jo\/ar\/online-casino\/%d9%84%d8%b9%d8%a8%d8%a9-%d9%88%d8%b1%d9%82-%d8%b9%d9%84%d9%89-%d8%a7%d9%84%d8%a5%d9%86%d8%aa%d8%b1%d9%86%d8%aa\/\"},\"fr\":{\"jo\":\"\"}}","href_lang_slug_qa":"{\"en\":{\"qa\":\"https:\/\/bwarabia.com\/qa\/online-casino-games\/online-card-games\/\"},\"ar\":{\"qa\":\"https:\/\/bwarabia.com\/qa\/ar\/casino\/%d9%84%d8%b9%d8%a8%d8%a9-%d9%88%d8%b1%d9%82-%d8%b9%d9%84%d9%89-%d8%a7%d9%84%d8%a5%d9%86%d8%aa%d8%b1%d9%86%d8%aa\/\"},\"fr\":{\"qa\":\"\"}}","href_lang_slug_tn":"{\"en\":{\"tn\":\"\"},\"ar\":{\"tn\":\"https:\/\/bwarabia.com\/tn\/ar\/casino\/%d9%84%d8%b9%d8%a8%d8%a9-%d9%88%d8%b1%d9%82-%d8%b9%d9%84%d9%89-%d8%a7%d9%84%d8%a5%d9%86%d8%aa%d8%b1%d9%86%d8%aa\/\"},\"fr\":{\"tn\":\"https:\/\/bwarabia.com\/tn\/fr\/casino-enligne\/jeux-de-cartes-en-ligne\/\"}}","href_lang_slug_ma":"{\"en\":{\"ma\":\"\"},\"ar\":{\"ma\":\"https:\/\/bwarabia.com\/ma\/ar\/casino\/%d9%84%d8%b9%d8%a8%d8%a9-%d9%88%d8%b1%d9%82-%d8%b9%d9%84%d9%89-%d8%a7%d9%84%d8%a5%d9%86%d8%aa%d8%b1%d9%86%d8%aa\/\"},\"fr\":{\"ma\":\"https:\/\/bwarabia.com\/ma\/fr\/casino-enligne\/jeux-de-cartes-en-ligne\/\"}}","href_lang_slug_dz":"{\"en\":{\"dz\":\"\"},\"ar\":{\"dz\":\"https:\/\/bwarabia.com\/dz\/ar\/casino\/%d9%84%d8%b9%d8%a8%d8%a9-%d9%88%d8%b1%d9%82-%d8%b9%d9%84%d9%89-%d8%a7%d9%84%d8%a5%d9%86%d8%aa%d8%b1%d9%86%d8%aa\/\"},\"fr\":{\"dz\":\"https:\/\/bwarabia.com\/dz\/fr\/casino-enligne\/jeux-de-cartes-en-ligne\/\"}}"},"class_list":["post-8237","page","type-page","status-publish","has-post-thumbnail","hentry"],"acf":[],"yoast_head":"<!-- This site is optimized with the Yoast SEO plugin v27.2 - https:\/\/yoast.com\/product\/yoast-seo-wordpress\/ -->\n<title>Jeux de Cartes en Ligne en Maroc - Betway Morroco<\/title>\n<meta name=\"description\" content=\"Betway Maroc: Jouez aux meilleurs jeux de cartes en ligne : blackjack, poker, baccarat, roulette et plus. S\u00e9curit\u00e9, diversit\u00e9 et support 24h\/24.\" \/>\n<meta name=\"robots\" content=\"index, follow, max-snippet:-1, max-image-preview:large, max-video-preview:-1\" \/>\n<link rel=\"canonical\" href=\"https:\/\/bwarabia.com\/ma\/casino-enligne\/jeux-de-cartes-en-ligne\/\" \/>\n<meta property=\"og:locale\" content=\"fr_FR\" \/>\n<meta property=\"og:type\" content=\"article\" \/>\n<meta property=\"og:title\" content=\"Jeux de Cartes en Ligne en Maroc - Betway Morroco\" \/>\n<meta property=\"og:description\" content=\"Betway Maroc: Jouez aux meilleurs jeux de cartes en ligne : blackjack, poker, baccarat, roulette et plus. S\u00e9curit\u00e9, diversit\u00e9 et support 24h\/24.\" \/>\n<meta property=\"og:url\" content=\"https:\/\/bwarabia.com\/ma\/casino-enligne\/jeux-de-cartes-en-ligne\/\" \/>\n<meta property=\"og:site_name\" content=\"Betway Morroco\" \/>\n<meta property=\"article:modified_time\" content=\"2025-07-23T10:45:01+00:00\" \/>\n<meta property=\"og:image\" content=\"https:\/\/bwarabia.com\/ma\/wp-content\/themes\/BWA_LLD_Tailwind_Theme\/assets\/img\/Open_graph_image.png\" \/>\n\t<meta property=\"og:image:width\" content=\"825\" \/>\n\t<meta property=\"og:image:height\" content=\"465\" \/>\n\t<meta property=\"og:image:type\" content=\"image\/jpeg\" \/>\n<meta name=\"twitter:card\" content=\"summary_large_image\" \/>\n<meta name=\"twitter:image\" content=\"https:\/\/bwarabia.com\/ma\/wp-content\/themes\/BWA_LLD_Tailwind_Theme\/assets\/img\/Open_graph_image.png\" \/>\n<meta name=\"twitter:label1\" content=\"Dur\u00e9e de lecture estim\u00e9e\" \/>\n\t<meta name=\"twitter:data1\" content=\"5 minutes\" \/>\n<script type=\"application\/ld+json\" class=\"yoast-schema-graph\">{\"@context\":\"https:\/\/schema.org\",\"@graph\":[{\"@type\":\"WebPage\",\"@id\":\"https:\/\/bwarabia.com\/ma\/casino-enligne\/jeux-de-cartes-en-ligne\/\",\"url\":\"https:\/\/bwarabia.com\/ma\/casino-enligne\/jeux-de-cartes-en-ligne\/\",\"name\":\"Jeux de Cartes en Ligne en Maroc - Betway Morroco\",\"isPartOf\":{\"@id\":\"https:\/\/bwarabia.com\/ma\/#website\"},\"primaryImageOfPage\":{\"@id\":\"https:\/\/bwarabia.com\/ma\/casino-enligne\/jeux-de-cartes-en-ligne\/#primaryimage\"},\"image\":{\"@id\":\"https:\/\/bwarabia.com\/ma\/casino-enligne\/jeux-de-cartes-en-ligne\/#primaryimage\"},\"thumbnailUrl\":\"https:\/\/bwarabia.com\/ma\/wp-content\/uploads\/sites\/11\/2025\/07\/cards-english-1.jpg\",\"datePublished\":\"2025-07-23T10:44:21+00:00\",\"dateModified\":\"2025-07-23T10:45:01+00:00\",\"description\":\"Betway Maroc: Jouez aux meilleurs jeux de cartes en ligne : blackjack, poker, baccarat, roulette et plus. S\u00e9curit\u00e9, diversit\u00e9 et support 24h\/24.\",\"breadcrumb\":{\"@id\":\"https:\/\/bwarabia.com\/ma\/casino-enligne\/jeux-de-cartes-en-ligne\/#breadcrumb\"},\"inLanguage\":\"fr-FR\",\"potentialAction\":[{\"@type\":\"ReadAction\",\"target\":[\"https:\/\/bwarabia.com\/ma\/casino-enligne\/jeux-de-cartes-en-ligne\/\"]}]},{\"@type\":\"ImageObject\",\"inLanguage\":\"fr-FR\",\"@id\":\"https:\/\/bwarabia.com\/ma\/casino-enligne\/jeux-de-cartes-en-ligne\/#primaryimage\",\"url\":\"https:\/\/bwarabia.com\/ma\/wp-content\/uploads\/sites\/11\/2025\/07\/cards-english-1.jpg\",\"contentUrl\":\"https:\/\/bwarabia.com\/ma\/wp-content\/uploads\/sites\/11\/2025\/07\/cards-english-1.jpg\",\"width\":825,\"height\":465,\"caption\":\"Jeux de Cartes en Ligne en Maroc\"},{\"@type\":\"BreadcrumbList\",\"@id\":\"https:\/\/bwarabia.com\/ma\/casino-enligne\/jeux-de-cartes-en-ligne\/#breadcrumb\",\"itemListElement\":[{\"@type\":\"ListItem\",\"position\":1,\"name\":\"Home\",\"item\":\"https:\/\/bwarabia.com\/ma\/fr\/\"},{\"@type\":\"ListItem\",\"position\":2,\"name\":\"casino\",\"item\":\"https:\/\/bwarabia.com\/ma\/fr\/casino-enligne\/\"},{\"@type\":\"ListItem\",\"position\":3,\"name\":\"Jeux de Cartes en Ligne en Maroc\"}]},{\"@type\":\"WebSite\",\"@id\":\"https:\/\/bwarabia.com\/ma\/#website\",\"url\":\"https:\/\/bwarabia.com\/ma\/\",\"name\":\"Betway Morroco\",\"description\":\"\",\"publisher\":{\"@id\":\"https:\/\/bwarabia.com\/ma\/#organization\"},\"potentialAction\":[{\"@type\":\"SearchAction\",\"target\":{\"@type\":\"EntryPoint\",\"urlTemplate\":\"https:\/\/bwarabia.com\/ma\/?s={search_term_string}\"},\"query-input\":{\"@type\":\"PropertyValueSpecification\",\"valueRequired\":true,\"valueName\":\"search_term_string\"}}],\"inLanguage\":\"fr-FR\"},{\"@type\":\"Organization\",\"@id\":\"https:\/\/bwarabia.com\/ma\/#organization\",\"name\":\"Betway Morroco\",\"url\":\"https:\/\/bwarabia.com\/ma\/\",\"logo\":{\"@type\":\"ImageObject\",\"inLanguage\":\"fr-FR\",\"@id\":\"https:\/\/bwarabia.com\/ma\/#\/schema\/logo\/image\/\",\"url\":\"https:\/\/bwarabia.com\/ma\/wp-content\/uploads\/sites\/11\/2024\/01\/bw_arabia_new.png\",\"contentUrl\":\"https:\/\/bwarabia.com\/ma\/wp-content\/uploads\/sites\/11\/2024\/01\/bw_arabia_new.png\",\"width\":611,\"height\":176,\"caption\":\"Betway Morroco\"},\"image\":{\"@id\":\"https:\/\/bwarabia.com\/ma\/#\/schema\/logo\/image\/\"}}]}<\/script>\n<!-- \/ Yoast SEO plugin. -->","yoast_head_json":{"title":"Jeux de Cartes en Ligne en Maroc - Betway Morroco","description":"Betway Maroc: Jouez aux meilleurs jeux de cartes en ligne : blackjack, poker, baccarat, roulette et plus. S\u00e9curit\u00e9, diversit\u00e9 et support 24h\/24.","robots":{"index":"index","follow":"follow","max-snippet":"max-snippet:-1","max-image-preview":"max-image-preview:large","max-video-preview":"max-video-preview:-1"},"canonical":"https:\/\/bwarabia.com\/ma\/casino-enligne\/jeux-de-cartes-en-ligne\/","og_locale":"fr_FR","og_type":"article","og_title":"Jeux de Cartes en Ligne en Maroc - Betway Morroco","og_description":"Betway Maroc: Jouez aux meilleurs jeux de cartes en ligne : blackjack, poker, baccarat, roulette et plus. S\u00e9curit\u00e9, diversit\u00e9 et support 24h\/24.","og_url":"https:\/\/bwarabia.com\/ma\/casino-enligne\/jeux-de-cartes-en-ligne\/","og_site_name":"Betway Morroco","article_modified_time":"2025-07-23T10:45:01+00:00","og_image":[{"width":825,"height":465,"url":"https:\/\/bwarabia.com\/ma\/wp-content\/themes\/BWA_LLD_Tailwind_Theme\/assets\/img\/Open_graph_image.png","type":"image\/jpeg"}],"twitter_card":"summary_large_image","twitter_image":"https:\/\/bwarabia.com\/ma\/wp-content\/themes\/BWA_LLD_Tailwind_Theme\/assets\/img\/Open_graph_image.png","twitter_misc":{"Dur\u00e9e de lecture estim\u00e9e":"5 minutes"},"schema":{"@context":"https:\/\/schema.org","@graph":[{"@type":"WebPage","@id":"https:\/\/bwarabia.com\/ma\/casino-enligne\/jeux-de-cartes-en-ligne\/","url":"https:\/\/bwarabia.com\/ma\/casino-enligne\/jeux-de-cartes-en-ligne\/","name":"Jeux de Cartes en Ligne en Maroc - Betway Morroco","isPartOf":{"@id":"https:\/\/bwarabia.com\/ma\/#website"},"primaryImageOfPage":{"@id":"https:\/\/bwarabia.com\/ma\/casino-enligne\/jeux-de-cartes-en-ligne\/#primaryimage"},"image":{"@id":"https:\/\/bwarabia.com\/ma\/casino-enligne\/jeux-de-cartes-en-ligne\/#primaryimage"},"thumbnailUrl":"https:\/\/bwarabia.com\/ma\/wp-content\/uploads\/sites\/11\/2025\/07\/cards-english-1.jpg","datePublished":"2025-07-23T10:44:21+00:00","dateModified":"2025-07-23T10:45:01+00:00","description":"Betway Maroc: Jouez aux meilleurs jeux de cartes en ligne : blackjack, poker, baccarat, roulette et plus. S\u00e9curit\u00e9, diversit\u00e9 et support 24h\/24.","breadcrumb":{"@id":"https:\/\/bwarabia.com\/ma\/casino-enligne\/jeux-de-cartes-en-ligne\/#breadcrumb"},"inLanguage":"fr-FR","potentialAction":[{"@type":"ReadAction","target":["https:\/\/bwarabia.com\/ma\/casino-enligne\/jeux-de-cartes-en-ligne\/"]}]},{"@type":"ImageObject","inLanguage":"fr-FR","@id":"https:\/\/bwarabia.com\/ma\/casino-enligne\/jeux-de-cartes-en-ligne\/#primaryimage","url":"https:\/\/bwarabia.com\/ma\/wp-content\/uploads\/sites\/11\/2025\/07\/cards-english-1.jpg","contentUrl":"https:\/\/bwarabia.com\/ma\/wp-content\/uploads\/sites\/11\/2025\/07\/cards-english-1.jpg","width":825,"height":465,"caption":"Jeux de Cartes en Ligne en Maroc"},{"@type":"BreadcrumbList","@id":"https:\/\/bwarabia.com\/ma\/casino-enligne\/jeux-de-cartes-en-ligne\/#breadcrumb","itemListElement":[{"@type":"ListItem","position":1,"name":"Home","item":"https:\/\/bwarabia.com\/ma\/fr\/"},{"@type":"ListItem","position":2,"name":"casino","item":"https:\/\/bwarabia.com\/ma\/fr\/casino-enligne\/"},{"@type":"ListItem","position":3,"name":"Jeux de Cartes en Ligne en Maroc"}]},{"@type":"WebSite","@id":"https:\/\/bwarabia.com\/ma\/#website","url":"https:\/\/bwarabia.com\/ma\/","name":"Betway Morroco","description":"","publisher":{"@id":"https:\/\/bwarabia.com\/ma\/#organization"},"potentialAction":[{"@type":"SearchAction","target":{"@type":"EntryPoint","urlTemplate":"https:\/\/bwarabia.com\/ma\/?s={search_term_string}"},"query-input":{"@type":"PropertyValueSpecification","valueRequired":true,"valueName":"search_term_string"}}],"inLanguage":"fr-FR"},{"@type":"Organization","@id":"https:\/\/bwarabia.com\/ma\/#organization","name":"Betway Morroco","url":"https:\/\/bwarabia.com\/ma\/","logo":{"@type":"ImageObject","inLanguage":"fr-FR","@id":"https:\/\/bwarabia.com\/ma\/#\/schema\/logo\/image\/","url":"https:\/\/bwarabia.com\/ma\/wp-content\/uploads\/sites\/11\/2024\/01\/bw_arabia_new.png","contentUrl":"https:\/\/bwarabia.com\/ma\/wp-content\/uploads\/sites\/11\/2024\/01\/bw_arabia_new.png","width":611,"height":176,"caption":"Betway Morroco"},"image":{"@id":"https:\/\/bwarabia.com\/ma\/#\/schema\/logo\/image\/"}}]}},"_links":{"self":[{"href":"https:\/\/bwarabia.com\/ma\/wp-json\/wp\/v2\/pages\/8237","targetHints":{"allow":["GET"]}}],"collection":[{"href":"https:\/\/bwarabia.com\/ma\/wp-json\/wp\/v2\/pages"}],"about":[{"href":"https:\/\/bwarabia.com\/ma\/wp-json\/wp\/v2\/types\/page"}],"author":[{"embeddable":true,"href":"https:\/\/bwarabia.com\/ma\/wp-json\/wp\/v2\/users\/9"}],"replies":[{"embeddable":true,"href":"https:\/\/bwarabia.com\/ma\/wp-json\/wp\/v2\/comments?post=8237"}],"version-history":[{"count":1,"href":"https:\/\/bwarabia.com\/ma\/wp-json\/wp\/v2\/pages\/8237\/revisions"}],"predecessor-version":[{"id":8239,"href":"https:\/\/bwarabia.com\/ma\/wp-json\/wp\/v2\/pages\/8237\/revisions\/8239"}],"up":[{"embeddable":true,"href":"https:\/\/bwarabia.com\/ma\/wp-json\/wp\/v2\/pages\/302"}],"wp:featuredmedia":[{"embeddable":true,"href":"https:\/\/bwarabia.com\/ma\/wp-json\/wp\/v2\/media\/8234"}],"wp:attachment":[{"href":"https:\/\/bwarabia.com\/ma\/wp-json\/wp\/v2\/media?parent=8237"}],"curies":[{"name":"wp","href":"https:\/\/api.w.org\/{rel}","templated":true}]}}