{"id":621,"date":"2023-03-21T06:14:52","date_gmt":"2023-03-21T06:14:52","guid":{"rendered":"https:\/\/bwarabia.com\/tn\/academy"},"modified":"2025-08-27T12:28:40","modified_gmt":"2025-08-27T12:28:40","slug":"academy","status":"publish","type":"page","link":"https:\/\/bwarabia.com\/tn\/academy\/","title":{"rendered":"Academie"},"content":{"rendered":"","protected":false},"excerpt":{"rendered":"","protected":false},"author":1,"featured_media":1825,"parent":0,"menu_order":0,"comment_status":"closed","ping_status":"closed","template":"academy.php","meta":{"_acf_changed":false,"_yoast_wpseo_title":"Academie Betway: Strat\u00e9gies de Pari pour la Tunisie","_yoast_wpseo_metadesc":"D\u00e9couvrez les strat\u00e9gies de pari gagnantes avec l'Academie Betway, adapt\u00e9es \u00e0 nos membres en Tunisie. De l'apprentissage des meilleures techniques de pari \u00e0 l'exploitation des promotions Betway, notre Acad\u00e9mie est votre alli\u00e9e pour des paris r\u00e9ussis.","footnotes":"","href_lang_slug_x_default":"","href_lang_slug_ae":"{\"ar\":{\"ae\":\"https:\/\/bwarabia.com\/ae\/ar\/academy\/\"},\"en\":{\"ae\":\"https:\/\/bwarabia.com\/ae\/academy\/\"}}","href_lang_slug_sa":"{\"ar\":{\"sa\":\"https:\/\/bwarabia.com\/sa\/ar\/academy\/\"},\"en\":{\"sa\":\"https:\/\/bwarabia.com\/sa\/academy\/\"}}","href_lang_slug_eg":"{\"ar\":{\"eg\":\"https:\/\/bwarabia.com\/eg\/ar\/academy\/\"},\"en\":{\"eg\":\"https:\/\/bwarabia.com\/eg\/academy\/\"}}","href_lang_slug_lb":"{\"ar\":{\"lb\":\"https:\/\/bwarabia.com\/lb\/ar\/academy\/\"},\"en\":{\"lb\":\"https:\/\/bwarabia.com\/lb\/academy\/\"}}","href_lang_slug_kw":"{\"ar\":{\"kw\":\"https:\/\/bwarabia.com\/kw\/ar\/academy\/\"},\"en\":{\"kw\":\"https:\/\/bwarabia.com\/kw\/academy\/\"}}","href_lang_slug_bh":"{\"ar\":{\"bh\":\"https:\/\/bwarabia.com\/bh\/ar\/academy\/\"},\"en\":{\"bh\":\"https:\/\/bwarabia.com\/bh\/academy\/\"}}","href_lang_slug_om":"{\"ar\":{\"om\":\"https:\/\/bwarabia.com\/om\/ar\/academy\/\"},\"en\":{\"om\":\"https:\/\/bwarabia.com\/om\/academy\/\"}}","href_lang_slug_jo":"{\"ar\":{\"jo\":\"https:\/\/bwarabia.com\/jo\/ar\/academy\/\"},\"en\":{\"jo\":\"https:\/\/bwarabia.com\/jo\/academy\/\"}}","href_lang_slug_qa":"{\"ar\":{\"qa\":\"https:\/\/bwarabia.com\/qa\/ar\/academy\/\"},\"en\":{\"qa\":\"https:\/\/bwarabia.com\/qa\/academy\/\"}}","href_lang_slug_tn":"{\"ar\":{\"tn\":\"https:\/\/bwarabia.com\/tn\/ar\/academy\/\"},\"fr\":{\"tn\":\"https:\/\/bwarabia.com\/tn\/fr\/academy\/\"}}","href_lang_slug_ma":"{\"ar\":{\"ma\":\"https:\/\/bwarabia.com\/ma\/ar\/academy\/\"},\"fr\":{\"ma\":\"https:\/\/bwarabia.com\/ma\/fr\/academy\/\"}}","href_lang_slug_dz":"{\"ar\":{\"dz\":\"https:\/\/bwarabia.com\/dz\/ar\/academy\/\"},\"fr\":{\"dz\":\"https:\/\/bwarabia.com\/dz\/fr\/academy\/\"}}"},"class_list":["post-621","page","type-page","status-publish","has-post-thumbnail","hentry"],"acf":[],"yoast_head":"<!-- This site is optimized with the Yoast SEO plugin v27.2 - https:\/\/yoast.com\/product\/yoast-seo-wordpress\/ -->\n<title>Academie Betway: Strat\u00e9gies de Pari pour la Tunisie<\/title>\n<meta name=\"description\" content=\"D\u00e9couvrez les strat\u00e9gies de pari gagnantes avec l&#039;Academie Betway, adapt\u00e9es \u00e0 nos membres en Tunisie. De l&#039;apprentissage des meilleures techniques de pari \u00e0 l&#039;exploitation des promotions Betway, notre Acad\u00e9mie est votre alli\u00e9e pour des paris r\u00e9ussis.\" \/>\n<meta name=\"robots\" content=\"index, follow, max-snippet:-1, max-image-preview:large, max-video-preview:-1\" \/>\n<link rel=\"canonical\" href=\"https:\/\/bwarabia.com\/tn\/academy\/\" \/>\n<meta property=\"og:locale\" content=\"fr_FR\" \/>\n<meta property=\"og:type\" content=\"article\" \/>\n<meta property=\"og:title\" content=\"Academie Betway: Strat\u00e9gies de Pari pour la Tunisie\" \/>\n<meta property=\"og:description\" content=\"D\u00e9couvrez les strat\u00e9gies de pari gagnantes avec l&#039;Academie Betway, adapt\u00e9es \u00e0 nos membres en Tunisie. De l&#039;apprentissage des meilleures techniques de pari \u00e0 l&#039;exploitation des promotions Betway, notre Acad\u00e9mie est votre alli\u00e9e pour des paris r\u00e9ussis.\" \/>\n<meta property=\"og:url\" content=\"https:\/\/bwarabia.com\/tn\/academy\/\" \/>\n<meta property=\"og:site_name\" content=\"Betway Tunisia\" \/>\n<meta property=\"article:modified_time\" content=\"2025-08-27T12:28:40+00:00\" \/>\n<meta property=\"og:image\" content=\"https:\/\/bwarabia.com\/tn\/wp-content\/themes\/BWA_LLD_Tailwind_Theme\/assets\/img\/Open_graph_image.png\" \/>\n\t<meta property=\"og:image:width\" content=\"825\" \/>\n\t<meta property=\"og:image:height\" content=\"425\" \/>\n\t<meta property=\"og:image:type\" content=\"image\/jpeg\" \/>\n<meta name=\"twitter:card\" content=\"summary_large_image\" \/>\n<meta name=\"twitter:image\" content=\"https:\/\/bwarabia.com\/tn\/wp-content\/themes\/BWA_LLD_Tailwind_Theme\/assets\/img\/Open_graph_image.png\" \/>\n<meta name=\"twitter:label1\" content=\"Dur\u00e9e de lecture estim\u00e9e\" \/>\n\t<meta name=\"twitter:data1\" content=\"1 minute\" \/>\n<script type=\"application\/ld+json\" class=\"yoast-schema-graph\">{\"@context\":\"https:\/\/schema.org\",\"@graph\":[{\"@type\":\"WebPage\",\"@id\":\"https:\/\/bwarabia.com\/tn\/academy\/\",\"url\":\"https:\/\/bwarabia.com\/tn\/academy\/\",\"name\":\"Academie Betway: Strat\u00e9gies de Pari pour la Tunisie\",\"isPartOf\":{\"@id\":\"https:\/\/bwarabia.com\/tn\/#website\"},\"primaryImageOfPage\":{\"@id\":\"https:\/\/bwarabia.com\/tn\/academy\/#primaryimage\"},\"image\":{\"@id\":\"https:\/\/bwarabia.com\/tn\/academy\/#primaryimage\"},\"thumbnailUrl\":\"https:\/\/bwarabia.com\/tn\/wp-content\/uploads\/sites\/16\/2023\/04\/betway-arabia.jpg\",\"datePublished\":\"2023-03-21T06:14:52+00:00\",\"dateModified\":\"2025-08-27T12:28:40+00:00\",\"description\":\"D\u00e9couvrez les strat\u00e9gies de pari gagnantes avec l'Academie Betway, adapt\u00e9es \u00e0 nos membres en Tunisie. De l'apprentissage des meilleures techniques de pari \u00e0 l'exploitation des promotions Betway, notre Acad\u00e9mie est votre alli\u00e9e pour des paris r\u00e9ussis.\",\"breadcrumb\":{\"@id\":\"https:\/\/bwarabia.com\/tn\/academy\/#breadcrumb\"},\"inLanguage\":\"fr-FR\",\"potentialAction\":[{\"@type\":\"ReadAction\",\"target\":[\"https:\/\/bwarabia.com\/tn\/academy\/\"]}]},{\"@type\":\"ImageObject\",\"inLanguage\":\"fr-FR\",\"@id\":\"https:\/\/bwarabia.com\/tn\/academy\/#primaryimage\",\"url\":\"https:\/\/bwarabia.com\/tn\/wp-content\/uploads\/sites\/16\/2023\/04\/betway-arabia.jpg\",\"contentUrl\":\"https:\/\/bwarabia.com\/tn\/wp-content\/uploads\/sites\/16\/2023\/04\/betway-arabia.jpg\",\"width\":825,\"height\":425,\"caption\":\"Ic\u00f4ne de favori Betway Arabia\"},{\"@type\":\"BreadcrumbList\",\"@id\":\"https:\/\/bwarabia.com\/tn\/academy\/#breadcrumb\",\"itemListElement\":[{\"@type\":\"ListItem\",\"position\":1,\"name\":\"Home\",\"item\":\"https:\/\/bwarabia.com\/tn\/fr\/\"},{\"@type\":\"ListItem\",\"position\":2,\"name\":\"Academie\"}]},{\"@type\":\"WebSite\",\"@id\":\"https:\/\/bwarabia.com\/tn\/#website\",\"url\":\"https:\/\/bwarabia.com\/tn\/\",\"name\":\"Betway Tunisia\",\"description\":\"\",\"publisher\":{\"@id\":\"https:\/\/bwarabia.com\/tn\/#organization\"},\"potentialAction\":[{\"@type\":\"SearchAction\",\"target\":{\"@type\":\"EntryPoint\",\"urlTemplate\":\"https:\/\/bwarabia.com\/tn\/?s={search_term_string}\"},\"query-input\":{\"@type\":\"PropertyValueSpecification\",\"valueRequired\":true,\"valueName\":\"search_term_string\"}}],\"inLanguage\":\"fr-FR\"},{\"@type\":\"Organization\",\"@id\":\"https:\/\/bwarabia.com\/tn\/#organization\",\"name\":\"Betway Tunisia\",\"url\":\"https:\/\/bwarabia.com\/tn\/\",\"logo\":{\"@type\":\"ImageObject\",\"inLanguage\":\"fr-FR\",\"@id\":\"https:\/\/bwarabia.com\/tn\/#\/schema\/logo\/image\/\",\"url\":\"https:\/\/bwarabia.com\/tn\/wp-content\/uploads\/sites\/16\/2024\/01\/bw_arabia_new.png\",\"contentUrl\":\"https:\/\/bwarabia.com\/tn\/wp-content\/uploads\/sites\/16\/2024\/01\/bw_arabia_new.png\",\"width\":611,\"height\":176,\"caption\":\"Betway Tunisia\"},\"image\":{\"@id\":\"https:\/\/bwarabia.com\/tn\/#\/schema\/logo\/image\/\"}}]}<\/script>\n<!-- \/ Yoast SEO plugin. -->","yoast_head_json":{"title":"Academie Betway: Strat\u00e9gies de Pari pour la Tunisie","description":"D\u00e9couvrez les strat\u00e9gies de pari gagnantes avec l'Academie Betway, adapt\u00e9es \u00e0 nos membres en Tunisie. De l'apprentissage des meilleures techniques de pari \u00e0 l'exploitation des promotions Betway, notre Acad\u00e9mie est votre alli\u00e9e pour des paris r\u00e9ussis.","robots":{"index":"index","follow":"follow","max-snippet":"max-snippet:-1","max-image-preview":"max-image-preview:large","max-video-preview":"max-video-preview:-1"},"canonical":"https:\/\/bwarabia.com\/tn\/academy\/","og_locale":"fr_FR","og_type":"article","og_title":"Academie Betway: Strat\u00e9gies de Pari pour la Tunisie","og_description":"D\u00e9couvrez les strat\u00e9gies de pari gagnantes avec l'Academie Betway, adapt\u00e9es \u00e0 nos membres en Tunisie. De l'apprentissage des meilleures techniques de pari \u00e0 l'exploitation des promotions Betway, notre Acad\u00e9mie est votre alli\u00e9e pour des paris r\u00e9ussis.","og_url":"https:\/\/bwarabia.com\/tn\/academy\/","og_site_name":"Betway Tunisia","article_modified_time":"2025-08-27T12:28:40+00:00","og_image":[{"width":825,"height":425,"url":"https:\/\/bwarabia.com\/tn\/wp-content\/themes\/BWA_LLD_Tailwind_Theme\/assets\/img\/Open_graph_image.png","type":"image\/jpeg"}],"twitter_card":"summary_large_image","twitter_image":"https:\/\/bwarabia.com\/tn\/wp-content\/themes\/BWA_LLD_Tailwind_Theme\/assets\/img\/Open_graph_image.png","twitter_misc":{"Dur\u00e9e de lecture estim\u00e9e":"1 minute"},"schema":{"@context":"https:\/\/schema.org","@graph":[{"@type":"WebPage","@id":"https:\/\/bwarabia.com\/tn\/academy\/","url":"https:\/\/bwarabia.com\/tn\/academy\/","name":"Academie Betway: Strat\u00e9gies de Pari pour la Tunisie","isPartOf":{"@id":"https:\/\/bwarabia.com\/tn\/#website"},"primaryImageOfPage":{"@id":"https:\/\/bwarabia.com\/tn\/academy\/#primaryimage"},"image":{"@id":"https:\/\/bwarabia.com\/tn\/academy\/#primaryimage"},"thumbnailUrl":"https:\/\/bwarabia.com\/tn\/wp-content\/uploads\/sites\/16\/2023\/04\/betway-arabia.jpg","datePublished":"2023-03-21T06:14:52+00:00","dateModified":"2025-08-27T12:28:40+00:00","description":"D\u00e9couvrez les strat\u00e9gies de pari gagnantes avec l'Academie Betway, adapt\u00e9es \u00e0 nos membres en Tunisie. De l'apprentissage des meilleures techniques de pari \u00e0 l'exploitation des promotions Betway, notre Acad\u00e9mie est votre alli\u00e9e pour des paris r\u00e9ussis.","breadcrumb":{"@id":"https:\/\/bwarabia.com\/tn\/academy\/#breadcrumb"},"inLanguage":"fr-FR","potentialAction":[{"@type":"ReadAction","target":["https:\/\/bwarabia.com\/tn\/academy\/"]}]},{"@type":"ImageObject","inLanguage":"fr-FR","@id":"https:\/\/bwarabia.com\/tn\/academy\/#primaryimage","url":"https:\/\/bwarabia.com\/tn\/wp-content\/uploads\/sites\/16\/2023\/04\/betway-arabia.jpg","contentUrl":"https:\/\/bwarabia.com\/tn\/wp-content\/uploads\/sites\/16\/2023\/04\/betway-arabia.jpg","width":825,"height":425,"caption":"Ic\u00f4ne de favori Betway Arabia"},{"@type":"BreadcrumbList","@id":"https:\/\/bwarabia.com\/tn\/academy\/#breadcrumb","itemListElement":[{"@type":"ListItem","position":1,"name":"Home","item":"https:\/\/bwarabia.com\/tn\/fr\/"},{"@type":"ListItem","position":2,"name":"Academie"}]},{"@type":"WebSite","@id":"https:\/\/bwarabia.com\/tn\/#website","url":"https:\/\/bwarabia.com\/tn\/","name":"Betway Tunisia","description":"","publisher":{"@id":"https:\/\/bwarabia.com\/tn\/#organization"},"potentialAction":[{"@type":"SearchAction","target":{"@type":"EntryPoint","urlTemplate":"https:\/\/bwarabia.com\/tn\/?s={search_term_string}"},"query-input":{"@type":"PropertyValueSpecification","valueRequired":true,"valueName":"search_term_string"}}],"inLanguage":"fr-FR"},{"@type":"Organization","@id":"https:\/\/bwarabia.com\/tn\/#organization","name":"Betway Tunisia","url":"https:\/\/bwarabia.com\/tn\/","logo":{"@type":"ImageObject","inLanguage":"fr-FR","@id":"https:\/\/bwarabia.com\/tn\/#\/schema\/logo\/image\/","url":"https:\/\/bwarabia.com\/tn\/wp-content\/uploads\/sites\/16\/2024\/01\/bw_arabia_new.png","contentUrl":"https:\/\/bwarabia.com\/tn\/wp-content\/uploads\/sites\/16\/2024\/01\/bw_arabia_new.png","width":611,"height":176,"caption":"Betway Tunisia"},"image":{"@id":"https:\/\/bwarabia.com\/tn\/#\/schema\/logo\/image\/"}}]}},"_links":{"self":[{"href":"https:\/\/bwarabia.com\/tn\/wp-json\/wp\/v2\/pages\/621","targetHints":{"allow":["GET"]}}],"collection":[{"href":"https:\/\/bwarabia.com\/tn\/wp-json\/wp\/v2\/pages"}],"about":[{"href":"https:\/\/bwarabia.com\/tn\/wp-json\/wp\/v2\/types\/page"}],"author":[{"embeddable":true,"href":"https:\/\/bwarabia.com\/tn\/wp-json\/wp\/v2\/users\/1"}],"replies":[{"embeddable":true,"href":"https:\/\/bwarabia.com\/tn\/wp-json\/wp\/v2\/comments?post=621"}],"version-history":[{"count":10,"href":"https:\/\/bwarabia.com\/tn\/wp-json\/wp\/v2\/pages\/621\/revisions"}],"predecessor-version":[{"id":8961,"href":"https:\/\/bwarabia.com\/tn\/wp-json\/wp\/v2\/pages\/621\/revisions\/8961"}],"wp:featuredmedia":[{"embeddable":true,"href":"https:\/\/bwarabia.com\/tn\/wp-json\/wp\/v2\/media\/1825"}],"wp:attachment":[{"href":"https:\/\/bwarabia.com\/tn\/wp-json\/wp\/v2\/media?parent=621"}],"curies":[{"name":"wp","href":"https:\/\/api.w.org\/{rel}","templated":true}]}}