{"id":639,"date":"2023-03-21T06:15:01","date_gmt":"2023-03-21T06:15:01","guid":{"rendered":"https:\/\/bwarabia.com\/tn\/blog"},"modified":"2025-08-18T09:45:32","modified_gmt":"2025-08-18T09:45:32","slug":"blog","status":"publish","type":"page","link":"https:\/\/bwarabia.com\/tn\/blog\/","title":{"rendered":"Blog"},"content":{"rendered":"","protected":false},"excerpt":{"rendered":"","protected":false},"author":1,"featured_media":0,"parent":0,"menu_order":0,"comment_status":"closed","ping_status":"closed","template":"blog.php","meta":{"_acf_changed":false,"_yoast_wpseo_title":"","_yoast_wpseo_metadesc":"D\u00e9couvrez les derni\u00e8res actualit\u00e9s, analyses et conseils sur les paris sportifs et les jeux de casino en ligne au Moyen-Orient %%sitename%%","footnotes":"","href_lang_slug_x_default":"","href_lang_slug_ae":"{\"ar\":{\"ae\":\"https:\/\/bwarabia.com\/ae\/ar\/blog\/\"},\"en\":{\"ae\":\"https:\/\/bwarabia.com\/ae\/blog\/\"}}","href_lang_slug_sa":"{\"ar\":{\"sa\":\"https:\/\/bwarabia.com\/sa\/ar\/blog\/\"},\"en\":{\"sa\":\"https:\/\/bwarabia.com\/sa\/blog\/\"}}","href_lang_slug_eg":"{\"ar\":{\"eg\":\"https:\/\/bwarabia.com\/eg\/ar\/blog\/\"},\"en\":{\"eg\":\"https:\/\/bwarabia.com\/eg\/blog\/\"}}","href_lang_slug_lb":"{\"ar\":{\"lb\":\"https:\/\/bwarabia.com\/lb\/ar\/blog\/\"},\"en\":{\"lb\":\"https:\/\/bwarabia.com\/lb\/blog\/\"}}","href_lang_slug_kw":"{\"ar\":{\"kw\":\"https:\/\/bwarabia.com\/kw\/ar\/blog\/\"},\"en\":{\"kw\":\"https:\/\/bwarabia.com\/kw\/blog\/\"}}","href_lang_slug_bh":"{\"ar\":{\"bh\":\"https:\/\/bwarabia.com\/bh\/ar\/blog\/\"},\"en\":{\"bh\":\"https:\/\/bwarabia.com\/bh\/blog\/\"}}","href_lang_slug_om":"{\"ar\":{\"om\":\"https:\/\/bwarabia.com\/om\/ar\/blog\/\"},\"en\":{\"om\":\"https:\/\/bwarabia.com\/om\/blog\/\"}}","href_lang_slug_jo":"{\"ar\":{\"jo\":\"https:\/\/bwarabia.com\/jo\/ar\/blog\/\"},\"en\":{\"jo\":\"https:\/\/bwarabia.com\/jo\/blog\/\"}}","href_lang_slug_qa":"{\"ar\":{\"qa\":\"https:\/\/bwarabia.com\/qa\/ar\/blog\/\"},\"en\":{\"qa\":\"https:\/\/bwarabia.com\/qa\/blog\/\"}}","href_lang_slug_tn":"{\"ar\":{\"tn\":\"https:\/\/bwarabia.com\/tn\/ar\/blog\/\"},\"fr\":{\"tn\":\"https:\/\/bwarabia.com\/tn\/fr\/blog\/\"}}","href_lang_slug_ma":"{\"ar\":{\"ma\":\"https:\/\/bwarabia.com\/ma\/ar\/blog\/\"},\"fr\":{\"ma\":\"https:\/\/bwarabia.com\/ma\/fr\/blog\/\"}}","href_lang_slug_dz":"{\"ar\":{\"dz\":\"https:\/\/bwarabia.com\/dz\/ar\/blog\/\"},\"fr\":{\"dz\":\"https:\/\/bwarabia.com\/dz\/fr\/blog\/\"}}"},"class_list":["post-639","page","type-page","status-publish","hentry"],"acf":[],"yoast_head":"<!-- This site is optimized with the Yoast SEO plugin v27.2 - https:\/\/yoast.com\/product\/yoast-seo-wordpress\/ -->\n<title>Blog - Betway Tunisia<\/title>\n<meta name=\"description\" content=\"D\u00e9couvrez les derni\u00e8res actualit\u00e9s, analyses et conseils sur les paris sportifs et les jeux de casino en ligne au Moyen-Orient %%sitename%%\" \/>\n<meta name=\"robots\" content=\"index, follow, max-snippet:-1, max-image-preview:large, max-video-preview:-1\" \/>\n<link rel=\"canonical\" href=\"https:\/\/bwarabia.com\/tn\/blog\/\" \/>\n<meta property=\"og:locale\" content=\"fr_FR\" \/>\n<meta property=\"og:type\" content=\"article\" \/>\n<meta property=\"og:title\" content=\"Blog - Betway Tunisia\" \/>\n<meta property=\"og:description\" content=\"D\u00e9couvrez les derni\u00e8res actualit\u00e9s, analyses et conseils sur les paris sportifs et les jeux de casino en ligne au Moyen-Orient %%sitename%%\" \/>\n<meta property=\"og:url\" content=\"https:\/\/bwarabia.com\/tn\/blog\/\" \/>\n<meta property=\"og:site_name\" content=\"Betway Tunisia\" \/>\n<meta property=\"article:modified_time\" content=\"2025-08-18T09:45:32+00:00\" \/>\n<meta name=\"twitter:card\" content=\"summary_large_image\" \/>\n<meta name=\"twitter:image\" content=\"https:\/\/bwarabia.com\/tn\/wp-content\/themes\/BWA_LLD_Tailwind_Theme\/assets\/img\/Open_graph_image.png\" \/>\n<script type=\"application\/ld+json\" class=\"yoast-schema-graph\">{\"@context\":\"https:\/\/schema.org\",\"@graph\":[{\"@type\":\"WebPage\",\"@id\":\"https:\/\/bwarabia.com\/tn\/blog\/\",\"url\":\"https:\/\/bwarabia.com\/tn\/blog\/\",\"name\":\"Blog - Betway Tunisia\",\"isPartOf\":{\"@id\":\"https:\/\/bwarabia.com\/tn\/#website\"},\"datePublished\":\"2023-03-21T06:15:01+00:00\",\"dateModified\":\"2025-08-18T09:45:32+00:00\",\"description\":\"D\u00e9couvrez les derni\u00e8res actualit\u00e9s, analyses et conseils sur les paris sportifs et les jeux de casino en ligne au Moyen-Orient Betway Tunisia\",\"breadcrumb\":{\"@id\":\"https:\/\/bwarabia.com\/tn\/blog\/#breadcrumb\"},\"inLanguage\":\"fr-FR\",\"potentialAction\":[{\"@type\":\"ReadAction\",\"target\":[\"https:\/\/bwarabia.com\/tn\/blog\/\"]}]},{\"@type\":\"BreadcrumbList\",\"@id\":\"https:\/\/bwarabia.com\/tn\/blog\/#breadcrumb\",\"itemListElement\":[{\"@type\":\"ListItem\",\"position\":1,\"name\":\"Home\",\"item\":\"https:\/\/bwarabia.com\/tn\/fr\/\"},{\"@type\":\"ListItem\",\"position\":2,\"name\":\"Blog\"}]},{\"@type\":\"WebSite\",\"@id\":\"https:\/\/bwarabia.com\/tn\/#website\",\"url\":\"https:\/\/bwarabia.com\/tn\/\",\"name\":\"Betway Tunisia\",\"description\":\"\",\"publisher\":{\"@id\":\"https:\/\/bwarabia.com\/tn\/#organization\"},\"potentialAction\":[{\"@type\":\"SearchAction\",\"target\":{\"@type\":\"EntryPoint\",\"urlTemplate\":\"https:\/\/bwarabia.com\/tn\/?s={search_term_string}\"},\"query-input\":{\"@type\":\"PropertyValueSpecification\",\"valueRequired\":true,\"valueName\":\"search_term_string\"}}],\"inLanguage\":\"fr-FR\"},{\"@type\":\"Organization\",\"@id\":\"https:\/\/bwarabia.com\/tn\/#organization\",\"name\":\"Betway Tunisia\",\"url\":\"https:\/\/bwarabia.com\/tn\/\",\"logo\":{\"@type\":\"ImageObject\",\"inLanguage\":\"fr-FR\",\"@id\":\"https:\/\/bwarabia.com\/tn\/#\/schema\/logo\/image\/\",\"url\":\"https:\/\/bwarabia.com\/tn\/wp-content\/uploads\/sites\/16\/2024\/01\/bw_arabia_new.png\",\"contentUrl\":\"https:\/\/bwarabia.com\/tn\/wp-content\/uploads\/sites\/16\/2024\/01\/bw_arabia_new.png\",\"width\":611,\"height\":176,\"caption\":\"Betway Tunisia\"},\"image\":{\"@id\":\"https:\/\/bwarabia.com\/tn\/#\/schema\/logo\/image\/\"}}]}<\/script>\n<!-- \/ Yoast SEO plugin. -->","yoast_head_json":{"title":"Blog - Betway Tunisia","description":"D\u00e9couvrez les derni\u00e8res actualit\u00e9s, analyses et conseils sur les paris sportifs et les jeux de casino en ligne au Moyen-Orient %%sitename%%","robots":{"index":"index","follow":"follow","max-snippet":"max-snippet:-1","max-image-preview":"max-image-preview:large","max-video-preview":"max-video-preview:-1"},"canonical":"https:\/\/bwarabia.com\/tn\/blog\/","og_locale":"fr_FR","og_type":"article","og_title":"Blog - Betway Tunisia","og_description":"D\u00e9couvrez les derni\u00e8res actualit\u00e9s, analyses et conseils sur les paris sportifs et les jeux de casino en ligne au Moyen-Orient %%sitename%%","og_url":"https:\/\/bwarabia.com\/tn\/blog\/","og_site_name":"Betway Tunisia","article_modified_time":"2025-08-18T09:45:32+00:00","twitter_card":"summary_large_image","twitter_image":"https:\/\/bwarabia.com\/tn\/wp-content\/themes\/BWA_LLD_Tailwind_Theme\/assets\/img\/Open_graph_image.png","schema":{"@context":"https:\/\/schema.org","@graph":[{"@type":"WebPage","@id":"https:\/\/bwarabia.com\/tn\/blog\/","url":"https:\/\/bwarabia.com\/tn\/blog\/","name":"Blog - Betway Tunisia","isPartOf":{"@id":"https:\/\/bwarabia.com\/tn\/#website"},"datePublished":"2023-03-21T06:15:01+00:00","dateModified":"2025-08-18T09:45:32+00:00","description":"D\u00e9couvrez les derni\u00e8res actualit\u00e9s, analyses et conseils sur les paris sportifs et les jeux de casino en ligne au Moyen-Orient Betway Tunisia","breadcrumb":{"@id":"https:\/\/bwarabia.com\/tn\/blog\/#breadcrumb"},"inLanguage":"fr-FR","potentialAction":[{"@type":"ReadAction","target":["https:\/\/bwarabia.com\/tn\/blog\/"]}]},{"@type":"BreadcrumbList","@id":"https:\/\/bwarabia.com\/tn\/blog\/#breadcrumb","itemListElement":[{"@type":"ListItem","position":1,"name":"Home","item":"https:\/\/bwarabia.com\/tn\/fr\/"},{"@type":"ListItem","position":2,"name":"Blog"}]},{"@type":"WebSite","@id":"https:\/\/bwarabia.com\/tn\/#website","url":"https:\/\/bwarabia.com\/tn\/","name":"Betway Tunisia","description":"","publisher":{"@id":"https:\/\/bwarabia.com\/tn\/#organization"},"potentialAction":[{"@type":"SearchAction","target":{"@type":"EntryPoint","urlTemplate":"https:\/\/bwarabia.com\/tn\/?s={search_term_string}"},"query-input":{"@type":"PropertyValueSpecification","valueRequired":true,"valueName":"search_term_string"}}],"inLanguage":"fr-FR"},{"@type":"Organization","@id":"https:\/\/bwarabia.com\/tn\/#organization","name":"Betway Tunisia","url":"https:\/\/bwarabia.com\/tn\/","logo":{"@type":"ImageObject","inLanguage":"fr-FR","@id":"https:\/\/bwarabia.com\/tn\/#\/schema\/logo\/image\/","url":"https:\/\/bwarabia.com\/tn\/wp-content\/uploads\/sites\/16\/2024\/01\/bw_arabia_new.png","contentUrl":"https:\/\/bwarabia.com\/tn\/wp-content\/uploads\/sites\/16\/2024\/01\/bw_arabia_new.png","width":611,"height":176,"caption":"Betway Tunisia"},"image":{"@id":"https:\/\/bwarabia.com\/tn\/#\/schema\/logo\/image\/"}}]}},"_links":{"self":[{"href":"https:\/\/bwarabia.com\/tn\/wp-json\/wp\/v2\/pages\/639","targetHints":{"allow":["GET"]}}],"collection":[{"href":"https:\/\/bwarabia.com\/tn\/wp-json\/wp\/v2\/pages"}],"about":[{"href":"https:\/\/bwarabia.com\/tn\/wp-json\/wp\/v2\/types\/page"}],"author":[{"embeddable":true,"href":"https:\/\/bwarabia.com\/tn\/wp-json\/wp\/v2\/users\/1"}],"replies":[{"embeddable":true,"href":"https:\/\/bwarabia.com\/tn\/wp-json\/wp\/v2\/comments?post=639"}],"version-history":[{"count":3,"href":"https:\/\/bwarabia.com\/tn\/wp-json\/wp\/v2\/pages\/639\/revisions"}],"predecessor-version":[{"id":8811,"href":"https:\/\/bwarabia.com\/tn\/wp-json\/wp\/v2\/pages\/639\/revisions\/8811"}],"wp:attachment":[{"href":"https:\/\/bwarabia.com\/tn\/wp-json\/wp\/v2\/media?parent=639"}],"curies":[{"name":"wp","href":"https:\/\/api.w.org\/{rel}","templated":true}]}}