{"id":646,"date":"2023-03-21T06:15:03","date_gmt":"2023-03-21T06:15:03","guid":{"rendered":"https:\/\/bwarabia.com\/tn\/casino"},"modified":"2025-08-27T12:26:17","modified_gmt":"2025-08-27T12:26:17","slug":"casino-enligne","status":"publish","type":"page","link":"https:\/\/bwarabia.com\/tn\/casino-enligne\/","title":{"rendered":"Casino"},"content":{"rendered":"","protected":false},"excerpt":{"rendered":"","protected":false},"author":1,"featured_media":1689,"parent":0,"menu_order":0,"comment_status":"closed","ping_status":"closed","template":"page-casino.php","meta":{"_acf_changed":false,"_yoast_wpseo_title":"Meilleure exp\u00e9rience de casino en ligne %%sep%% %%sitename%%","_yoast_wpseo_metadesc":"Vous voulez gagner sur le meilleur site de casino ? D\u00e9couvrez Betway Arabia. Jouez et gagnez gros d\u00e8s aujourd'hui !","footnotes":"","href_lang_slug_x_default":"","href_lang_slug_ae":"{\"ar\": {\"ae\": \"https:\/\/bwarabia.com\/ae\/ar\/casino\/\"}}","href_lang_slug_sa":"{\"ar\": {\"sa\": \"https:\/\/bwarabia.com\/sa\/ar\/%d8%a7%d9%84%d9%83%d8%a7%d8%b2%d9%8a%d9%86%d9%88%d9%87%d8%a7%d8%aa-%d8%b9%d9%84%d9%89-%d8%a7%d9%84%d8%a5%d9%86%d8%aa%d8%b1%d9%86%d8%aa\/\"}}","href_lang_slug_eg":"{\"ar\": {\"eg\": \"https:\/\/bwarabia.com\/eg\/ar\/%d9%83%d8%a7%d8%b2%d9%8a%d9%86%d9%88-%d8%b9%d9%84%d9%89-%d8%a7%d9%84%d8%a5%d9%86%d8%aa%d8%b1%d9%86%d8%aa\/\"}}","href_lang_slug_lb":"{\"ar\": {\"lb\": \"https:\/\/bwarabia.com\/lb\/ar\/online-casino\/\"}}","href_lang_slug_kw":"{\"ar\": {\"kw\": \"https:\/\/bwarabia.com\/kw\/ar\/%d9%83%d8%a7%d8%b2%d9%8a%d9%86%d9%88-%d8%b9%d9%84%d9%89-%d8%a7%d9%84%d8%a7%d9%86%d8%aa%d8%b1%d9%86%d8%aa\/\"}}","href_lang_slug_bh":"{\"ar\": {\"bh\": \"https:\/\/bwarabia.com\/bh\/ar\/casino\/\"}}","href_lang_slug_om":"{\"ar\": {\"om\": \"https:\/\/bwarabia.com\/om\/ar\/casino\/\"}}","href_lang_slug_jo":"{\"ar\": {\"jo\": \"https:\/\/bwarabia.com\/jo\/ar\/online-casino\/\"}}","href_lang_slug_qa":"{\"ar\": {\"qa\": \"https:\/\/bwarabia.com\/qa\/ar\/casino\/\"}}","href_lang_slug_tn":"{\"ar\": {\"tn\": \"https:\/\/bwarabia.com\/tn\/ar\/casino\/\"}, \"fr\": {\"tn\": \"https:\/\/bwarabia.com\/tn\/fr\/casino-enligne\/\"}}","href_lang_slug_ma":"{\"ar\": {\"ma\": \"https:\/\/bwarabia.com\/ma\/ar\/casino\/\"}, \"fr\": {\"ma\": \"https:\/\/bwarabia.com\/ma\/fr\/casino-enligne\/\"}}","href_lang_slug_dz":"{\"ar\": {\"dz\": \"https:\/\/bwarabia.com\/dz\/ar\/casino\/\"}, \"fr\": {\"dz\": \"https:\/\/bwarabia.com\/dz\/fr\/casino-enligne\/\"}}"},"class_list":["post-646","page","type-page","status-publish","has-post-thumbnail","hentry"],"acf":[],"yoast_head":"<!-- This site is optimized with the Yoast SEO plugin v27.2 - https:\/\/yoast.com\/product\/yoast-seo-wordpress\/ -->\n<title>Meilleure exp\u00e9rience de casino en ligne - Betway Tunisia<\/title>\n<meta name=\"description\" content=\"Vous voulez gagner sur le meilleur site de casino ? D\u00e9couvrez Betway Arabia. Jouez et gagnez gros d\u00e8s aujourd&#039;hui !\" \/>\n<meta name=\"robots\" content=\"index, follow, max-snippet:-1, max-image-preview:large, max-video-preview:-1\" \/>\n<link rel=\"canonical\" href=\"https:\/\/bwarabia.com\/tn\/fr\/casino-enligne\/\" \/>\n<meta property=\"og:locale\" content=\"fr_FR\" \/>\n<meta property=\"og:type\" content=\"article\" \/>\n<meta property=\"og:title\" content=\"Meilleure exp\u00e9rience de casino en ligne - Betway Tunisia\" \/>\n<meta property=\"og:description\" content=\"Vous voulez gagner sur le meilleur site de casino ? D\u00e9couvrez Betway Arabia. Jouez et gagnez gros d\u00e8s aujourd&#039;hui !\" \/>\n<meta property=\"og:url\" content=\"https:\/\/bwarabia.com\/tn\/fr\/casino-enligne\/\" \/>\n<meta property=\"og:site_name\" content=\"Betway Tunisia\" \/>\n<meta property=\"article:modified_time\" content=\"2025-08-27T12:26:17+00:00\" \/>\n<meta property=\"og:image\" content=\"https:\/\/bwarabia.com\/tn\/wp-content\/themes\/BWA_LLD_Tailwind_Theme\/assets\/img\/Open_graph_image.png\" \/>\n\t<meta property=\"og:image:width\" content=\"1980\" \/>\n\t<meta property=\"og:image:height\" content=\"2110\" \/>\n\t<meta property=\"og:image:type\" content=\"image\/jpeg\" \/>\n<meta name=\"twitter:card\" content=\"summary_large_image\" \/>\n<meta name=\"twitter:image\" content=\"https:\/\/bwarabia.com\/tn\/wp-content\/themes\/BWA_LLD_Tailwind_Theme\/assets\/img\/Open_graph_image.png\" \/>\n<meta name=\"twitter:label1\" content=\"Dur\u00e9e de lecture estim\u00e9e\" \/>\n\t<meta name=\"twitter:data1\" content=\"1 minute\" \/>\n<script type=\"application\/ld+json\" class=\"yoast-schema-graph\">{\"@context\":\"https:\/\/schema.org\",\"@graph\":[{\"@type\":\"WebPage\",\"@id\":\"https:\/\/bwarabia.com\/tn\/casino-enligne\/\",\"url\":\"https:\/\/bwarabia.com\/tn\/fr\/casino-enligne\/\",\"name\":\"Meilleure exp\u00e9rience de casino en ligne - Betway Tunisia\",\"isPartOf\":{\"@id\":\"https:\/\/bwarabia.com\/tn\/#website\"},\"primaryImageOfPage\":{\"@id\":\"https:\/\/bwarabia.com\/tn\/fr\/casino-enligne\/#primaryimage\"},\"image\":{\"@id\":\"https:\/\/bwarabia.com\/tn\/fr\/casino-enligne\/#primaryimage\"},\"thumbnailUrl\":\"https:\/\/bwarabia.com\/tn\/wp-content\/uploads\/sites\/16\/2023\/04\/Betway_Arabia_Site_Casino_Banner_3_FR.jpg\",\"datePublished\":\"2023-03-21T06:15:03+00:00\",\"dateModified\":\"2025-08-27T12:26:17+00:00\",\"description\":\"Vous voulez gagner sur le meilleur site de casino ? D\u00e9couvrez Betway Arabia. Jouez et gagnez gros d\u00e8s aujourd'hui !\",\"breadcrumb\":{\"@id\":\"https:\/\/bwarabia.com\/tn\/fr\/casino-enligne\/#breadcrumb\"},\"inLanguage\":\"fr-FR\",\"potentialAction\":[{\"@type\":\"ReadAction\",\"target\":[\"https:\/\/bwarabia.com\/tn\/fr\/casino-enligne\/\"]}]},{\"@type\":\"ImageObject\",\"inLanguage\":\"fr-FR\",\"@id\":\"https:\/\/bwarabia.com\/tn\/fr\/casino-enligne\/#primaryimage\",\"url\":\"https:\/\/bwarabia.com\/tn\/wp-content\/uploads\/sites\/16\/2023\/04\/Betway_Arabia_Site_Casino_Banner_3_FR.jpg\",\"contentUrl\":\"https:\/\/bwarabia.com\/tn\/wp-content\/uploads\/sites\/16\/2023\/04\/Betway_Arabia_Site_Casino_Banner_3_FR.jpg\",\"width\":1980,\"height\":2110,\"caption\":\"Deux roues color\u00e9es, \\\"Super Roue des Prix\\\" et \\\"Roue des Prix\\\", se d\u00e9tachent sur un fond gris clair, offrant une \u00e9motion quotidienne. D\u00e9couvrez le frisson avec Betway Arabia alors que le texte fran\u00e7ais vous invite\u00a0: \\\"Vous obtenez un spin gratuit tous les jours.\"},{\"@type\":\"BreadcrumbList\",\"@id\":\"https:\/\/bwarabia.com\/tn\/fr\/casino-enligne\/#breadcrumb\",\"itemListElement\":[{\"@type\":\"ListItem\",\"position\":1,\"name\":\"Home\",\"item\":\"https:\/\/bwarabia.com\/tn\/fr\/\"},{\"@type\":\"ListItem\",\"position\":2,\"name\":\"Casino\"}]},{\"@type\":\"WebSite\",\"@id\":\"https:\/\/bwarabia.com\/tn\/#website\",\"url\":\"https:\/\/bwarabia.com\/tn\/\",\"name\":\"Betway Tunisia\",\"description\":\"\",\"publisher\":{\"@id\":\"https:\/\/bwarabia.com\/tn\/#organization\"},\"potentialAction\":[{\"@type\":\"SearchAction\",\"target\":{\"@type\":\"EntryPoint\",\"urlTemplate\":\"https:\/\/bwarabia.com\/tn\/?s={search_term_string}\"},\"query-input\":{\"@type\":\"PropertyValueSpecification\",\"valueRequired\":true,\"valueName\":\"search_term_string\"}}],\"inLanguage\":\"fr-FR\"},{\"@type\":\"Organization\",\"@id\":\"https:\/\/bwarabia.com\/tn\/#organization\",\"name\":\"Betway Tunisia\",\"url\":\"https:\/\/bwarabia.com\/tn\/\",\"logo\":{\"@type\":\"ImageObject\",\"inLanguage\":\"fr-FR\",\"@id\":\"https:\/\/bwarabia.com\/tn\/#\/schema\/logo\/image\/\",\"url\":\"https:\/\/bwarabia.com\/tn\/wp-content\/uploads\/sites\/16\/2024\/01\/bw_arabia_new.png\",\"contentUrl\":\"https:\/\/bwarabia.com\/tn\/wp-content\/uploads\/sites\/16\/2024\/01\/bw_arabia_new.png\",\"width\":611,\"height\":176,\"caption\":\"Betway Tunisia\"},\"image\":{\"@id\":\"https:\/\/bwarabia.com\/tn\/#\/schema\/logo\/image\/\"}}]}<\/script>\n<!-- \/ Yoast SEO plugin. -->","yoast_head_json":{"title":"Meilleure exp\u00e9rience de casino en ligne - Betway Tunisia","description":"Vous voulez gagner sur le meilleur site de casino ? D\u00e9couvrez Betway Arabia. Jouez et gagnez gros d\u00e8s aujourd'hui !","robots":{"index":"index","follow":"follow","max-snippet":"max-snippet:-1","max-image-preview":"max-image-preview:large","max-video-preview":"max-video-preview:-1"},"canonical":"https:\/\/bwarabia.com\/tn\/fr\/casino-enligne\/","og_locale":"fr_FR","og_type":"article","og_title":"Meilleure exp\u00e9rience de casino en ligne - Betway Tunisia","og_description":"Vous voulez gagner sur le meilleur site de casino ? D\u00e9couvrez Betway Arabia. Jouez et gagnez gros d\u00e8s aujourd'hui !","og_url":"https:\/\/bwarabia.com\/tn\/fr\/casino-enligne\/","og_site_name":"Betway Tunisia","article_modified_time":"2025-08-27T12:26:17+00:00","og_image":[{"width":1980,"height":2110,"url":"https:\/\/bwarabia.com\/tn\/wp-content\/themes\/BWA_LLD_Tailwind_Theme\/assets\/img\/Open_graph_image.png","type":"image\/jpeg"}],"twitter_card":"summary_large_image","twitter_image":"https:\/\/bwarabia.com\/tn\/wp-content\/themes\/BWA_LLD_Tailwind_Theme\/assets\/img\/Open_graph_image.png","twitter_misc":{"Dur\u00e9e de lecture estim\u00e9e":"1 minute"},"schema":{"@context":"https:\/\/schema.org","@graph":[{"@type":"WebPage","@id":"https:\/\/bwarabia.com\/tn\/casino-enligne\/","url":"https:\/\/bwarabia.com\/tn\/fr\/casino-enligne\/","name":"Meilleure exp\u00e9rience de casino en ligne - Betway Tunisia","isPartOf":{"@id":"https:\/\/bwarabia.com\/tn\/#website"},"primaryImageOfPage":{"@id":"https:\/\/bwarabia.com\/tn\/fr\/casino-enligne\/#primaryimage"},"image":{"@id":"https:\/\/bwarabia.com\/tn\/fr\/casino-enligne\/#primaryimage"},"thumbnailUrl":"https:\/\/bwarabia.com\/tn\/wp-content\/uploads\/sites\/16\/2023\/04\/Betway_Arabia_Site_Casino_Banner_3_FR.jpg","datePublished":"2023-03-21T06:15:03+00:00","dateModified":"2025-08-27T12:26:17+00:00","description":"Vous voulez gagner sur le meilleur site de casino ? D\u00e9couvrez Betway Arabia. Jouez et gagnez gros d\u00e8s aujourd'hui !","breadcrumb":{"@id":"https:\/\/bwarabia.com\/tn\/fr\/casino-enligne\/#breadcrumb"},"inLanguage":"fr-FR","potentialAction":[{"@type":"ReadAction","target":["https:\/\/bwarabia.com\/tn\/fr\/casino-enligne\/"]}]},{"@type":"ImageObject","inLanguage":"fr-FR","@id":"https:\/\/bwarabia.com\/tn\/fr\/casino-enligne\/#primaryimage","url":"https:\/\/bwarabia.com\/tn\/wp-content\/uploads\/sites\/16\/2023\/04\/Betway_Arabia_Site_Casino_Banner_3_FR.jpg","contentUrl":"https:\/\/bwarabia.com\/tn\/wp-content\/uploads\/sites\/16\/2023\/04\/Betway_Arabia_Site_Casino_Banner_3_FR.jpg","width":1980,"height":2110,"caption":"Deux roues color\u00e9es, \"Super Roue des Prix\" et \"Roue des Prix\", se d\u00e9tachent sur un fond gris clair, offrant une \u00e9motion quotidienne. D\u00e9couvrez le frisson avec Betway Arabia alors que le texte fran\u00e7ais vous invite\u00a0: \"Vous obtenez un spin gratuit tous les jours."},{"@type":"BreadcrumbList","@id":"https:\/\/bwarabia.com\/tn\/fr\/casino-enligne\/#breadcrumb","itemListElement":[{"@type":"ListItem","position":1,"name":"Home","item":"https:\/\/bwarabia.com\/tn\/fr\/"},{"@type":"ListItem","position":2,"name":"Casino"}]},{"@type":"WebSite","@id":"https:\/\/bwarabia.com\/tn\/#website","url":"https:\/\/bwarabia.com\/tn\/","name":"Betway Tunisia","description":"","publisher":{"@id":"https:\/\/bwarabia.com\/tn\/#organization"},"potentialAction":[{"@type":"SearchAction","target":{"@type":"EntryPoint","urlTemplate":"https:\/\/bwarabia.com\/tn\/?s={search_term_string}"},"query-input":{"@type":"PropertyValueSpecification","valueRequired":true,"valueName":"search_term_string"}}],"inLanguage":"fr-FR"},{"@type":"Organization","@id":"https:\/\/bwarabia.com\/tn\/#organization","name":"Betway Tunisia","url":"https:\/\/bwarabia.com\/tn\/","logo":{"@type":"ImageObject","inLanguage":"fr-FR","@id":"https:\/\/bwarabia.com\/tn\/#\/schema\/logo\/image\/","url":"https:\/\/bwarabia.com\/tn\/wp-content\/uploads\/sites\/16\/2024\/01\/bw_arabia_new.png","contentUrl":"https:\/\/bwarabia.com\/tn\/wp-content\/uploads\/sites\/16\/2024\/01\/bw_arabia_new.png","width":611,"height":176,"caption":"Betway Tunisia"},"image":{"@id":"https:\/\/bwarabia.com\/tn\/#\/schema\/logo\/image\/"}}]}},"_links":{"self":[{"href":"https:\/\/bwarabia.com\/tn\/wp-json\/wp\/v2\/pages\/646","targetHints":{"allow":["GET"]}}],"collection":[{"href":"https:\/\/bwarabia.com\/tn\/wp-json\/wp\/v2\/pages"}],"about":[{"href":"https:\/\/bwarabia.com\/tn\/wp-json\/wp\/v2\/types\/page"}],"author":[{"embeddable":true,"href":"https:\/\/bwarabia.com\/tn\/wp-json\/wp\/v2\/users\/1"}],"replies":[{"embeddable":true,"href":"https:\/\/bwarabia.com\/tn\/wp-json\/wp\/v2\/comments?post=646"}],"version-history":[{"count":12,"href":"https:\/\/bwarabia.com\/tn\/wp-json\/wp\/v2\/pages\/646\/revisions"}],"predecessor-version":[{"id":7575,"href":"https:\/\/bwarabia.com\/tn\/wp-json\/wp\/v2\/pages\/646\/revisions\/7575"}],"wp:featuredmedia":[{"embeddable":true,"href":"https:\/\/bwarabia.com\/tn\/wp-json\/wp\/v2\/media\/1689"}],"wp:attachment":[{"href":"https:\/\/bwarabia.com\/tn\/wp-json\/wp\/v2\/media?parent=646"}],"curies":[{"name":"wp","href":"https:\/\/api.w.org\/{rel}","templated":true}]}}